{"id":10,"date":"2010-06-20T08:43:01","date_gmt":"2010-06-20T08:43:01","guid":{"rendered":"http:\/\/tehnopan.com\/w\/"},"modified":"2015-11-30T11:20:28","modified_gmt":"2015-11-30T09:20:28","slug":"polozaj","status":"publish","type":"page","link":"https:\/\/www.tehnopan.com\/w\/o-tehnopanu\/polozaj\/","title":{"rendered":"Kako do\u0107i u Tehnopan?"},"content":{"rendered":"<h3><strong>TEHNOPAN d.o.o. Prekvr\u0161je, Prigorska 30 10362 Ka\u0161ina.<\/strong><\/h3>\n<h4>Nalazimo se 7,5 km udaljeni od Sesveta na cesti prema <strong>Mariji Bistrici<\/strong>, cca 1,5 km lijevo prije <strong>Ka\u0161ine.<\/strong><\/h4>\n<p>Pristup od \u010dvora Zagreb-istok mogu\u0107 preko izlaza Popovec na Vara\u017edinskoj autocesti, pored groblja Markovo polje, a iz pravca Zagreba, od Sesveta:<\/p>\n<ol>\n<li style=\"text-align: left;\">Prilikom silaska sa autoceste na izlazu Popovec, odmah nakon 200 m skrenuti lijevo prema <strong>Popovcu<\/strong>.<\/li>\n<li style=\"text-align: left;\"><span style=\"line-height: 1.5;\">Voziti ravno cca 400 metara (prva dva skretanja su jednosmjerna ulica) i skrenuti u <strong>Vugrove\u010dku<\/strong> ulicu desno, koja vodi prema <strong>Markovom polju<\/strong>.<\/span><\/li>\n<li style=\"text-align: left;\"><span style=\"line-height: 1.5;\"> Nakon Markovog polja, skrenite <strong>desno<\/strong> i vozite prema <strong>Ka\u0161ini<\/strong> 1,5 km, <\/span><\/li>\n<li style=\"text-align: left;\"><span style=\"line-height: 1.5;\"><strong>Drugo V<\/strong> raskri\u017eje skrenite lijevo u <strong>Prekvr\u0161je<\/strong>, kako pokazuje tabla. \u00a0<\/span><\/li>\n<li style=\"text-align: left;\"><span style=\"line-height: 1.5;\">\u010cekamo Vas 700m dalje, sa <strong>desne<\/strong> strane.<\/span><\/li>\n<\/ol>\n<p style=\"text-align: left;\"><strong>Radno vrijeme od 07:30-16:00h<\/strong>. Subotom po dogovoru.<\/p>\n<p><iframe loading=\"lazy\" src=\"https:\/\/www.google.com\/maps\/embed?pb=!1m18!1m12!1m3!1d2776.935545330119!2d16.111955615866616!3d45.89260217910841!2m3!1f0!2f0!3f0!3m2!1i1024!2i768!4f13.1!3m3!1m2!1s0x4766766a82139ad7%3A0x834c224f90069532!2sTEHNOPAN+d.o.o.!5e0!3m2!1sen!2shr!4v1448875206290\" width=\"600\" height=\"450\" frameborder=\"0\" style=\"border:0\" allowfullscreen><\/iframe><\/p>\n<p><img loading=\"lazy\" decoding=\"async\" class=\" wp-image-2368 alignleft\" src=\"http:\/\/tehnopan.com\/w\/wp-content\/uploads\/2010\/06\/karta-tehnopan.jpg\" alt=\"karta tehnopan\" width=\"799\" height=\"858\" \/><\/p>\n<p><a href=\"http:\/\/tehnopan.com\/w\/wp-content\/uploads\/2010\/07\/tehnopan_karta2.jpg\"><br \/>\n<\/a><a href=\"http:\/\/tehnopan.com\/w\/wp-content\/uploads\/2010\/07\/tehnopan_karta3.jpg\"><br \/>\n<\/a><a href=\"http:\/\/tehnopan.com\/w\/wp-content\/uploads\/2010\/07\/tehnopan_karta_1.jpg\"><img loading=\"lazy\" decoding=\"async\" class=\" wp-image-104 size-full alignleft\" title=\"tehnopan_karta_1\" src=\"http:\/\/tehnopan.com\/w\/wp-content\/uploads\/2010\/07\/tehnopan_karta_1.jpg\" alt=\"\" width=\"800\" height=\"565\" srcset=\"https:\/\/tehnopan.com\/w\/wp-content\/uploads\/2010\/07\/tehnopan_karta_1.jpg 800w, https:\/\/tehnopan.com\/w\/wp-content\/uploads\/2010\/07\/tehnopan_karta_1-300x211.jpg 300w\" sizes=\"(max-width: 800px) 100vw, 800px\" \/><\/a><\/p>\n<p>&nbsp;<\/p>\n<p>&nbsp;<\/p>\n<p>&nbsp;<\/p>\n<p>&nbsp;<\/p>\n<p>&nbsp;<\/p>\n<p><small><a style=\"color: #0000ff; text-align: left;\" title=\"Kako do\u0107i u tehnopan\" href=\"http:\/\/maps.google.com\/maps?f=q&amp;source=embed&amp;hl=en&amp;geocode=&amp;q=TEHNOPAN+d.o.o.,+Prigorska+ulica+30,+Prekvr%C5%A1je,+Hrvatska&amp;sll=37.0625,-95.677068&amp;sspn=37.273371,73.476563&amp;ie=UTF8&amp;hq=tehnopan+doo&amp;hnear=Prigorska+ulica+30,+Zagreb,+Croatia&amp;ll=45.892776,16.113916&amp;spn=0.006295,0.006295\" target=\"_blank\">View Larger Map<\/a>\u00a0(pogledajte na karti)<\/small><br \/>\n<span style=\"font-size: small;\"><span style=\"line-height: 16px;\"><br \/>\n<\/span><\/span><\/p>\n","protected":false},"excerpt":{"rendered":"<p>TEHNOPAN d.o.o. Prekvr\u0161je, Prigorska 30 10362 Ka\u0161ina. Nalazimo se 7,5 km udaljeni od Sesveta na cesti prema Mariji Bistrici, cca 1,5 km lijevo prije Ka\u0161ine. Pristup od \u010dvora Zagreb-istok mogu\u0107 preko izlaza Popovec na Vara\u017edinskoj autocesti, pored groblja Markovo polje, a iz pravca Zagreba, od Sesveta: Prilikom silaska sa autoceste na izlazu Popovec, odmah nakon&#8230;<\/p>\n","protected":false},"author":7,"featured_media":0,"parent":2,"menu_order":3,"comment_status":"closed","ping_status":"closed","template":"","meta":{"_monsterinsights_skip_tracking":false,"_monsterinsights_sitenote_active":false,"_monsterinsights_sitenote_note":"","_monsterinsights_sitenote_category":0,"footnotes":""},"tags":[75],"class_list":["post-10","page","type-page","status-publish","hentry","tag-tehnopan"],"aioseo_notices":[],"_links":{"self":[{"href":"https:\/\/www.tehnopan.com\/w\/wp-json\/wp\/v2\/pages\/10"}],"collection":[{"href":"https:\/\/www.tehnopan.com\/w\/wp-json\/wp\/v2\/pages"}],"about":[{"href":"https:\/\/www.tehnopan.com\/w\/wp-json\/wp\/v2\/types\/page"}],"author":[{"embeddable":true,"href":"https:\/\/www.tehnopan.com\/w\/wp-json\/wp\/v2\/users\/7"}],"replies":[{"embeddable":true,"href":"https:\/\/www.tehnopan.com\/w\/wp-json\/wp\/v2\/comments?post=10"}],"version-history":[{"count":6,"href":"https:\/\/www.tehnopan.com\/w\/wp-json\/wp\/v2\/pages\/10\/revisions"}],"predecessor-version":[{"id":2492,"href":"https:\/\/www.tehnopan.com\/w\/wp-json\/wp\/v2\/pages\/10\/revisions\/2492"}],"up":[{"embeddable":true,"href":"https:\/\/www.tehnopan.com\/w\/wp-json\/wp\/v2\/pages\/2"}],"wp:attachment":[{"href":"https:\/\/www.tehnopan.com\/w\/wp-json\/wp\/v2\/media?parent=10"}],"wp:term":[{"taxonomy":"post_tag","embeddable":true,"href":"https:\/\/www.tehnopan.com\/w\/wp-json\/wp\/v2\/tags?post=10"}],"curies":[{"name":"wp","href":"https:\/\/api.w.org\/{rel}","templated":true}]}}