{"id":1014,"date":"2010-09-17T09:14:54","date_gmt":"2010-09-17T07:14:54","guid":{"rendered":"http:\/\/www.tehnopan.com\/w\/"},"modified":"2013-12-12T11:49:46","modified_gmt":"2013-12-12T09:49:46","slug":"pervibrator-za-beton","status":"publish","type":"page","link":"https:\/\/www.tehnopan.com\/w\/niskogradnja\/pervibrator-za-beton\/","title":{"rendered":"Pervibratori za beton"},"content":{"rendered":"<p><strong>Pervibratori<\/strong> 2 KS 220V i 380V sa crijevima duljine 4m sa iglama promjera 45, 50,60 mm<\/p>\n<p style=\"text-align: justify;\">Isti pogon za pervibratore, mo\u017ee se koristiti za pumpe za vodu za ispumpavanje oborinskih voda u gra\u0111evinarstvu ili za navodnjavanje u poljoprivredi, te za ispumpavanje septi\u010dke jame. Jedan pogon za 2 radna stroja.<\/p>\n<p style=\"text-align: justify;\">NOVO! \u00a0Pervibrator\u00a00,7 kW monofazni sa crijevom od 1,5 i 2 m, igla promjera 28 mm cijena samo 1430 kn!! \u00a0Idealno za svaku gradnju!!!<\/p>\n<p style=\"text-align: justify;\"><a href=\"http:\/\/tehnopan.com\/w\/wp-content\/uploads\/2010\/09\/pervibrator-sivi1.jpg\"><img loading=\"lazy\" decoding=\"async\" class=\"aligncenter size-full wp-image-1037\" title=\"pervibrator-sivi\" alt=\"\" src=\"http:\/\/tehnopan.com\/w\/wp-content\/uploads\/2010\/09\/pervibrator-sivi1.jpg\" width=\"500\" height=\"169\" srcset=\"https:\/\/tehnopan.com\/w\/wp-content\/uploads\/2010\/09\/pervibrator-sivi1.jpg 500w, https:\/\/tehnopan.com\/w\/wp-content\/uploads\/2010\/09\/pervibrator-sivi1-300x101.jpg 300w\" sizes=\"(max-width: 500px) 100vw, 500px\" \/><\/a><a href=\"http:\/\/tehnopan.com\/w\/wp-content\/uploads\/2010\/09\/pervibrator-mali1.jpg\"><img loading=\"lazy\" decoding=\"async\" class=\"aligncenter size-full wp-image-1038\" title=\"pervibrator-mali\" alt=\"Pervibrator za beton\" src=\"http:\/\/tehnopan.com\/w\/wp-content\/uploads\/2010\/09\/pervibrator-mali1.jpg\" width=\"600\" height=\"381\" srcset=\"https:\/\/tehnopan.com\/w\/wp-content\/uploads\/2010\/09\/pervibrator-mali1.jpg 600w, https:\/\/tehnopan.com\/w\/wp-content\/uploads\/2010\/09\/pervibrator-mali1-300x190.jpg 300w\" sizes=\"(max-width: 600px) 100vw, 600px\" \/><\/a><\/p>\n","protected":false},"excerpt":{"rendered":"<p>Pervibratori 2 KS 220V i 380V sa crijevima duljine 4m sa iglama promjera 45, 50,60 mm Isti pogon za pervibratore, mo\u017ee se koristiti za pumpe za vodu za ispumpavanje oborinskih voda u gra\u0111evinarstvu ili za navodnjavanje u poljoprivredi, te za ispumpavanje septi\u010dke jame. Jedan pogon za 2 radna stroja. NOVO! \u00a0Pervibrator\u00a00,7 kW monofazni sa crijevom&#8230;<\/p>\n","protected":false},"author":7,"featured_media":1038,"parent":787,"menu_order":0,"comment_status":"closed","ping_status":"open","template":"","meta":{"_monsterinsights_skip_tracking":false,"_monsterinsights_sitenote_active":false,"_monsterinsights_sitenote_note":"","_monsterinsights_sitenote_category":0,"footnotes":""},"tags":[66,21],"class_list":["post-1014","page","type-page","status-publish","has-post-thumbnail","hentry","tag-pervibratori","tag-strojevi-2"],"aioseo_notices":[],"_links":{"self":[{"href":"https:\/\/www.tehnopan.com\/w\/wp-json\/wp\/v2\/pages\/1014"}],"collection":[{"href":"https:\/\/www.tehnopan.com\/w\/wp-json\/wp\/v2\/pages"}],"about":[{"href":"https:\/\/www.tehnopan.com\/w\/wp-json\/wp\/v2\/types\/page"}],"author":[{"embeddable":true,"href":"https:\/\/www.tehnopan.com\/w\/wp-json\/wp\/v2\/users\/7"}],"replies":[{"embeddable":true,"href":"https:\/\/www.tehnopan.com\/w\/wp-json\/wp\/v2\/comments?post=1014"}],"version-history":[{"count":0,"href":"https:\/\/www.tehnopan.com\/w\/wp-json\/wp\/v2\/pages\/1014\/revisions"}],"up":[{"embeddable":true,"href":"https:\/\/www.tehnopan.com\/w\/wp-json\/wp\/v2\/pages\/787"}],"wp:featuredmedia":[{"embeddable":true,"href":"https:\/\/www.tehnopan.com\/w\/wp-json\/wp\/v2\/media\/1038"}],"wp:attachment":[{"href":"https:\/\/www.tehnopan.com\/w\/wp-json\/wp\/v2\/media?parent=1014"}],"wp:term":[{"taxonomy":"post_tag","embeddable":true,"href":"https:\/\/www.tehnopan.com\/w\/wp-json\/wp\/v2\/tags?post=1014"}],"curies":[{"name":"wp","href":"https:\/\/api.w.org\/{rel}","templated":true}]}}