{"id":1215,"date":"2011-03-31T09:47:46","date_gmt":"2011-03-31T07:47:46","guid":{"rendered":"http:\/\/www.tehnopan.com\/w\/?page_id=1215"},"modified":"2012-12-11T20:44:16","modified_gmt":"2012-12-11T18:44:16","slug":"ukratko-o-tehnopan-u","status":"publish","type":"page","link":"https:\/\/www.tehnopan.com\/w\/o-tehnopanu\/ukratko-o-tehnopan-u\/","title":{"rendered":"Ukratko o Tehnopan-u"},"content":{"rendered":"<h4><strong> Tehnopan<\/strong> d.o.o., je privatna tvrtka, utemeljena 1990. g. sa svrhom izrade tehnolo\u0161kih projekata, te snabdijevanja opremom, rezervnim dijelovima i potro\u0161nim dobrima; mlinova, su\u0161ara, silosa, tvornica sto\u010dne hrane, postrojenja za zbrinjavanje otpada, \u00a0te drugih srodnih procesnih industrija, engineering i &#8220;know-how&#8221; uslugama.<\/h4>\n<div>\n<div>\n<p>Postavljaju\u0107i tehnologije, uvijek se vodilo ra\u010duna o o\u010duvanju kvalitete sirovina tijekom procesa, kako bi i krajnji proizvod bio \u0161to bolji. Posebna pozornost data je smanjenju gubitaka u proizvodnji, te tehnolo\u0161koj fleksibilnosti gotovih proizvoda, brinu\u0107i se pri tome da korisnik dobije svoju maksimalnu vrijednost; dobiveno\/ulo\u017eeno.<\/p>\n<p>Nudimo kvalitetna rje\u0161enja u procesima koji se primjenjuju u postrojenjima proizvodnje sto\u010dne hrane, silosima za bra\u0161no i mlinovima, prehrambenoj i konditorskoj industriji, postrojenjima za preradu plastike,industriji gra\u0111evinskih materijala, te zbrinjavanja otpada, kao i u svim srodnim industrijama, gdje se koristi se koriste postupci; drobljenje, usitnjavanje, mljevenje, razvrstavanje, sijanje, sortiranje, transport zrnatih, granuliranih i pra\u0161kastih medija, skladi\u0161tenje u \u0107elije i silose, izuzimanje iz \u0107elija i silosa, pakiranje, uvre\u0107avnje, otpra\u0161ivanje, te nadzor tehnolo\u0161kih procesa.<\/p>\n<p>Veseli nas da smo u proteklom razdoblju od 1990 g. rada kao privatna engineering tvrtka, a prije toga i 24-godi\u0161njeg iskustva osniva\u010da, izgradili vi\u0161e dobro osmi\u0161ljenih postrojenja, na zadovoljstvo korisnika. Tijekom godina do\u0161li smo do gotovo 2100 kupaca, koji nam se ponovo vra\u0107aju.<\/p>\n<p>Zadovoljan korisnik usluge, na\u0161 je najve\u0107i uspijeh.<\/p>\n<\/div>\n<\/div>\n<div>Tehnologija, idejna rje\u0161enja, savjeti, izrada, monta\u017ea, servis, odr\u017eavanje s primjenom u slijede\u0107im postupcima;<\/div>\n<div id=\"_mcePaste\">\n<ul>\n<li>Usitnjavanje, mljevenje, sijanje, razvrstavanje, sortiranje, lju\u0161tenje, transport sipkih i pra\u0161kastih medija, mje\u0161anje, skladi\u0161tenje, istjecanje, izuzimanje, vaganje i doziranje, pakiranje, uvre\u0107avanje, zatvaranje vre\u0107a, pre\u0161anje &#8211; cije\u0111enje ulja.<\/li>\n<li><a href=\"http:\/\/www.tehnopan.com\/w\/uredjaji\/puzni-transporteri\/\">Pu\u017eni transporteri<\/a>,\u00a0<a href=\"http:\/\/www.tehnopan.com\/w\/dijelovi\/elevatori\/\">elevatori<\/a>, vibro transporteri,\u00a0<a href=\"http:\/\/www.tehnopan.com\/w\/uredjaji\/magneti\/\">magneti<\/a>, magnetni odvaja\u010di, rotacioni dozatori, sita, mlinovi, schrederi, \u010deki\u010dari, lju\u0161tilice, mje\u0161alice, \u0161ivalice za vre\u0107e, varilice za vre\u0107ice i vre\u0107e, pre\u0161e za ulje, peletirke za pra\u0161kaste medije, te novo; briketirke za ugljenu pra\u0161inu.<\/li>\n<li><a href=\"http:\/\/www.tehnopan.com\/w\/uredjaji\/digitalne-vage\/\">Digitalne vage<\/a>; stolne, podne, ovjesne &#8211; kranske, za palete, sto\u010dne, d\u017eepne. Mjerne doze, blok doze, sabirnice, pokazni ure\u0111aji &#8211; terminali. Poluautomatske vage za otvorene vre\u0107e, punilice za zrnate i pra\u0161kaste medije.<\/li>\n<li><a href=\"http:\/\/www.tehnopan.com\/w\/uredjaji\/pogonski-agregati\/\">Elektromotori<\/a>, motorreduktori, reduktori, benzinski motori 6,5 i 13 KS, diesel motori 12KS, vibro motori 60 W &#8211; 3 kW, pneumatski (zra\u010dni) vibro motori, pumpe za vodu &#8211; benzinske, elektromotorne.<\/li>\n<li>Niskogradnja; Vibro stolovi, vibro plo\u010de, vibro \u017eabe, pile za beton, benzinski razbija\u010d betona, pervibratori, helikopteri- ravna\u010di povr\u0161ina, vibro letve, zra\u010dni vibratori za kliznu oplatu i miksere 24 V .<\/li>\n<li><a href=\"http:\/\/www.tehnopan.com\/w\/strojevi\/komposteri\/\">Komposteri<\/a> &#8211; sjeckalice za grane i\u00a0bio masu, motorne i elektro sjeckalice za grane, \u00a0motorna svrdla za zemlju &#8211; bu\u0161enje rupa u zemlji, kao traktorski priklju\u010dci; svrdla, mal\u010deri 105 i 120 cm sa spremnikom, sjeckalice za mal\u010d i &#8220;produ\u017eeni&#8221; mal\u010d.<\/li>\n<li>Novi i rabljeni strojevi za procesnu industriju; mlinovi na valjke, \u010deki\u010dari, disk i prstasti mlinovi, valjne stolice, laboratorijski mlinovi, kontrolna laboratorijska sita, okrugla &#8220;O&#8221; sita, rotaciona sita, planska sita, laboratorijska sita. Lju\u0161tilice za je\u010dam, ger\u0161lu, \u017eito, soju, kikiriki. Aspirateri &#8211; pre\u010dista\u010di na motorni i vibro pogon, \u010distilica griza.<\/li>\n<li>Pomo\u0107ni ure\u0111aji; ventilatori, srednje i visokotla\u010dni, filteri; napojni, upojni sa komprimiranim otresanjem, filteri na patrone, te otresanjem vibratorima.<\/li>\n<\/ul>\n<\/div>\n<p>OIB: 68616571277\u00a0RBA 2484008-1101598177\u00a0SWIFT: RZBHHR2X\u00a0IBAN: HR7224840081101598177<\/p>\n<p><strong>Radno vrijeme od 08-16.<\/strong> Subotom po dogovoru.<\/p>\n<p>Tel:01\/2044 866 \u00a0 \u00a0 \u00a0 \u00a0 \u00a0 \u00a0 \u00a0 \u00a0 \u00a0 \u00a0 \u00a0 \u00a0 \u00a0 \u00a0 \u00a0 \u00a0 \u00a0Faks:01\/2044 955<\/p>\n","protected":false},"excerpt":{"rendered":"<p>Tehnopan d.o.o., je privatna tvrtka, utemeljena 1990. g. sa svrhom izrade tehnolo\u0161kih projekata, te snabdijevanja opremom, rezervnim dijelovima i potro\u0161nim dobrima; mlinova, su\u0161ara, silosa, tvornica sto\u010dne hrane, postrojenja za zbrinjavanje otpada, \u00a0te drugih srodnih procesnih industrija, engineering i &#8220;know-how&#8221; uslugama. Postavljaju\u0107i tehnologije, uvijek se vodilo ra\u010duna o o\u010duvanju kvalitete sirovina tijekom procesa, kako bi i&#8230;<\/p>\n","protected":false},"author":7,"featured_media":0,"parent":2,"menu_order":1,"comment_status":"closed","ping_status":"closed","template":"","meta":{"_monsterinsights_skip_tracking":false,"_monsterinsights_sitenote_active":false,"_monsterinsights_sitenote_note":"","_monsterinsights_sitenote_category":0,"footnotes":""},"tags":[],"class_list":["post-1215","page","type-page","status-publish","hentry"],"aioseo_notices":[],"_links":{"self":[{"href":"https:\/\/www.tehnopan.com\/w\/wp-json\/wp\/v2\/pages\/1215"}],"collection":[{"href":"https:\/\/www.tehnopan.com\/w\/wp-json\/wp\/v2\/pages"}],"about":[{"href":"https:\/\/www.tehnopan.com\/w\/wp-json\/wp\/v2\/types\/page"}],"author":[{"embeddable":true,"href":"https:\/\/www.tehnopan.com\/w\/wp-json\/wp\/v2\/users\/7"}],"replies":[{"embeddable":true,"href":"https:\/\/www.tehnopan.com\/w\/wp-json\/wp\/v2\/comments?post=1215"}],"version-history":[{"count":0,"href":"https:\/\/www.tehnopan.com\/w\/wp-json\/wp\/v2\/pages\/1215\/revisions"}],"up":[{"embeddable":true,"href":"https:\/\/www.tehnopan.com\/w\/wp-json\/wp\/v2\/pages\/2"}],"wp:attachment":[{"href":"https:\/\/www.tehnopan.com\/w\/wp-json\/wp\/v2\/media?parent=1215"}],"wp:term":[{"taxonomy":"post_tag","embeddable":true,"href":"https:\/\/www.tehnopan.com\/w\/wp-json\/wp\/v2\/tags?post=1215"}],"curies":[{"name":"wp","href":"https:\/\/api.w.org\/{rel}","templated":true}]}}