{"id":125,"date":"2010-07-14T10:14:42","date_gmt":"2010-07-14T08:14:42","guid":{"rendered":"http:\/\/www.tehnopan.com\/w\/"},"modified":"2023-05-25T10:10:04","modified_gmt":"2023-05-25T08:10:04","slug":"rucna-motorna-svrdla","status":"publish","type":"page","link":"https:\/\/www.tehnopan.com\/w\/uredjaji\/rucna-motorna-svrdla\/","title":{"rendered":"Svrdla za zemlju, motorna"},"content":{"rendered":"<h3><strong>Svrdlo za zemlju<\/strong> (bu\u0161enje rupa u zemlji)- motorno. Lako kori\u0161tenje, jednostavno rukovanje za jednu i dvije osobe. Svrdlo za zemlju predvi\u0111eno je za bu\u0161enje rupa u vo\u010darstvu, graditeljstvu, za bu\u0161enje rupa za ograde i sl.<\/h3>\n<p>U ponudi postoje svrdla \u00a0\u00f8100, \u00f8150, \u00f8200, \u00f8 250 i \u00f8 300mm. Tako\u0111er nudimo i ja\u010di model sa 196 ccm za dvoje ljudi (promjersi svrdla 400 i 500mm).\u00a0Standardna duljina 800mm, a promjera 100, 150 i 200mm imamo 1000 mm duljine.<\/p>\n<p>Kod velikih promjera svrdala mora se postupno i pa\u017eljivo bu\u0161iti jer je stroj snagom limitiran. Kao i kod sli\u010dnih strojeva potreban je oprez i pa\u017eljivo rukovanje radi vlastite sigurnosti.<\/p>\n<p>&nbsp;<\/p>\n<table style=\"height: 120px;\" width=\"632\">\n<tbody>\n<tr>\n<td style=\"width: 622px;\">\n<h1><strong>Model 52 CCM<\/strong>:<\/h1>\n<ul>\n<li><strong>Svrdlo za zemlju motorno<\/strong><\/li>\n<li>Pogonski agregat &#8211; benzinski dvotaktni motor na mje\u0161avinu 1:25<\/li>\n<li>Zra\u010dno hla\u0111enje<\/li>\n<li>Zapremina motora 52 CCM<\/li>\n<li><strong>Motor snage 2,5 KS<\/strong> pri 7000 rpm<\/li>\n<li>Kapacitet spremnika goriva 1.2L<\/li>\n<li>Te\u017eina bez svrdla 9.3 kg<\/li>\n<li>Dimenizije pakiranja 46x41x30 cm<\/li>\n<li>Svrdla dimenzija od 100 do 300mm<\/li>\n<li><b>Trenutno nedostupno<\/b><\/li>\n<\/ul>\n<\/td>\n<\/tr>\n<tr>\n<td style=\"width: 622px;\"><img loading=\"lazy\" decoding=\"async\" class=\"size-full wp-image-2667\" src=\"http:\/\/tehnopan.com\/w\/wp-content\/uploads\/2019\/02\/svrdlo-pogon1.jpg\" alt=\"Svrdlo pogon\" width=\"391\" height=\"600\" srcset=\"https:\/\/tehnopan.com\/w\/wp-content\/uploads\/2019\/02\/svrdlo-pogon1.jpg 391w, https:\/\/tehnopan.com\/w\/wp-content\/uploads\/2019\/02\/svrdlo-pogon1-196x300.jpg 196w\" sizes=\"(max-width: 391px) 100vw, 391px\" \/><\/p>\n<h1><strong>Model 71 CCM<\/strong>:<\/h1>\n<ul>\n<li><strong>Svrdlo za zemlju motorno<\/strong><\/li>\n<li>Pogonski agregat &#8211; benzinski dvotaktni<br \/>\nmotor na mje\u0161avinu 1:25<\/li>\n<li>Zra\u010dno hla\u0111enje<\/li>\n<li>Zapremina motora 71 CCM<\/li>\n<li><strong>Motor snage 2,5 KS<\/strong> pri 7000 rpm<\/li>\n<li>Te\u017eina bez svrdla 10,7 kg<\/li>\n<li>Dimenizije pakiranja 46x41x30 cm<\/li>\n<li>Svrdla dimenzija od 100 do 300mm<\/li>\n<li>Cijena 246,67 Eur \u00a0PDV<\/li>\n<\/ul>\n<\/td>\n<\/tr>\n<tr>\n<td style=\"width: 622px;\"><img loading=\"lazy\" decoding=\"async\" class=\"size-full wp-image-2674\" src=\"http:\/\/tehnopan.com\/w\/wp-content\/uploads\/2019\/02\/motorno-svrdlo-62.jpg\" alt=\"Motorno svrdlo 62 ccm\" width=\"375\" height=\"600\" srcset=\"https:\/\/tehnopan.com\/w\/wp-content\/uploads\/2019\/02\/motorno-svrdlo-62.jpg 375w, https:\/\/tehnopan.com\/w\/wp-content\/uploads\/2019\/02\/motorno-svrdlo-62-188x300.jpg 188w\" sizes=\"(max-width: 375px) 100vw, 375px\" \/><\/p>\n<h1 style=\"text-align: left;\"><strong>Model 196 CCM<\/strong>:<\/h1>\n<ul>\n<li><strong>Svrdlo za zemlju motorno za dvoje ljudi<\/strong><\/li>\n<li>Pogonski agregat &#8211; benzinski dvotaktni<br \/>\nmotor na mje\u0161avinu 1:25<\/li>\n<li>Zra\u010dno hla\u0111enje<\/li>\n<li>Zapremina motora 196 CCM<\/li>\n<li>Motor snage 6 KS pri 3600 rpm<\/li>\n<li>Kapacitet spremnika goriva 1.3L<\/li>\n<li>Dimenizije pakiranja 58x43x51,5 cm<\/li>\n<li>Svrdla dimenzija od 400 do 500mm<\/li>\n<li><strong>Cijena<\/strong> bez svrdla &#8211; 1020* Eur + PDV<\/li>\n<\/ul>\n<\/td>\n<\/tr>\n<tr>\n<td style=\"width: 622px;\"><img loading=\"lazy\" decoding=\"async\" class=\"size-full wp-image-2675\" src=\"http:\/\/tehnopan.com\/w\/wp-content\/uploads\/2019\/02\/velikosvrdlo.jpg\" alt=\"Svrdlo pogon 196 ccm\" width=\"646\" height=\"600\" srcset=\"https:\/\/tehnopan.com\/w\/wp-content\/uploads\/2019\/02\/velikosvrdlo.jpg 646w, https:\/\/tehnopan.com\/w\/wp-content\/uploads\/2019\/02\/velikosvrdlo-300x279.jpg 300w, https:\/\/tehnopan.com\/w\/wp-content\/uploads\/2019\/02\/velikosvrdlo-600x557.jpg 600w\" sizes=\"(max-width: 646px) 100vw, 646px\" \/><\/p>\n<h1><\/h1>\n<h1>Cijene svrdala za zemlju:<\/h1>\n<ul>\n<li>Svrdlo \u00f8 100 x 800 &#8211; 72,30 Eur + PDV<\/li>\n<li>Svrdlo \u00f8 120 x 800 &#8211; 80,96 Eur + PDV<\/li>\n<li>Svrdlo \u00f8 120 x 1000 &#8211; 89,59 \u00a0Eur + PDV<\/li>\n<li>Svrdlo \u00f8 150 x 800 &#8211; 95,69 Eur + PDV<\/li>\n<li>Svrdlo \u00f8 200 x 800 &#8211; 111,75 Eur + PDV<\/li>\n<li>Svrdlo \u00f8 200 x 1000 &#8211; 164,48 Eur + PDV<\/li>\n<li>Svrdlo \u00f8 250 x 800 &#8211; 224,60 Eur + PDV<\/li>\n<li>Svrdlo \u00f8 300 x 800 &#8211; 250,99 Eur + PDV<\/li>\n<li>Svrdlo \u00f8 300 x 1000 &#8211; 274,22 Eur + PDV<\/li>\n<li>* Svrdlo za zemlju fi 400&#215;800 dvostruka zavojnica &#8211; 311,90 Eur + PDV<\/li>\n<li>* Svrdlo za zemlju fi 400&#215;1000 dvostruka zavojnica &#8211; 362,33 Eur + PDV<\/li>\n<li>* Svrdlo za zemlju fi 500&#215;800 plo\u010da, 2 izmjenjiva no\u017ea &#8211; 423,20 Eur + PDV<\/li>\n<\/ul>\n<\/td>\n<\/tr>\n<\/tbody>\n<\/table>\n<p>&nbsp;<\/p>\n<p>Ukoliko \u017eelite ponudu po\u0161aljite nam <a href=\"http:\/\/www.tehnopan.com\/w\/kontakt\/\">upit<\/a> i odgovoti \u0107emo u najkra\u0107em roku.<\/p>\n<p>&nbsp;<\/p>\n<p>&nbsp;<\/p>\n","protected":false},"excerpt":{"rendered":"<p>Svrdlo za zemlju (bu\u0161enje rupa u zemlji)- motorno. Lako kori\u0161tenje, jednostavno rukovanje za jednu i dvije osobe. Svrdlo za zemlju predvi\u0111eno je za bu\u0161enje rupa u vo\u010darstvu, graditeljstvu, za bu\u0161enje rupa za ograde i sl. U ponudi postoje svrdla \u00a0\u00f8100, \u00f8150, \u00f8200, \u00f8 250 i \u00f8 300mm. Tako\u0111er nudimo i ja\u010di model sa 196 ccm&#8230;<\/p>\n","protected":false},"author":7,"featured_media":2665,"parent":61,"menu_order":0,"comment_status":"closed","ping_status":"closed","template":"","meta":{"_monsterinsights_skip_tracking":false,"_monsterinsights_sitenote_active":false,"_monsterinsights_sitenote_note":"","_monsterinsights_sitenote_category":0,"footnotes":""},"tags":[14,22],"class_list":["post-125","page","type-page","status-publish","has-post-thumbnail","hentry","tag-novosti-2","tag-svrdla-za-zemlju"],"aioseo_notices":[],"_links":{"self":[{"href":"https:\/\/www.tehnopan.com\/w\/wp-json\/wp\/v2\/pages\/125"}],"collection":[{"href":"https:\/\/www.tehnopan.com\/w\/wp-json\/wp\/v2\/pages"}],"about":[{"href":"https:\/\/www.tehnopan.com\/w\/wp-json\/wp\/v2\/types\/page"}],"author":[{"embeddable":true,"href":"https:\/\/www.tehnopan.com\/w\/wp-json\/wp\/v2\/users\/7"}],"replies":[{"embeddable":true,"href":"https:\/\/www.tehnopan.com\/w\/wp-json\/wp\/v2\/comments?post=125"}],"version-history":[{"count":35,"href":"https:\/\/www.tehnopan.com\/w\/wp-json\/wp\/v2\/pages\/125\/revisions"}],"predecessor-version":[{"id":2802,"href":"https:\/\/www.tehnopan.com\/w\/wp-json\/wp\/v2\/pages\/125\/revisions\/2802"}],"up":[{"embeddable":true,"href":"https:\/\/www.tehnopan.com\/w\/wp-json\/wp\/v2\/pages\/61"}],"wp:featuredmedia":[{"embeddable":true,"href":"https:\/\/www.tehnopan.com\/w\/wp-json\/wp\/v2\/media\/2665"}],"wp:attachment":[{"href":"https:\/\/www.tehnopan.com\/w\/wp-json\/wp\/v2\/media?parent=125"}],"wp:term":[{"taxonomy":"post_tag","embeddable":true,"href":"https:\/\/www.tehnopan.com\/w\/wp-json\/wp\/v2\/tags?post=125"}],"curies":[{"name":"wp","href":"https:\/\/api.w.org\/{rel}","templated":true}]}}