{"id":1295,"date":"2012-02-20T14:43:57","date_gmt":"2012-02-20T12:43:57","guid":{"rendered":"http:\/\/www.tehnopan.com\/w\/?page_id=1295"},"modified":"2020-12-12T23:27:05","modified_gmt":"2020-12-12T21:27:05","slug":"konverzija_jedinica","status":"publish","type":"page","link":"https:\/\/www.tehnopan.com\/w\/korisno\/konverzija_jedinica\/","title":{"rendered":"Konverzija jedinica USA-EU"},"content":{"rendered":"<div style=\"overflow: hidden; width:300px; height:600px; position:relative; margin:auto;\">\n<a href=\"https:\/\/ethereumads.com\" target=\"_new\" rel=\"noopener noreferrer\">Earn cryptocurrency with banner ads<\/a><br \/>\n<a href=\"https:\/\/ethereumads.com\/link?address=0x1658AE1aF30ad651F6e9B5C9175AB71106735032&#038;slot=0&#038;width=300&#038;height=600\"><img decoding=\"async\" alt=\"Earn cryptocurrency with EthereumAds\" src=\"https:\/\/ethereumads.com\/media?address=0x1658AE1aF30ad651F6e9B5C9175AB71106735032&#038;slot=0&#038;width=300&#038;height=600\" style=\"position:absolute; top:0;left:0;margin:0\"><\/a>\n<\/div>\n<p>U ovom PDF-u se nalaze <a href=\"http:\/\/tehnopan.com\/w\/wp-content\/uploads\/2012\/02\/Konverzija-jedinica-US-EU.pdf\">konverzije jedinica<\/a> za teku\u0107ine, te\u017eine i pritisak, te formula za izra\u010dun geometrijskih tijela\u00a0USA-EU i obrnuto.<\/p>\n","protected":false},"excerpt":{"rendered":"<p>Earn cryptocurrency with banner ads U ovom PDF-u se nalaze konverzije jedinica za teku\u0107ine, te\u017eine i pritisak, te formula za izra\u010dun geometrijskih tijela\u00a0USA-EU i obrnuto.<\/p>\n","protected":false},"author":7,"featured_media":0,"parent":204,"menu_order":0,"comment_status":"closed","ping_status":"closed","template":"","meta":{"_monsterinsights_skip_tracking":false,"_monsterinsights_sitenote_active":false,"_monsterinsights_sitenote_note":"","_monsterinsights_sitenote_category":0,"footnotes":""},"tags":[],"class_list":["post-1295","page","type-page","status-publish","hentry"],"aioseo_notices":[],"_links":{"self":[{"href":"https:\/\/www.tehnopan.com\/w\/wp-json\/wp\/v2\/pages\/1295"}],"collection":[{"href":"https:\/\/www.tehnopan.com\/w\/wp-json\/wp\/v2\/pages"}],"about":[{"href":"https:\/\/www.tehnopan.com\/w\/wp-json\/wp\/v2\/types\/page"}],"author":[{"embeddable":true,"href":"https:\/\/www.tehnopan.com\/w\/wp-json\/wp\/v2\/users\/7"}],"replies":[{"embeddable":true,"href":"https:\/\/www.tehnopan.com\/w\/wp-json\/wp\/v2\/comments?post=1295"}],"version-history":[{"count":1,"href":"https:\/\/www.tehnopan.com\/w\/wp-json\/wp\/v2\/pages\/1295\/revisions"}],"predecessor-version":[{"id":2795,"href":"https:\/\/www.tehnopan.com\/w\/wp-json\/wp\/v2\/pages\/1295\/revisions\/2795"}],"up":[{"embeddable":true,"href":"https:\/\/www.tehnopan.com\/w\/wp-json\/wp\/v2\/pages\/204"}],"wp:attachment":[{"href":"https:\/\/www.tehnopan.com\/w\/wp-json\/wp\/v2\/media?parent=1295"}],"wp:term":[{"taxonomy":"post_tag","embeddable":true,"href":"https:\/\/www.tehnopan.com\/w\/wp-json\/wp\/v2\/tags?post=1295"}],"curies":[{"name":"wp","href":"https:\/\/api.w.org\/{rel}","templated":true}]}}