{"id":1301,"date":"2012-02-21T14:53:05","date_gmt":"2012-02-21T12:53:05","guid":{"rendered":"http:\/\/www.tehnopan.com\/w\/?page_id=1301"},"modified":"2015-01-28T14:29:34","modified_gmt":"2015-01-28T12:29:34","slug":"segment-spirale","status":"publish","type":"page","link":"https:\/\/www.tehnopan.com\/w\/transport-medija\/segment-spirale\/","title":{"rendered":"Segment spirale"},"content":{"rendered":"<p><strong>Segmenti spirale<\/strong> &#8211; segmenti zavojnice &#8211; spirale &#8211; \u0161neke, u segmentima, za transporte u ciglanama, cementarama, preradi drvene mase, preradi sekundarnih sirovina i sl. Promjer do 700 mm, debljine do 25 mm u konstrukcijskom \u010deliku.<\/p>\n<p>Mogu\u0107e i u HARDOX-u, ne\u0161to manjeg promjera i debljine do 10 mm. Izrada u kratkom roku, prema zahtijevima kupca; lijevi i desni smjer, korak do polovine promjera, centalna rupa za osovine standardnih promjera.<\/p>\n\n\t\t<style type=\"text\/css\">\n\t\t\t#gallery-1 {\n\t\t\t\tmargin: auto;\n\t\t\t}\n\t\t\t#gallery-1 .gallery-item {\n\t\t\t\tfloat: left;\n\t\t\t\tmargin-top: 10px;\n\t\t\t\ttext-align: center;\n\t\t\t\twidth: 50%;\n\t\t\t}\n\t\t\t#gallery-1 img {\n\t\t\t\tborder: 2px solid #cfcfcf;\n\t\t\t}\n\t\t\t#gallery-1 .gallery-caption {\n\t\t\t\tmargin-left: 0;\n\t\t\t}\n\t\t\t\/* see gallery_shortcode() in wp-includes\/media.php *\/\n\t\t<\/style>\n\t\t<div id='gallery-1' class='gallery galleryid-1301 gallery-columns-2 gallery-size-thumbnail'><dl class='gallery-item'>\n\t\t\t<dt class='gallery-icon landscape'>\n\t\t\t\t<a href='https:\/\/tehnopan.com\/w\/wp-content\/uploads\/2012\/02\/segment-puznice.jpeg'><img loading=\"lazy\" decoding=\"async\" width=\"150\" height=\"150\" src=\"https:\/\/tehnopan.com\/w\/wp-content\/uploads\/2012\/02\/segment-puznice-150x150.jpeg\" class=\"attachment-thumbnail size-thumbnail\" alt=\"\" srcset=\"https:\/\/tehnopan.com\/w\/wp-content\/uploads\/2012\/02\/segment-puznice-150x150.jpeg 150w, https:\/\/tehnopan.com\/w\/wp-content\/uploads\/2012\/02\/segment-puznice-76x76.jpeg 76w, https:\/\/tehnopan.com\/w\/wp-content\/uploads\/2012\/02\/segment-puznice-184x184.jpeg 184w\" sizes=\"(max-width: 150px) 100vw, 150px\" \/><\/a>\n\t\t\t<\/dt><\/dl><dl class='gallery-item'>\n\t\t\t<dt class='gallery-icon landscape'>\n\t\t\t\t<a href='https:\/\/tehnopan.com\/w\/wp-content\/uploads\/2012\/02\/segment-sneke.jpeg'><img loading=\"lazy\" decoding=\"async\" width=\"150\" height=\"150\" src=\"https:\/\/tehnopan.com\/w\/wp-content\/uploads\/2012\/02\/segment-sneke-150x150.jpeg\" class=\"attachment-thumbnail size-thumbnail\" alt=\"\" srcset=\"https:\/\/tehnopan.com\/w\/wp-content\/uploads\/2012\/02\/segment-sneke-150x150.jpeg 150w, https:\/\/tehnopan.com\/w\/wp-content\/uploads\/2012\/02\/segment-sneke-76x76.jpeg 76w, https:\/\/tehnopan.com\/w\/wp-content\/uploads\/2012\/02\/segment-sneke-184x184.jpeg 184w\" sizes=\"(max-width: 150px) 100vw, 150px\" \/><\/a>\n\t\t\t<\/dt><\/dl><br style=\"clear: both\" \/><dl class='gallery-item'>\n\t\t\t<dt class='gallery-icon landscape'>\n\t\t\t\t<a href='https:\/\/tehnopan.com\/w\/wp-content\/uploads\/2012\/02\/segment-spirale.jpeg'><img loading=\"lazy\" decoding=\"async\" width=\"150\" height=\"150\" src=\"https:\/\/tehnopan.com\/w\/wp-content\/uploads\/2012\/02\/segment-spirale-150x150.jpeg\" class=\"attachment-thumbnail size-thumbnail\" alt=\"\" \/><\/a>\n\t\t\t<\/dt><\/dl><dl class='gallery-item'>\n\t\t\t<dt class='gallery-icon landscape'>\n\t\t\t\t<a href='https:\/\/tehnopan.com\/w\/wp-content\/uploads\/2012\/02\/segment.jpeg'><img loading=\"lazy\" decoding=\"async\" width=\"150\" height=\"150\" src=\"https:\/\/tehnopan.com\/w\/wp-content\/uploads\/2012\/02\/segment-150x150.jpeg\" class=\"attachment-thumbnail size-thumbnail\" alt=\"\" srcset=\"https:\/\/tehnopan.com\/w\/wp-content\/uploads\/2012\/02\/segment-150x150.jpeg 150w, https:\/\/tehnopan.com\/w\/wp-content\/uploads\/2012\/02\/segment-76x76.jpeg 76w, https:\/\/tehnopan.com\/w\/wp-content\/uploads\/2012\/02\/segment-184x184.jpeg 184w\" sizes=\"(max-width: 150px) 100vw, 150px\" \/><\/a>\n\t\t\t<\/dt><\/dl><br style=\"clear: both\" \/>\n\t\t<\/div>\n\n","protected":false},"excerpt":{"rendered":"<p>Segmenti spirale &#8211; segmenti zavojnice &#8211; spirale &#8211; \u0161neke, u segmentima, za transporte u ciglanama, cementarama, preradi drvene mase, preradi sekundarnih sirovina i sl. Promjer do 700 mm, debljine do 25 mm u konstrukcijskom \u010deliku. Mogu\u0107e i u HARDOX-u, ne\u0161to manjeg promjera i debljine do 10 mm. Izrada u kratkom roku, prema zahtijevima kupca; lijevi&#8230;<\/p>\n","protected":false},"author":7,"featured_media":1304,"parent":710,"menu_order":0,"comment_status":"closed","ping_status":"closed","template":"","meta":{"_monsterinsights_skip_tracking":false,"_monsterinsights_sitenote_active":false,"_monsterinsights_sitenote_note":"","_monsterinsights_sitenote_category":0,"footnotes":""},"tags":[56,19,55],"class_list":["post-1301","page","type-page","status-publish","has-post-thumbnail","hentry","tag-segmenti","tag-spirale","tag-transport"],"aioseo_notices":[],"_links":{"self":[{"href":"https:\/\/www.tehnopan.com\/w\/wp-json\/wp\/v2\/pages\/1301"}],"collection":[{"href":"https:\/\/www.tehnopan.com\/w\/wp-json\/wp\/v2\/pages"}],"about":[{"href":"https:\/\/www.tehnopan.com\/w\/wp-json\/wp\/v2\/types\/page"}],"author":[{"embeddable":true,"href":"https:\/\/www.tehnopan.com\/w\/wp-json\/wp\/v2\/users\/7"}],"replies":[{"embeddable":true,"href":"https:\/\/www.tehnopan.com\/w\/wp-json\/wp\/v2\/comments?post=1301"}],"version-history":[{"count":1,"href":"https:\/\/www.tehnopan.com\/w\/wp-json\/wp\/v2\/pages\/1301\/revisions"}],"predecessor-version":[{"id":2329,"href":"https:\/\/www.tehnopan.com\/w\/wp-json\/wp\/v2\/pages\/1301\/revisions\/2329"}],"up":[{"embeddable":true,"href":"https:\/\/www.tehnopan.com\/w\/wp-json\/wp\/v2\/pages\/710"}],"wp:featuredmedia":[{"embeddable":true,"href":"https:\/\/www.tehnopan.com\/w\/wp-json\/wp\/v2\/media\/1304"}],"wp:attachment":[{"href":"https:\/\/www.tehnopan.com\/w\/wp-json\/wp\/v2\/media?parent=1301"}],"wp:term":[{"taxonomy":"post_tag","embeddable":true,"href":"https:\/\/www.tehnopan.com\/w\/wp-json\/wp\/v2\/tags?post=1301"}],"curies":[{"name":"wp","href":"https:\/\/api.w.org\/{rel}","templated":true}]}}