{"id":1308,"date":"2012-02-22T10:24:07","date_gmt":"2012-02-22T08:24:07","guid":{"rendered":"http:\/\/www.tehnopan.com\/w\/?page_id=1308"},"modified":"2012-02-22T10:25:08","modified_gmt":"2012-02-22T08:25:08","slug":"izracun-istjecanja-tekucina-iz-spremnika","status":"publish","type":"page","link":"https:\/\/www.tehnopan.com\/w\/korisno\/izracun-istjecanja-tekucina-iz-spremnika\/","title":{"rendered":"Izra\u010dun istjecanja teku\u0107ina iz spremnika"},"content":{"rendered":"<p>U ovom PDF-u se nalaze formule za<a href=\"http:\/\/tehnopan.com\/w\/wp-content\/uploads\/2012\/02\/Izra\u010dun-istjecanje-iz-spremnika.pdf\"> izra\u010dun vremena istjecanja teku\u0107ina<\/a> iz spremnika razli\u010ditih oblika.<\/p>\n","protected":false},"excerpt":{"rendered":"<p>U ovom PDF-u se nalaze formule za izra\u010dun vremena istjecanja teku\u0107ina iz spremnika razli\u010ditih oblika.<\/p>\n","protected":false},"author":7,"featured_media":0,"parent":204,"menu_order":0,"comment_status":"closed","ping_status":"closed","template":"","meta":{"_monsterinsights_skip_tracking":false,"_monsterinsights_sitenote_active":false,"_monsterinsights_sitenote_note":"","_monsterinsights_sitenote_category":0,"footnotes":""},"tags":[],"class_list":["post-1308","page","type-page","status-publish","hentry"],"aioseo_notices":[],"_links":{"self":[{"href":"https:\/\/www.tehnopan.com\/w\/wp-json\/wp\/v2\/pages\/1308"}],"collection":[{"href":"https:\/\/www.tehnopan.com\/w\/wp-json\/wp\/v2\/pages"}],"about":[{"href":"https:\/\/www.tehnopan.com\/w\/wp-json\/wp\/v2\/types\/page"}],"author":[{"embeddable":true,"href":"https:\/\/www.tehnopan.com\/w\/wp-json\/wp\/v2\/users\/7"}],"replies":[{"embeddable":true,"href":"https:\/\/www.tehnopan.com\/w\/wp-json\/wp\/v2\/comments?post=1308"}],"version-history":[{"count":0,"href":"https:\/\/www.tehnopan.com\/w\/wp-json\/wp\/v2\/pages\/1308\/revisions"}],"up":[{"embeddable":true,"href":"https:\/\/www.tehnopan.com\/w\/wp-json\/wp\/v2\/pages\/204"}],"wp:attachment":[{"href":"https:\/\/www.tehnopan.com\/w\/wp-json\/wp\/v2\/media?parent=1308"}],"wp:term":[{"taxonomy":"post_tag","embeddable":true,"href":"https:\/\/www.tehnopan.com\/w\/wp-json\/wp\/v2\/tags?post=1308"}],"curies":[{"name":"wp","href":"https:\/\/api.w.org\/{rel}","templated":true}]}}