{"id":1316,"date":"2012-02-22T10:28:51","date_gmt":"2012-02-22T08:28:51","guid":{"rendered":"http:\/\/www.tehnopan.com\/w\/?page_id=1316"},"modified":"2013-12-11T14:04:40","modified_gmt":"2013-12-11T12:04:40","slug":"usporedne-oznake-nehrdajucih-celika","status":"publish","type":"page","link":"https:\/\/www.tehnopan.com\/w\/korisno\/usporedne-oznake-nehrdajucih-celika\/","title":{"rendered":"Usporedne oznake nehr\u0111aju\u0107ih \u010delika"},"content":{"rendered":"<p>U ovom PDF-u se mogu usporediti <a href=\"http:\/\/tehnopan.com\/w\/wp-content\/uploads\/2012\/02\/usporedne-oznake-nehrdjajucih-\u010delika.pdf\">oznake nehr\u0111aju\u0107ih \u010delika &#8211; INOX-a <\/a>prema raznim standardima<\/p>\n","protected":false},"excerpt":{"rendered":"<p>U ovom PDF-u se mogu usporediti oznake nehr\u0111aju\u0107ih \u010delika &#8211; INOX-a prema raznim standardima<\/p>\n","protected":false},"author":7,"featured_media":0,"parent":204,"menu_order":0,"comment_status":"closed","ping_status":"closed","template":"","meta":{"_monsterinsights_skip_tracking":false,"_monsterinsights_sitenote_active":false,"_monsterinsights_sitenote_note":"","_monsterinsights_sitenote_category":0,"footnotes":""},"tags":[45],"class_list":["post-1316","page","type-page","status-publish","hentry","tag-korisno"],"aioseo_notices":[],"_links":{"self":[{"href":"https:\/\/www.tehnopan.com\/w\/wp-json\/wp\/v2\/pages\/1316"}],"collection":[{"href":"https:\/\/www.tehnopan.com\/w\/wp-json\/wp\/v2\/pages"}],"about":[{"href":"https:\/\/www.tehnopan.com\/w\/wp-json\/wp\/v2\/types\/page"}],"author":[{"embeddable":true,"href":"https:\/\/www.tehnopan.com\/w\/wp-json\/wp\/v2\/users\/7"}],"replies":[{"embeddable":true,"href":"https:\/\/www.tehnopan.com\/w\/wp-json\/wp\/v2\/comments?post=1316"}],"version-history":[{"count":0,"href":"https:\/\/www.tehnopan.com\/w\/wp-json\/wp\/v2\/pages\/1316\/revisions"}],"up":[{"embeddable":true,"href":"https:\/\/www.tehnopan.com\/w\/wp-json\/wp\/v2\/pages\/204"}],"wp:attachment":[{"href":"https:\/\/www.tehnopan.com\/w\/wp-json\/wp\/v2\/media?parent=1316"}],"wp:term":[{"taxonomy":"post_tag","embeddable":true,"href":"https:\/\/www.tehnopan.com\/w\/wp-json\/wp\/v2\/tags?post=1316"}],"curies":[{"name":"wp","href":"https:\/\/api.w.org\/{rel}","templated":true}]}}