{"id":1439,"date":"2012-08-24T13:51:56","date_gmt":"2012-08-24T11:51:56","guid":{"rendered":"http:\/\/www.tehnopan.com\/w\/?page_id=1439"},"modified":"2014-01-31T12:35:41","modified_gmt":"2014-01-31T10:35:41","slug":"profesionalna-sjeckalica-za-granje","status":"publish","type":"page","link":"https:\/\/www.tehnopan.com\/w\/uredjaji\/profesionalna-sjeckalica-za-granje\/","title":{"rendered":"Profesionalna sjeckalica za granje"},"content":{"rendered":"<h2><strong>Profesionalna sjeckalica za grane, Tip 1500 Wood Chipper<\/strong><\/h2>\n<ul>\n<li>Profesionalna sjeckalica za grane, Tip 1500\u2022 U\u010dinak 1 T\/h sirovog granja,kojeg mo\u017ee samlijeti u sje\u010dku (Wood Chips) debljine do 5 mm. Kapacitet ovisi o pripljemljenosti poslu\u017eitelja, te organizaciji radne okoline.<br \/>\n\u2022 Maksimalni mogu\u0107i unos stisnute ulazne grane (glavne i sekundarnih) 100 mm.<br \/>\n\u2022 Velik i duga\u010dak (sigirnost!) ulazni otvor 470\u00d7320, zahvat no\u017eeva 300\u00d7200 mm.<br \/>\n\u2022 pogodno za maslinike, vinograde, vo\u010dnjake, komunalna poduze\u0107a.<br \/>\n\u2022 Motor LIFAN 15 KS, benzinski 420 ccm3.<br \/>\n\u2022 Spremnik 6,5 lit.<br \/>\n\u2022 Te\u017eina stroja 168 kg, vu\u010dno rudo.<br \/>\nObavezno pro\u010ditati na\u010din rada, te <a href=\"http:\/\/www.tehnopan.com\/w\/uredjaji\/komposteri\/2\/\">sigurnosne upute<\/a>, na na\u0161im stranicama;<\/li>\n<\/ul>\n<p>Zbog ogromnog ulaznog ko\u0161a lako rje\u0161ava &#8220;kvrgave&#8221; grane loze i masline.<br \/>\nPosebno pogodno za sanaciju borova poslije Blagdana.<\/p>\n<p>Cijena 24.800 kn VPC<br \/>\nNa stanju.<br \/>\n<iframe loading=\"lazy\" src=\"http:\/\/www.youtube.com\/embed\/VKLOd9JTfYs\" height=\"287\" width=\"510\" allowfullscreen=\"\" frameborder=\"0\"><\/iframe><br \/>\n\n\t\t<style type=\"text\/css\">\n\t\t\t#gallery-1 {\n\t\t\t\tmargin: auto;\n\t\t\t}\n\t\t\t#gallery-1 .gallery-item {\n\t\t\t\tfloat: left;\n\t\t\t\tmargin-top: 10px;\n\t\t\t\ttext-align: center;\n\t\t\t\twidth: 50%;\n\t\t\t}\n\t\t\t#gallery-1 img {\n\t\t\t\tborder: 2px solid #cfcfcf;\n\t\t\t}\n\t\t\t#gallery-1 .gallery-caption {\n\t\t\t\tmargin-left: 0;\n\t\t\t}\n\t\t\t\/* see gallery_shortcode() in wp-includes\/media.php *\/\n\t\t<\/style>\n\t\t<div id='gallery-1' class='gallery galleryid-1439 gallery-columns-2 gallery-size-thumbnail'><dl class='gallery-item'>\n\t\t\t<dt class='gallery-icon portrait'>\n\t\t\t\t<a href='https:\/\/tehnopan.com\/w\/wp-content\/uploads\/2012\/08\/Profi-sjeckalica.jpg'><img loading=\"lazy\" decoding=\"async\" width=\"150\" height=\"150\" src=\"https:\/\/tehnopan.com\/w\/wp-content\/uploads\/2012\/08\/Profi-sjeckalica-150x150.jpg\" class=\"attachment-thumbnail size-thumbnail\" alt=\"\" srcset=\"https:\/\/tehnopan.com\/w\/wp-content\/uploads\/2012\/08\/Profi-sjeckalica-150x150.jpg 150w, https:\/\/tehnopan.com\/w\/wp-content\/uploads\/2012\/08\/Profi-sjeckalica-76x76.jpg 76w, https:\/\/tehnopan.com\/w\/wp-content\/uploads\/2012\/08\/Profi-sjeckalica-184x184.jpg 184w\" sizes=\"(max-width: 150px) 100vw, 150px\" \/><\/a>\n\t\t\t<\/dt><\/dl><dl class='gallery-item'>\n\t\t\t<dt class='gallery-icon landscape'>\n\t\t\t\t<a href='https:\/\/tehnopan.com\/w\/wp-content\/uploads\/2012\/08\/sjeckalica-No\u017eevi-300-mm.jpg'><img loading=\"lazy\" decoding=\"async\" width=\"150\" height=\"150\" src=\"https:\/\/tehnopan.com\/w\/wp-content\/uploads\/2012\/08\/sjeckalica-No\u017eevi-300-mm-150x150.jpg\" class=\"attachment-thumbnail size-thumbnail\" alt=\"\" srcset=\"https:\/\/tehnopan.com\/w\/wp-content\/uploads\/2012\/08\/sjeckalica-No\u017eevi-300-mm-150x150.jpg 150w, https:\/\/tehnopan.com\/w\/wp-content\/uploads\/2012\/08\/sjeckalica-No\u017eevi-300-mm-76x76.jpg 76w, https:\/\/tehnopan.com\/w\/wp-content\/uploads\/2012\/08\/sjeckalica-No\u017eevi-300-mm-184x184.jpg 184w\" sizes=\"(max-width: 150px) 100vw, 150px\" \/><\/a>\n\t\t\t<\/dt><\/dl><br style=\"clear: both\" \/>\n\t\t<\/div>\n\n","protected":false},"excerpt":{"rendered":"<p>Profesionalna sjeckalica za grane, Tip 1500 Wood Chipper Profesionalna sjeckalica za grane, Tip 1500\u2022 U\u010dinak 1 T\/h sirovog granja,kojeg mo\u017ee samlijeti u sje\u010dku (Wood Chips) debljine do 5 mm. Kapacitet ovisi o pripljemljenosti poslu\u017eitelja, te organizaciji radne okoline. \u2022 Maksimalni mogu\u0107i unos stisnute ulazne grane (glavne i sekundarnih) 100 mm. \u2022 Velik i duga\u010dak (sigirnost!)&#8230;<\/p>\n","protected":false},"author":7,"featured_media":0,"parent":61,"menu_order":0,"comment_status":"open","ping_status":"closed","template":"","meta":{"_monsterinsights_skip_tracking":false,"_monsterinsights_sitenote_active":false,"_monsterinsights_sitenote_note":"","_monsterinsights_sitenote_category":0,"footnotes":""},"tags":[],"class_list":["post-1439","page","type-page","status-publish","hentry"],"aioseo_notices":[],"_links":{"self":[{"href":"https:\/\/www.tehnopan.com\/w\/wp-json\/wp\/v2\/pages\/1439"}],"collection":[{"href":"https:\/\/www.tehnopan.com\/w\/wp-json\/wp\/v2\/pages"}],"about":[{"href":"https:\/\/www.tehnopan.com\/w\/wp-json\/wp\/v2\/types\/page"}],"author":[{"embeddable":true,"href":"https:\/\/www.tehnopan.com\/w\/wp-json\/wp\/v2\/users\/7"}],"replies":[{"embeddable":true,"href":"https:\/\/www.tehnopan.com\/w\/wp-json\/wp\/v2\/comments?post=1439"}],"version-history":[{"count":0,"href":"https:\/\/www.tehnopan.com\/w\/wp-json\/wp\/v2\/pages\/1439\/revisions"}],"up":[{"embeddable":true,"href":"https:\/\/www.tehnopan.com\/w\/wp-json\/wp\/v2\/pages\/61"}],"wp:attachment":[{"href":"https:\/\/www.tehnopan.com\/w\/wp-json\/wp\/v2\/media?parent=1439"}],"wp:term":[{"taxonomy":"post_tag","embeddable":true,"href":"https:\/\/www.tehnopan.com\/w\/wp-json\/wp\/v2\/tags?post=1439"}],"curies":[{"name":"wp","href":"https:\/\/api.w.org\/{rel}","templated":true}]}}