{"id":148,"date":"2010-07-14T11:03:46","date_gmt":"2010-07-14T09:03:46","guid":{"rendered":"http:\/\/www.tehnopan.com\/w\/"},"modified":"2010-07-15T10:40:44","modified_gmt":"2010-07-15T08:40:44","slug":"strojevi","status":"publish","type":"page","link":"https:\/\/www.tehnopan.com\/w\/strojevi\/","title":{"rendered":"Strojevi"},"content":{"rendered":"<p>Na ovoj stranici pogledajte koje vam strojeve sve nudimo:<\/p>\n<ul>\n<li>transport sipkih i pra\u0161kastih medija<\/li>\n<li>mljevenje i usitnjavanje<\/li>\n<li>sijanje i razvrstavanje<\/li>\n<li>zatvaranje vre\u0107a: <a href=\"http:\/\/www.tehnopan.com\/w\/strojevi\/sivalice-za-vrece\">\u0161ivalice<\/a> i varilice<\/li>\n<li>vaganje medija u procesu<\/li>\n<\/ul>\n","protected":false},"excerpt":{"rendered":"<p>Na ovoj stranici pogledajte koje vam strojeve sve nudimo: transport sipkih i pra\u0161kastih medija mljevenje i usitnjavanje sijanje i razvrstavanje zatvaranje vre\u0107a: \u0161ivalice i varilice vaganje medija u procesu<\/p>\n","protected":false},"author":7,"featured_media":0,"parent":0,"menu_order":0,"comment_status":"closed","ping_status":"open","template":"","meta":{"_monsterinsights_skip_tracking":false,"_monsterinsights_sitenote_active":false,"_monsterinsights_sitenote_note":"","_monsterinsights_sitenote_category":0,"footnotes":""},"tags":[],"class_list":["post-148","page","type-page","status-publish","hentry"],"aioseo_notices":[],"_links":{"self":[{"href":"https:\/\/www.tehnopan.com\/w\/wp-json\/wp\/v2\/pages\/148"}],"collection":[{"href":"https:\/\/www.tehnopan.com\/w\/wp-json\/wp\/v2\/pages"}],"about":[{"href":"https:\/\/www.tehnopan.com\/w\/wp-json\/wp\/v2\/types\/page"}],"author":[{"embeddable":true,"href":"https:\/\/www.tehnopan.com\/w\/wp-json\/wp\/v2\/users\/7"}],"replies":[{"embeddable":true,"href":"https:\/\/www.tehnopan.com\/w\/wp-json\/wp\/v2\/comments?post=148"}],"version-history":[{"count":0,"href":"https:\/\/www.tehnopan.com\/w\/wp-json\/wp\/v2\/pages\/148\/revisions"}],"wp:attachment":[{"href":"https:\/\/www.tehnopan.com\/w\/wp-json\/wp\/v2\/media?parent=148"}],"wp:term":[{"taxonomy":"post_tag","embeddable":true,"href":"https:\/\/www.tehnopan.com\/w\/wp-json\/wp\/v2\/tags?post=148"}],"curies":[{"name":"wp","href":"https:\/\/api.w.org\/{rel}","templated":true}]}}