{"id":1742,"date":"2013-10-27T13:37:37","date_gmt":"2013-10-27T11:37:37","guid":{"rendered":"http:\/\/www.tehnopan.com\/w\/?page_id=1742"},"modified":"2015-12-02T18:57:55","modified_gmt":"2015-12-02T16:57:55","slug":"tehnopan-informacije","status":"publish","type":"page","link":"https:\/\/www.tehnopan.com\/w\/o-tehnopan-u\/tehnopan-informacije\/","title":{"rendered":"Tehnopan informacije"},"content":{"rendered":"<p><strong>Tehnopan d.o.o.<\/strong><br \/>\n<strong> Prigorska 30,<\/strong><br \/>\n<strong> 10362 Prekvr\u0161je<\/strong> (Ka\u0161ina)<\/p>\n<p>OIB HR68616571277<br \/>\nIBAN 7224840081101598177<br \/>\nSWIFT RZBHHR2X<br \/>\nTel +385 1 2044 866<br \/>\nFax +385 1 2044 955<\/p>\n<p>Prodaja: spirale, cijevi, limovi, \u0161ivalice, varilice, komposteri.<br \/>\nMarko 098 28 11 11.<br \/>\nTel. 01 20 44 866<\/p>\n<p>Izrada transportera, sita i druge opreme, tehnolo\u0161ko savjetovanje, idejna rje\u0161enja.<br \/>\nVili 098 864 405. Tel 01 20 44 866<\/p>\n<p>Radno vrijeme:<br \/>\nPon-Pet 07:30-16:00<\/p>\n","protected":false},"excerpt":{"rendered":"<p>Tehnopan d.o.o. Prigorska 30, 10362 Prekvr\u0161je (Ka\u0161ina) OIB HR68616571277 IBAN 7224840081101598177 SWIFT RZBHHR2X Tel +385 1 2044 866 Fax +385 1 2044 955 Prodaja: spirale, cijevi, limovi, \u0161ivalice, varilice, komposteri. Marko 098 28 11 11. Tel. 01 20 44 866 Izrada transportera, sita i druge opreme, tehnolo\u0161ko savjetovanje, idejna rje\u0161enja. Vili 098 864 405. Tel&#8230;<\/p>\n","protected":false},"author":7,"featured_media":0,"parent":1740,"menu_order":0,"comment_status":"closed","ping_status":"closed","template":"","meta":{"_monsterinsights_skip_tracking":false,"_monsterinsights_sitenote_active":false,"_monsterinsights_sitenote_note":"","_monsterinsights_sitenote_category":0,"footnotes":""},"tags":[],"class_list":["post-1742","page","type-page","status-publish","hentry"],"aioseo_notices":[],"_links":{"self":[{"href":"https:\/\/www.tehnopan.com\/w\/wp-json\/wp\/v2\/pages\/1742"}],"collection":[{"href":"https:\/\/www.tehnopan.com\/w\/wp-json\/wp\/v2\/pages"}],"about":[{"href":"https:\/\/www.tehnopan.com\/w\/wp-json\/wp\/v2\/types\/page"}],"author":[{"embeddable":true,"href":"https:\/\/www.tehnopan.com\/w\/wp-json\/wp\/v2\/users\/7"}],"replies":[{"embeddable":true,"href":"https:\/\/www.tehnopan.com\/w\/wp-json\/wp\/v2\/comments?post=1742"}],"version-history":[{"count":1,"href":"https:\/\/www.tehnopan.com\/w\/wp-json\/wp\/v2\/pages\/1742\/revisions"}],"predecessor-version":[{"id":2497,"href":"https:\/\/www.tehnopan.com\/w\/wp-json\/wp\/v2\/pages\/1742\/revisions\/2497"}],"up":[{"embeddable":true,"href":"https:\/\/www.tehnopan.com\/w\/wp-json\/wp\/v2\/pages\/1740"}],"wp:attachment":[{"href":"https:\/\/www.tehnopan.com\/w\/wp-json\/wp\/v2\/media?parent=1742"}],"wp:term":[{"taxonomy":"post_tag","embeddable":true,"href":"https:\/\/www.tehnopan.com\/w\/wp-json\/wp\/v2\/tags?post=1742"}],"curies":[{"name":"wp","href":"https:\/\/api.w.org\/{rel}","templated":true}]}}