{"id":204,"date":"2010-07-15T10:44:45","date_gmt":"2010-07-15T08:44:45","guid":{"rendered":"http:\/\/www.tehnopan.com\/w\/"},"modified":"2010-07-20T09:51:38","modified_gmt":"2010-07-20T07:51:38","slug":"korisno","status":"publish","type":"page","link":"https:\/\/www.tehnopan.com\/w\/korisno\/","title":{"rendered":"Korisno"},"content":{"rendered":"<p>Ovdje mo\u017eete na\u0107i korisne podatke o medijima koji se prera\u0111uju ili transportiraju te tehni\u010dke podatke za razne osnovne elemente spomenute na ovim stranicama.<\/p>\n<p><span style=\"line-height: normal; -webkit-border-horizontal-spacing: 2px; -webkit-border-vertical-spacing: 2px; font-size: small;\"><br \/>\n<\/span><\/p>\n","protected":false},"excerpt":{"rendered":"<p>Ovdje mo\u017eete na\u0107i korisne podatke o medijima koji se prera\u0111uju ili transportiraju te tehni\u010dke podatke za razne osnovne elemente spomenute na ovim stranicama.<\/p>\n","protected":false},"author":7,"featured_media":0,"parent":0,"menu_order":0,"comment_status":"closed","ping_status":"open","template":"","meta":{"_monsterinsights_skip_tracking":false,"_monsterinsights_sitenote_active":false,"_monsterinsights_sitenote_note":"","_monsterinsights_sitenote_category":0,"footnotes":""},"tags":[],"class_list":["post-204","page","type-page","status-publish","hentry"],"aioseo_notices":[],"_links":{"self":[{"href":"https:\/\/www.tehnopan.com\/w\/wp-json\/wp\/v2\/pages\/204"}],"collection":[{"href":"https:\/\/www.tehnopan.com\/w\/wp-json\/wp\/v2\/pages"}],"about":[{"href":"https:\/\/www.tehnopan.com\/w\/wp-json\/wp\/v2\/types\/page"}],"author":[{"embeddable":true,"href":"https:\/\/www.tehnopan.com\/w\/wp-json\/wp\/v2\/users\/7"}],"replies":[{"embeddable":true,"href":"https:\/\/www.tehnopan.com\/w\/wp-json\/wp\/v2\/comments?post=204"}],"version-history":[{"count":0,"href":"https:\/\/www.tehnopan.com\/w\/wp-json\/wp\/v2\/pages\/204\/revisions"}],"wp:attachment":[{"href":"https:\/\/www.tehnopan.com\/w\/wp-json\/wp\/v2\/media?parent=204"}],"wp:term":[{"taxonomy":"post_tag","embeddable":true,"href":"https:\/\/www.tehnopan.com\/w\/wp-json\/wp\/v2\/tags?post=204"}],"curies":[{"name":"wp","href":"https:\/\/api.w.org\/{rel}","templated":true}]}}