{"id":208,"date":"2010-07-15T10:50:03","date_gmt":"2010-07-15T08:50:03","guid":{"rendered":"http:\/\/www.tehnopan.com\/w\/"},"modified":"2015-01-27T13:51:52","modified_gmt":"2015-01-27T11:51:52","slug":"sefar","status":"publish","type":"page","link":"https:\/\/www.tehnopan.com\/w\/mljevenje-i-sijanje\/sefar\/","title":{"rendered":"SEFAR &#8211; mlinska svila PA i griz gaza GG"},"content":{"rendered":"<p><strong>Mlinska svila<\/strong> i griz gaza <strong>SEFAR<\/strong><\/p>\n<div>Mlinska svila &#8211; otvor petlje, mikrona ( \u00b5 )<\/div>\n<div>NOVE OZNAKE &#8211;\u00a0 ISO 9001 &#8211;\u00a02000<\/div>\n<div><\/div>\n<div>\n<p>Stigla su nova <strong>SEFAR<\/strong> pletiva, vrlo male mikrona\u017ee. Od 7-70\u00b5.<\/p>\n<ul>\n<li>SEFAR Nitex 03-7\/2 102 cm<\/li>\n<li>SEFAR Nitex 03-10\/3 102 cm<\/li>\n<li>SEFAR Nitex 03-20\/14 102 cm<\/li>\n<li>SEFAR Nitex 03-35\/16 115 cm<\/li>\n<li>SEFAR Nitex 03-50\/37 102 cm<\/li>\n<li>SEFAR Nitex 03-64\/32 102 cm<\/li>\n<li>SEFAR Nitex 03-70\/33 102 cm<\/li>\n<\/ul>\n<\/div>\n<div>PA12 GG -1800<\/div>\n<div>PA14 GG -1600<\/div>\n<div>PA15 GG -1400<\/div>\n<div>PA16 GG -1320<\/div>\n<div>PA17 GG &#8211; 1250<\/div>\n<div>PA18 GG &#8211; 1180<\/div>\n<div>PA19 GG &#8211; 1120<\/div>\n<div>PA 20 GG &#8211; 1000<\/div>\n<div>PA 22 GG &#8211; 950<\/div>\n<div>PA 23 GG &#8211; 900<\/div>\n<div>PA 24 GG &#8211; 850<\/div>\n<div>800 (HD = deblja nit)<\/div>\n<div>HD 800<\/div>\n<div>PA 26 GG &#8211; 800<\/div>\n<div>800 ( HC= visoki kapacitet\u00a0 -tanja nit )<\/div>\n<div>HC 800<\/div>\n<div>PA 27 GG &#8211; 750<\/div>\n<div>PA 28 GG &#8211; 710<\/div>\n<div>PA 30 GG &#8211; 670<\/div>\n<div>PA 31 GG &#8211; 630<\/div>\n<div>PA 32 GG &#8211; 600<\/div>\n<div>PE 590 HD<\/div>\n<div>PA 34 GG &#8211; 560<\/div>\n<div>PA 36 GG &#8211; 530<\/div>\n<div>PA 38 GG &#8211; 500<\/div>\n<div>475 ( HC= visoki kapacitet\u00a0 -tanja nit )<\/div>\n<div>HC 475<\/div>\n<div>PA 40 GG &#8211; 475<\/div>\n<div>PA 42 GG &#8211; 450<\/div>\n<div>PA 44 GG &#8211; 425<\/div>\n<div>PA 45 GG &#8211; 400<\/div>\n<div>PA 47 GG &#8211; 375<\/div>\n<div>PA 50 GG &#8211; 355<\/div>\n<div>PA 52 GG &#8211; 335<\/div>\n<div>PA 54 GG &#8211; 315<\/div>\n<div>PA 56 GG &#8211; 308<\/div>\n<div>PA 58 GG &#8211; 300<\/div>\n<div>PA 60 GG &#8211; 280<\/div>\n<div>PA 62 GG &#8211; 275<\/div>\n<div>PA 64 GG &#8211; 265<\/div>\n<div>PA 66 GG &#8211; 250<\/div>\n<div>PA 68 GG &#8211; 243<\/div>\n<div>PA 70 GG &#8211; 236<\/div>\n<div>PA 72 GG &#8211; 224<\/div>\n<div>PA 74 GG &#8211; 212<\/div>\n<div><\/div>\n<div>Sita za vibro otresiva\u0107e<\/div>\n<p>&nbsp;<\/p>\n<div>250<\/div>\n<div>PA-5HD-250<\/div>\n<div>210<\/div>\n<div>PA-6HD-210<\/div>\n<div>177<\/div>\n<div>PA-8HD-177<\/div>\n<div>150<\/div>\n<div>PA-9HD-150<\/div>\n<div>Bra\u0161nene presvlake\u00a0\u00a0 102 cm<\/div>\n<div><\/div>\n<div><strong>Sefar mlinska svila<\/strong><\/div>\n<div>PA-3xxx &#8211; 300<\/div>\n<div>PA-4xxx\u00a0\u00a0\u00a0 &#8211; 280<\/div>\n<div>PA-5xxx\u00a0\u00a0\u00a0 &#8211; 250<\/div>\n<div>PA-6xxx\u00a0\u00a0\u00a0 &#8211; 212<\/div>\n<div>PA-7xxx\u00a0\u00a0\u00a0 &#8211; 200PA-8xxx\u00a0\u00a0\u00a0 &#8211; 180<\/div>\n<div>PA-81\/2xxx &#8211; 160<\/div>\n<div>PA-9xxx &#8211; 150<\/div>\n<div>PA-91\/2xxx &#8211; 140<\/div>\n<div>PA-10xxx\u00a0\u00a0\u00a0 &#8211; 132<\/div>\n<div>PA-101\/2xxx &#8211; 125<\/div>\n<div>PA-11xxx\u00a0\u00a0\u00a0 &#8211; 118<\/div>\n<div>PA-12xxx\u00a0\u00a0\u00a0 &#8211; 112<\/div>\n<div>PA-13xxx\u00a0\u00a0\u00a0 &#8211; 100<\/div>\n<div>HD 70<\/div>\n<div>HC 60<\/div>\n<div>HC 53<\/div>\n<div><\/div>\n<div>Grafi\u010dka svila<\/div>\n<div><\/div>\n<div>20 \u00b5\u00a0 188 n\/cm<\/div>\n<div>3\/20\/14<\/div>\n<div>50\u00b5\u00a0 120 n\/cm<\/div>\n<div>03-50\/37<\/div>\n<div>64 \u00b5\u00a0 90 n\/cm<\/div>\n<div>03-64\/32<\/div>\n<div>**\u00a0 \u0161irine 125,136,146 cm, po narud\u017ebi, uz vi\u0161u\u00a0cijenu po\u00a0 m&#8217;<\/div>\n<div><\/div>\n<div>Filter platna i vre\u0107ice za sita<\/div>\n<div><\/div>\n<div>platno za ulazne i izlazne vre\u0107ice pl. sita NY 3K<\/div>\n<div>03 -36 -125W\u00a0 ( NY 3 K )<\/div>\n<div>filter &#8211; platno NY 3710<\/div>\n<div>NY 3710<\/div>\n<div>filc &#8211; filter,\u00a0 580 l\/m2\/min\u00a0\u00a0 350 g\/m2<\/div>\n<div>PET 350\/580\/01<\/div>\n<div>filc &#8211; filter,\u00a0 470 l\/m2\/min\u00a0\u00a0\u00a0 400 g\/m2\u00a0 ( B200 )<\/div>\n<div>PE 07-400 -470 NFI<\/div>\n<div>KARBOTEX\u00a0 (B187) 275 \u00b5m, 168 g\/m2, 210 lit\/m2\/s<\/div>\n<div>03-210-168 WA<\/div>\n","protected":false},"excerpt":{"rendered":"<p>Mlinska svila i griz gaza SEFAR Mlinska svila &#8211; otvor petlje, mikrona ( \u00b5 ) NOVE OZNAKE &#8211;\u00a0 ISO 9001 &#8211;\u00a02000 Stigla su nova SEFAR pletiva, vrlo male mikrona\u017ee. Od 7-70\u00b5. SEFAR Nitex 03-7\/2 102 cm SEFAR Nitex 03-10\/3 102 cm SEFAR Nitex 03-20\/14 102 cm SEFAR Nitex 03-35\/16 115 cm SEFAR Nitex 03-50\/37 102&#8230;<\/p>\n","protected":false},"author":7,"featured_media":1871,"parent":768,"menu_order":6,"comment_status":"closed","ping_status":"closed","template":"","meta":{"_monsterinsights_skip_tracking":false,"_monsterinsights_sitenote_active":false,"_monsterinsights_sitenote_note":"","_monsterinsights_sitenote_category":0,"footnotes":""},"tags":[62,39,43,68,69],"class_list":["post-208","page","type-page","status-publish","has-post-thumbnail","hentry","tag-mlinska-svila","tag-pletivo","tag-sefar","tag-sijanje","tag-sita"],"aioseo_notices":[],"_links":{"self":[{"href":"https:\/\/www.tehnopan.com\/w\/wp-json\/wp\/v2\/pages\/208"}],"collection":[{"href":"https:\/\/www.tehnopan.com\/w\/wp-json\/wp\/v2\/pages"}],"about":[{"href":"https:\/\/www.tehnopan.com\/w\/wp-json\/wp\/v2\/types\/page"}],"author":[{"embeddable":true,"href":"https:\/\/www.tehnopan.com\/w\/wp-json\/wp\/v2\/users\/7"}],"replies":[{"embeddable":true,"href":"https:\/\/www.tehnopan.com\/w\/wp-json\/wp\/v2\/comments?post=208"}],"version-history":[{"count":0,"href":"https:\/\/www.tehnopan.com\/w\/wp-json\/wp\/v2\/pages\/208\/revisions"}],"up":[{"embeddable":true,"href":"https:\/\/www.tehnopan.com\/w\/wp-json\/wp\/v2\/pages\/768"}],"wp:featuredmedia":[{"embeddable":true,"href":"https:\/\/www.tehnopan.com\/w\/wp-json\/wp\/v2\/media\/1871"}],"wp:attachment":[{"href":"https:\/\/www.tehnopan.com\/w\/wp-json\/wp\/v2\/media?parent=208"}],"wp:term":[{"taxonomy":"post_tag","embeddable":true,"href":"https:\/\/www.tehnopan.com\/w\/wp-json\/wp\/v2\/tags?post=208"}],"curies":[{"name":"wp","href":"https:\/\/api.w.org\/{rel}","templated":true}]}}