{"id":211,"date":"2010-07-15T12:17:09","date_gmt":"2010-07-15T10:17:09","guid":{"rendered":"http:\/\/www.tehnopan.com\/w\/"},"modified":"2018-12-20T14:30:22","modified_gmt":"2018-12-20T12:30:22","slug":"digitalne-vage","status":"publish","type":"page","link":"https:\/\/www.tehnopan.com\/w\/uredjaji\/digitalne-vage\/","title":{"rendered":"Digitalne vage"},"content":{"rendered":"<div>\n<h2>Digitalne vage &#8211; ovjesne (kranske), podne, sto\u010dne, stolne, precizne (laboratorijske). <strong>Vage<\/strong> za vaganje <strong>pisma<\/strong>.<\/h2>\n<p><a href=\"http:\/\/tehnopan.com\/w\/wp-content\/uploads\/2010\/07\/Vage-na-skladistu-mindnode.jpg\"><img loading=\"lazy\" decoding=\"async\" class=\"alignleft size-full wp-image-1156\" title=\"Vage na skladi\u0161tu\" alt=\"Vage na skladi\u0161tu\" src=\"http:\/\/tehnopan.com\/w\/wp-content\/uploads\/2010\/07\/Vage-na-skladistu-mindnode.jpg\" width=\"720\" height=\"638\" srcset=\"https:\/\/tehnopan.com\/w\/wp-content\/uploads\/2010\/07\/Vage-na-skladistu-mindnode.jpg 720w, https:\/\/tehnopan.com\/w\/wp-content\/uploads\/2010\/07\/Vage-na-skladistu-mindnode-300x265.jpg 300w\" sizes=\"(max-width: 720px) 100vw, 720px\" \/><\/a><\/p>\n<h1><span style=\"line-height: 24px; font-size: 16px;\"><span style=\"line-height: normal;\">Nove digitalne vage: ovjesne (kranske), podne, stolne. <\/span><span style=\"line-height: normal;\">LED indikatori, terminali, pokazni ure\u0111aji, sabirnice, <\/span><span style=\"line-height: normal;\">moduli sa mjernom dozom, mjerne doze.<\/span><\/span><\/h1>\n<\/div>\n<p><strong>Prenosna sto\u010dna vaga<br \/>\n<\/strong>Jednostavna, lakoprijenosna vaga za pojedina\u010dnu stoku, sa platformom 500 x 1000 mm, mase vaganja do 500 kg, to\u010dnosti 100 g. Ukupna te\u017eina vage 20 kg. Mjere 50x100x10 cm<br \/>\n<strong><br \/>\nKranske vage<\/strong> &#8211; vage od 120, 300, 500, 1000, 2000, 3000 , 5000 i 10.000 kg, na skladi\u0161tu, a od 15, 20 i 30 T sa rokom dobave do 40 dana.To\u010dnost odvage za 100 kg &#8211; 0,02 kg, 1000 &#8211; 0,1 kg, 3000 &#8211; 0,5 kg i 10 T &#8211; 2 kg.<br \/>\n<strong><br \/>\nKranske vage<\/strong> koriste se za vaganje pojedina\u010dnih tereta u raznim industrijama i djelatnostima.Pouzdane i pregledne digitalne kranske vage. Robustna izvedba za siguran i dugotrajan rad. Specijalne izvedbe na upit.Sve vage su sa daljinskim upravlja\u010dem, te ispravlja\u010dem za punjenje baterije.<\/p>\n<p><strong>Ru\u010dne<\/strong> &#8211; <strong>d\u017eepne\u00a0<\/strong><strong>vage<\/strong> na ovjes &#8211; vaga za ribi\u010de &#8211;\u00a0<strong>ribi\u010dka vaga<br \/>\n<\/strong>Male, elegantne, lagane d\u017eepne, ovjesne vage za ribi\u010de ili doma\u0107ice za kontrolu kupljene robe na tr\u017enici od 20 i 50 kg. Vaga od 50 kg ima i ugra\u0111eni metar za duljinu ulovljene ribe. Pogodna i za vaganje uvre\u0107ene robe do 50 kg. Otplatite svoju investiciju sa nekoliko kontrolnih vaganja!<\/p>\n<p><span style=\"text-decoration: underline;\">Vage se isporu\u010duju bez baterija.<\/span><\/p>\n<ul>\n<li>Elegantne i prakti\u010dne \u0111epne vage za masu do 20kg sa to\u010dno\u0161\u0107u 2 dkg.\n<ul>\n<li>te\u017eina 110. g<\/li>\n<li>dimenzije 55 x 95 x 20 mm<\/li>\n<li>cijena 300 kn + PDV<\/li>\n<\/ul>\n<\/li>\n<li>Robusnije vage do 50 kg to\u010dnost 2 dkg., s ugra\u0111enim metrom, za uspje\u0161ne ribi\u010de.\n<ul>\n<li>te\u017eina 200. g.<\/li>\n<li>dimencije 50 x 100 x 28 mm<\/li>\n<li>cijena 350 kn + PDV<\/li>\n<\/ul>\n<\/li>\n<\/ul>\n<p>Provjerite masu koju ste platili. Sa\u010duvajte svoj novac.<\/p>\n<p><strong>Podne vage<\/strong> i vage za brojanje, te vage sa memorijom za razne proizvode.Veliki raspon digitalnih podnih vaga od 200 g do 2000 kg. Za uporabu u ku\u0107anstvu ili proizvodnji. Koristive kao stolne, podne ili platformske. Veli\u010dina platforme od 42&#215;52 cm , 52 x 62 cm te 60 x 70 cm<\/p>\n<p><strong>Niskoprofilne platformske vage<\/strong> 100 x 100 cm i 120 x 150 cm. Mogu\u0107a kombinacija za kori\u0161tenje s dozirnim ure\u0111ajima za uvre\u0107avanje roba u rasutom stanju.<br \/>\nSve digitalne vage s ugra\u0111enom baterijom te dodatnim ispravlja\u010dem-punja\u010dem za priklju\u010dak na 220 V.<\/p>\n<p><strong>Vaga za palete<\/strong> NOVO !!!<br \/>\nProvjerite te\u017einu kupljene robe, odmah kod istovara. Paletu sa robom, direktno sa vili\u010dara postavite na &#8220;U&#8221; paletnu vagu i mjerni ure\u0111aj (sa 5 m signalnog kabela) \u0107e vam pokazati te\u017einu do 2 tone sa to\u010dnosti od 200 g.<\/p>\n<p><strong>Vaga za stoku &#8211; sto\u010dna vaga<br \/>\n<\/strong>Za vaganje \u017eive stoke sa velikom platformom 1,5 x 2 m, te ogradom i vratima za ulaz i zlaz, za mjerenje mase stoke do 2000 kg. Robusne izvedbe, obojeno, sa pokaznim ure\u0111ajem i priklju\u010dkom za RS232. Filter za nemirnu stoku- smirivanje o\u010ditanja!<\/p>\n\n\t\t<style type=\"text\/css\">\n\t\t\t#gallery-1 {\n\t\t\t\tmargin: auto;\n\t\t\t}\n\t\t\t#gallery-1 .gallery-item {\n\t\t\t\tfloat: left;\n\t\t\t\tmargin-top: 10px;\n\t\t\t\ttext-align: center;\n\t\t\t\twidth: 33%;\n\t\t\t}\n\t\t\t#gallery-1 img {\n\t\t\t\tborder: 2px solid #cfcfcf;\n\t\t\t}\n\t\t\t#gallery-1 .gallery-caption {\n\t\t\t\tmargin-left: 0;\n\t\t\t}\n\t\t\t\/* see gallery_shortcode() in wp-includes\/media.php *\/\n\t\t<\/style>\n\t\t<div id='gallery-1' class='gallery galleryid-211 gallery-columns-3 gallery-size-thumbnail'><dl class='gallery-item'>\n\t\t\t<dt class='gallery-icon landscape'>\n\t\t\t\t<a href='https:\/\/tehnopan.com\/w\/wp-content\/uploads\/2010\/07\/laboratorijska-vaga2.jpg'><img loading=\"lazy\" decoding=\"async\" width=\"150\" height=\"150\" src=\"https:\/\/tehnopan.com\/w\/wp-content\/uploads\/2010\/07\/laboratorijska-vaga2-150x150.jpg\" class=\"attachment-thumbnail size-thumbnail\" alt=\"\" \/><\/a>\n\t\t\t<\/dt><\/dl><dl class='gallery-item'>\n\t\t\t<dt class='gallery-icon landscape'>\n\t\t\t\t<a href='https:\/\/tehnopan.com\/w\/wp-content\/uploads\/2010\/07\/prijenosna-vet.-do-500-kg.jpg'><img loading=\"lazy\" decoding=\"async\" width=\"150\" height=\"150\" src=\"https:\/\/tehnopan.com\/w\/wp-content\/uploads\/2010\/07\/prijenosna-vet.-do-500-kg-150x150.jpg\" class=\"attachment-thumbnail size-thumbnail\" alt=\"prijenosna veterinarska vaga do 500 kg te\u017eine 30kg\" \/><\/a>\n\t\t\t<\/dt><\/dl><dl class='gallery-item'>\n\t\t\t<dt class='gallery-icon landscape'>\n\t\t\t\t<a href='https:\/\/tehnopan.com\/w\/wp-content\/uploads\/2010\/07\/vagavilicar.jpg'><img loading=\"lazy\" decoding=\"async\" width=\"150\" height=\"150\" src=\"https:\/\/tehnopan.com\/w\/wp-content\/uploads\/2010\/07\/vagavilicar-150x150.jpg\" class=\"attachment-thumbnail size-thumbnail\" alt=\"vaga za palete do 2T\" \/><\/a>\n\t\t\t<\/dt><\/dl><br style=\"clear: both\" \/><dl class='gallery-item'>\n\t\t\t<dt class='gallery-icon landscape'>\n\t\t\t\t<a href='https:\/\/tehnopan.com\/w\/wp-content\/uploads\/2010\/07\/inox-stolne-vage.jpg'><img loading=\"lazy\" decoding=\"async\" width=\"150\" height=\"150\" src=\"https:\/\/tehnopan.com\/w\/wp-content\/uploads\/2010\/07\/inox-stolne-vage-150x150.jpg\" class=\"attachment-thumbnail size-thumbnail\" alt=\"Stolne vage od INOX-a od 3 do 30 kg\" \/><\/a>\n\t\t\t<\/dt><\/dl><dl class='gallery-item'>\n\t\t\t<dt class='gallery-icon portrait'>\n\t\t\t\t<a href='https:\/\/tehnopan.com\/w\/wp-content\/uploads\/2010\/07\/sve_vage.jpg'><img loading=\"lazy\" decoding=\"async\" width=\"150\" height=\"150\" src=\"https:\/\/tehnopan.com\/w\/wp-content\/uploads\/2010\/07\/sve_vage-150x150.jpg\" class=\"attachment-thumbnail size-thumbnail\" alt=\"podne i kranske vage\" \/><\/a>\n\t\t\t<\/dt><\/dl><dl class='gallery-item'>\n\t\t\t<dt class='gallery-icon portrait'>\n\t\t\t\t<a href='https:\/\/tehnopan.com\/w\/wp-content\/uploads\/2010\/07\/m-gp-riba.jpg'><img loading=\"lazy\" decoding=\"async\" width=\"150\" height=\"150\" src=\"https:\/\/tehnopan.com\/w\/wp-content\/uploads\/2010\/07\/m-gp-riba-150x150.jpg\" class=\"attachment-thumbnail size-thumbnail\" alt=\"stolna vaga za vo\u0107e i povr\u0107e ribu\" \/><\/a>\n\t\t\t<\/dt><\/dl><br style=\"clear: both\" \/><dl class='gallery-item'>\n\t\t\t<dt class='gallery-icon portrait'>\n\t\t\t\t<a href='https:\/\/tehnopan.com\/w\/wp-content\/uploads\/2010\/07\/kranske_vage.jpg'><img loading=\"lazy\" decoding=\"async\" width=\"150\" height=\"150\" src=\"https:\/\/tehnopan.com\/w\/wp-content\/uploads\/2010\/07\/kranske_vage-150x150.jpg\" class=\"attachment-thumbnail size-thumbnail\" alt=\"Ovjesne vage, kranske vage od 100 do 10.000 kg\" \/><\/a>\n\t\t\t<\/dt><\/dl><dl class='gallery-item'>\n\t\t\t<dt class='gallery-icon landscape'>\n\t\t\t\t<a href='https:\/\/tehnopan.com\/w\/wp-content\/uploads\/2010\/08\/stocna_vaga.jpeg'><img loading=\"lazy\" decoding=\"async\" width=\"150\" height=\"150\" src=\"https:\/\/tehnopan.com\/w\/wp-content\/uploads\/2010\/08\/stocna_vaga-150x150.jpeg\" class=\"attachment-thumbnail size-thumbnail\" alt=\"Sto\u010dna vaga\" srcset=\"https:\/\/tehnopan.com\/w\/wp-content\/uploads\/2010\/08\/stocna_vaga-150x150.jpeg 150w, https:\/\/tehnopan.com\/w\/wp-content\/uploads\/2010\/08\/stocna_vaga-76x76.jpeg 76w, https:\/\/tehnopan.com\/w\/wp-content\/uploads\/2010\/08\/stocna_vaga-184x184.jpeg 184w\" sizes=\"(max-width: 150px) 100vw, 150px\" \/><\/a>\n\t\t\t<\/dt><\/dl><dl class='gallery-item'>\n\t\t\t<dt class='gallery-icon landscape'>\n\t\t\t\t<a href='https:\/\/tehnopan.com\/w\/wp-content\/uploads\/2010\/07\/Vage-na-skladistu-mindnode.jpg'><img loading=\"lazy\" decoding=\"async\" width=\"150\" height=\"150\" src=\"https:\/\/tehnopan.com\/w\/wp-content\/uploads\/2010\/07\/Vage-na-skladistu-mindnode-150x150.jpg\" class=\"attachment-thumbnail size-thumbnail\" alt=\"Vage na skladi\u0161tu\" srcset=\"https:\/\/tehnopan.com\/w\/wp-content\/uploads\/2010\/07\/Vage-na-skladistu-mindnode-150x150.jpg 150w, https:\/\/tehnopan.com\/w\/wp-content\/uploads\/2010\/07\/Vage-na-skladistu-mindnode-76x76.jpg 76w, https:\/\/tehnopan.com\/w\/wp-content\/uploads\/2010\/07\/Vage-na-skladistu-mindnode-184x184.jpg 184w\" sizes=\"(max-width: 150px) 100vw, 150px\" \/><\/a>\n\t\t\t<\/dt><\/dl><br style=\"clear: both\" \/>\n\t\t<\/div>\n\n","protected":false},"excerpt":{"rendered":"<p>Digitalne vage &#8211; ovjesne (kranske), podne, sto\u010dne, stolne, precizne (laboratorijske). Vage za vaganje pisma. Nove digitalne vage: ovjesne (kranske), podne, stolne. LED indikatori, terminali, pokazni ure\u0111aji, sabirnice, moduli sa mjernom dozom, mjerne doze. Prenosna sto\u010dna vaga Jednostavna, lakoprijenosna vaga za pojedina\u010dnu stoku, sa platformom 500 x 1000 mm, mase vaganja do 500 kg, to\u010dnosti 100&#8230;<\/p>\n","protected":false},"author":7,"featured_media":220,"parent":61,"menu_order":0,"comment_status":"closed","ping_status":"closed","template":"","meta":{"_monsterinsights_skip_tracking":false,"_monsterinsights_sitenote_active":false,"_monsterinsights_sitenote_note":"","_monsterinsights_sitenote_category":0,"footnotes":""},"tags":[64,65,63],"class_list":["post-211","page","type-page","status-publish","has-post-thumbnail","hentry","tag-digitalne-vage","tag-uredaji-2","tag-vage"],"aioseo_notices":[],"_links":{"self":[{"href":"https:\/\/www.tehnopan.com\/w\/wp-json\/wp\/v2\/pages\/211"}],"collection":[{"href":"https:\/\/www.tehnopan.com\/w\/wp-json\/wp\/v2\/pages"}],"about":[{"href":"https:\/\/www.tehnopan.com\/w\/wp-json\/wp\/v2\/types\/page"}],"author":[{"embeddable":true,"href":"https:\/\/www.tehnopan.com\/w\/wp-json\/wp\/v2\/users\/7"}],"replies":[{"embeddable":true,"href":"https:\/\/www.tehnopan.com\/w\/wp-json\/wp\/v2\/comments?post=211"}],"version-history":[{"count":1,"href":"https:\/\/www.tehnopan.com\/w\/wp-json\/wp\/v2\/pages\/211\/revisions"}],"predecessor-version":[{"id":2625,"href":"https:\/\/www.tehnopan.com\/w\/wp-json\/wp\/v2\/pages\/211\/revisions\/2625"}],"up":[{"embeddable":true,"href":"https:\/\/www.tehnopan.com\/w\/wp-json\/wp\/v2\/pages\/61"}],"wp:featuredmedia":[{"embeddable":true,"href":"https:\/\/www.tehnopan.com\/w\/wp-json\/wp\/v2\/media\/220"}],"wp:attachment":[{"href":"https:\/\/www.tehnopan.com\/w\/wp-json\/wp\/v2\/media?parent=211"}],"wp:term":[{"taxonomy":"post_tag","embeddable":true,"href":"https:\/\/www.tehnopan.com\/w\/wp-json\/wp\/v2\/tags?post=211"}],"curies":[{"name":"wp","href":"https:\/\/api.w.org\/{rel}","templated":true}]}}