{"id":224,"date":"2010-07-15T13:47:11","date_gmt":"2010-07-15T11:47:11","guid":{"rendered":"http:\/\/www.tehnopan.com\/w\/"},"modified":"2016-02-24T13:29:26","modified_gmt":"2016-02-24T11:29:26","slug":"spirale-puznice","status":"publish","type":"page","link":"https:\/\/www.tehnopan.com\/w\/transport-medija\/spirale-puznice\/","title":{"rendered":"Spirale pu\u017enice &#8211; pu\u017ene spirale za transport sipkih medija"},"content":{"rendered":"[rev_slider spirale]\n<p style=\"text-align: center;\"><em><strong>Pu\u017enice<\/strong>, \u0161neke,\u00a0<strong>spirale, <span style=\"font-weight: normal;\">pol\u017e, vija\u010dnik, zavojnica, <\/span>za \u00a0transport sipkih medija<\/strong>, pu\u017ene spirale bu\u0161enje rupa u zemlji, tretman otpadnih voda.<\/em><\/p>\n<h4 style=\"text-align: left;\">Sve vrste\u00a0<strong>spirala pu\u017enica<\/strong>:\u00a0<strong>INOX pu\u017enice <\/strong>, segmenti spirala, te\u0161ke pu\u017enice, fleksibilne spirale, gibljive spirale (beskona\u010dne pu\u017enice). Najve\u0107e regionalno skladi\u0161te spirala u ovom dijelu Europe.<\/h4>\n<p style=\"text-align: left;\">Pogledajte i stranicu o\u00a0pu\u017enim transporterima te\u00a0INOX pu\u017enim transporterima.\u00a0Sigrurno \u0107e Vam zatrebati i odgovaraju\u0107e\u00a0<a href=\"http:\/\/www.tehnopan.com\/w\/transport-medija\/tankostijene-cijevi\/\">tankostijene cijev<\/a>i za pu\u017enice, spirale.<\/p>\n<p style=\"text-align: left;\">Veliko skladi\u0161te sa preko <strong>100\u00a0vrsta pu\u017enica<\/strong> na skladi\u0161tu u Prekvr\u0161ju kod Ka\u0161ine, \u010dini nas najve\u010dim izborom\u00a0spirala za pu\u017eni transport na ovim prostorima.<\/p>\n<p style=\"text-align: justify;\">Naj\u010de\u0161\u0107i materijali koji se prenose <a href=\"http:\/\/www.tehnopan.com\/w\/transport-medija\/puzni-transporteri\/\">pu\u017enim transporterima<\/a> su:<\/p>\n<ul>\n<li>p\u0161enica, kukuruz, uljarice<\/li>\n<li>Wood chips, sje\u010dka, leseni sekanci, pellet pelete<\/li>\n<li>sol, \u0161e\u0107er, \u0161e\u0107er u prahu<\/li>\n<li>sto\u010dna hrana, krma<\/li>\n<li>bra\u0161no, posije<\/li>\n<li>PVC granule, HDPE mljeveni<\/li>\n<li>mineralna gnojiva i sli\u010dno.<\/li>\n<li>mnogi drugi&#8230;<\/li>\n<\/ul>\n<p style=\"text-align: center;\"><a href=\"http:\/\/tehnopan.com\/w\/wp-content\/uploads\/2010\/07\/spirale-sve.jpg\"><br \/>\n<\/a>Prikaz smjera kretanja medija, ovisno o smjeru okretaja i vrsti zavojnice.<\/p>\n<blockquote>\n<p style=\"text-align: center;\"><em>Ukoliko ne znate koju spiralu trebate lijevu ili desnu, pogledajte sliku dole\u00a0kako bi ustanovili koja vam je potrebna.<\/em><\/p>\n<\/blockquote>\n<p style=\"text-align: left;\"><a href=\"http:\/\/tehnopan.com\/w\/wp-content\/uploads\/2010\/07\/smjermedija.jpg\"><img loading=\"lazy\" decoding=\"async\" class=\"size-full wp-image-227 aligncenter\" title=\"smjermedija\" src=\"http:\/\/tehnopan.com\/w\/wp-content\/uploads\/2010\/07\/smjermedija.jpg\" alt=\"\" width=\"250\" height=\"143\" \/><\/a><\/p>\n<blockquote>\n<p style=\"text-align: center;\">1. Desna spirala 2. Lijeva spirala 3. Desna spirala. 4 Lijeva spirala<\/p>\n<\/blockquote>\n<div>\n<table class=\"alignleft\" style=\"height: 3394px;\" width=\"469\" cellspacing=\"2\" cellpadding=\"2\">\n<tbody>\n<tr>\n<td valign=\"middle\"><span style=\"color: #000000;\"><strong>Spirale promjer x korak x unutarnja cijev &#8211; debljna lima<\/strong><\/span><\/td>\n<\/tr>\n<tr>\n<td style=\"text-align: left;\" valign=\"middle\"><span style=\"color: #000000;\">Spirala\u00a0 58x44x20-5 (20&#215;5) L=2,15m<\/span><\/td>\n<\/tr>\n<tr>\n<td valign=\"middle\"><span style=\"color: #000000;\">Spirala\u00a0 60x53x30-15*6 L2140<\/span><\/td>\n<\/tr>\n<tr>\n<td style=\"text-align: left;\" valign=\"middle\"><span style=\"color: #000000;\">Spirala\u00a0 60x60x22-3 Lijeva<\/span><\/td>\n<\/tr>\n<tr>\n<td style=\"text-align: left;\" valign=\"middle\"><span style=\"color: #000000;\">Spirala\u00a0 61x60x22-3<\/span><\/td>\n<\/tr>\n<tr>\n<td style=\"text-align: left;\" valign=\"middle\"><span style=\"color: #000000;\">Spirala\u00a0 70x70x22-3<\/span><\/td>\n<\/tr>\n<tr>\n<td style=\"text-align: left;\" valign=\"middle\"><span style=\"color: #000000;\">Spirala\u00a0 80x80x27-3<\/span><\/td>\n<\/tr>\n<tr>\n<td style=\"text-align: left;\" valign=\"middle\"><span style=\"color: #000000;\">Spirala\u00a0 83x70x35-6 (25&#215;6) L=2,15m<\/span><\/td>\n<\/tr>\n<tr>\n<td style=\"text-align: left;\" valign=\"middle\"><span style=\"color: #000000;\">Spirala\u00a0 85x50x27-3<\/span><\/td>\n<\/tr>\n<tr>\n<td style=\"text-align: left;\" valign=\"middle\"><span style=\"color: #000000;\">Spirala\u00a0 85x85x27-3<\/span><\/td>\n<\/tr>\n<tr>\n<td style=\"text-align: left;\" valign=\"middle\"><span style=\"color: #000000;\">Spirala\u00a0 90x70x27-3<\/span><\/td>\n<\/tr>\n<tr>\n<td style=\"text-align: left;\" valign=\"middle\"><span style=\"color: #000000;\">Spirala\u00a0 90x90x27-3<\/span><\/td>\n<\/tr>\n<tr>\n<td style=\"text-align: left;\" valign=\"middle\"><span style=\"color: #000000;\">Spirala\u00a0 90x90x27-6<\/span><\/td>\n<\/tr>\n<tr>\n<td style=\"text-align: left;\" valign=\"middle\"><span style=\"color: #000000;\">Spirala\u00a0 90x90x27-6 Lijeva<\/span><\/td>\n<\/tr>\n<tr>\n<td style=\"text-align: left;\" valign=\"middle\"><span style=\"color: #000000;\">Spirala\u00a0 90x90x34-3<\/span><\/td>\n<\/tr>\n<tr>\n<td style=\"text-align: left;\" valign=\"middle\"><span style=\"color: #000000;\">Spirala\u00a0 91x90x34-8\/5<\/span><\/td>\n<\/tr>\n<tr>\n<td style=\"text-align: left;\" valign=\"middle\"><span style=\"color: #000000;\">Spirala 100x100x27-3 Lijeva<\/span><\/td>\n<\/tr>\n<tr>\n<td style=\"text-align: left;\" valign=\"middle\"><span style=\"color: #000000;\">Spirala 100x100x34-3 Lijeva<\/span><\/td>\n<\/tr>\n<tr>\n<td style=\"text-align: left;\" valign=\"middle\"><span style=\"color: #000000;\">Spirala 100x100x34-6<\/span><\/td>\n<\/tr>\n<tr>\n<td style=\"text-align: left;\" valign=\"middle\"><span style=\"color: #000000;\">Spirala 110x110x30-8 L1640<\/span><\/td>\n<\/tr>\n<tr>\n<td style=\"text-align: left;\" valign=\"middle\"><span style=\"color: #000000;\">Spirala 110x110x34-3<\/span><\/td>\n<\/tr>\n<tr>\n<td style=\"text-align: left;\" valign=\"middle\"><span style=\"color: #000000;\">Spirala 110x110x35-10 (40&#215;10) L=2,7m<\/span><\/td>\n<\/tr>\n<tr>\n<td style=\"text-align: left;\" valign=\"middle\"><span style=\"color: #000000;\">Spirala 120x120x34-3<\/span><\/td>\n<\/tr>\n<tr>\n<td style=\"text-align: left;\" valign=\"middle\"><span style=\"color: #000000;\">Spirala 120x120x34-3 Lijeva<\/span><\/td>\n<\/tr>\n<tr>\n<td style=\"text-align: left;\" valign=\"middle\"><span style=\"color: #000000;\">Spirala 120x120x34-6<\/span><\/td>\n<\/tr>\n<tr>\n<td style=\"text-align: left;\" valign=\"middle\"><span style=\"color: #000000;\">Spirala 120x60x40-8 L650<\/span><\/td>\n<\/tr>\n<tr>\n<td style=\"text-align: left;\" valign=\"middle\"><span style=\"color: #000000;\">Spirala 120x90x40-8 L2000<\/span><\/td>\n<\/tr>\n<tr>\n<td style=\"text-align: left;\" valign=\"middle\"><span style=\"color: #000000;\">Spirala 130x130x34-3<\/span><\/td>\n<\/tr>\n<tr>\n<td style=\"text-align: left;\" valign=\"middle\"><span style=\"color: #000000;\">Spirala 130x130x34-6<\/span><\/td>\n<\/tr>\n<tr>\n<td style=\"text-align: left;\" valign=\"middle\"><span style=\"color: #000000;\">Spirala 135x110x38-4<\/span><\/td>\n<\/tr>\n<tr>\n<td style=\"text-align: left;\" valign=\"middle\"><span style=\"color: #000000;\">Spirala 135x110x38-4 Lijeva<\/span><\/td>\n<\/tr>\n<tr>\n<td style=\"text-align: left;\" valign=\"middle\"><span style=\"color: #000000;\">Spirala 135x135x34-4<\/span><\/td>\n<\/tr>\n<tr>\n<td style=\"text-align: left;\" valign=\"middle\"><span style=\"color: #000000;\">Spirala 135x135x34-4 Lijeva<\/span><\/td>\n<\/tr>\n<tr>\n<td style=\"text-align: left;\" valign=\"middle\"><span style=\"color: #000000;\">Spirala 135x135x42-6<\/span><\/td>\n<\/tr>\n<tr>\n<td style=\"text-align: left;\" valign=\"middle\"><span style=\"color: #000000;\">Spirala 140x140x42-3,5<\/span><\/td>\n<\/tr>\n<tr>\n<td style=\"text-align: left;\" valign=\"middle\"><span style=\"color: #000000;\">Spirala 140x140x42-3,5 Lijeva<\/span><\/td>\n<\/tr>\n<tr>\n<td style=\"text-align: left;\" valign=\"middle\"><span style=\"color: #000000;\">Spirala 140x80x42-3,5<\/span><\/td>\n<\/tr>\n<tr>\n<td style=\"text-align: left;\" valign=\"middle\"><span style=\"color: #000000;\">Spirala 150x100x33.7-5<\/span><\/td>\n<\/tr>\n<tr>\n<td style=\"text-align: left;\" valign=\"middle\"><span style=\"color: #000000;\">Spirala 150x100x48-4<\/span><\/td>\n<\/tr>\n<tr>\n<td style=\"text-align: left;\" valign=\"middle\"><span style=\"color: #000000;\">Spirala 150x100x48-6<\/span><\/td>\n<\/tr>\n<tr>\n<td style=\"text-align: left;\" valign=\"middle\"><span style=\"color: #000000;\">Spirala 150x100x48-6 Lijeva<\/span><\/td>\n<\/tr>\n<tr>\n<td style=\"text-align: left;\" valign=\"middle\"><span style=\"color: #000000;\">Spirala 150x150x42-4<\/span><\/td>\n<\/tr>\n<tr>\n<td style=\"text-align: left;\" valign=\"middle\"><span style=\"color: #000000;\">Spirala 150x150x48-4<\/span><\/td>\n<\/tr>\n<tr>\n<td style=\"text-align: left;\" valign=\"middle\"><span style=\"color: #000000;\">Spirala 150x150x48-4 Lijeva<\/span><\/td>\n<\/tr>\n<tr>\n<td style=\"text-align: left;\" valign=\"middle\"><span style=\"color: #000000;\">Spirala 150x150x48-6<\/span><\/td>\n<\/tr>\n<tr>\n<td style=\"text-align: left;\" valign=\"middle\"><span style=\"color: #000000;\">Spirala 150x150x48-6 Lijeva<\/span><\/td>\n<\/tr>\n<tr>\n<td style=\"text-align: left;\" valign=\"middle\"><span style=\"color: #000000;\">Spirala 150x150x60-4<\/span><\/td>\n<\/tr>\n<tr>\n<td style=\"text-align: left;\" valign=\"middle\"><span style=\"color: #000000;\">Spirala 160x160x48-4<\/span><\/td>\n<\/tr>\n<tr>\n<td style=\"text-align: left;\" valign=\"middle\"><span style=\"color: #000000;\">Spirala 160x80x100-3<\/span><\/td>\n<\/tr>\n<tr>\n<td style=\"text-align: left;\" valign=\"middle\"><span style=\"color: #000000;\">Spirala 180x100x48-4<\/span><\/td>\n<\/tr>\n<tr>\n<td style=\"text-align: left;\" valign=\"middle\"><span style=\"color: #000000;\">Spirala 180x180x48-4<\/span><\/td>\n<\/tr>\n<tr>\n<td style=\"text-align: left;\" valign=\"middle\"><span style=\"color: #000000;\">Spirala 180x180x48-4 Lijeva<\/span><\/td>\n<\/tr>\n<tr>\n<td style=\"text-align: left;\" valign=\"middle\"><span style=\"color: #000000;\">Spirala 180x180x48-6<\/span><\/td>\n<\/tr>\n<tr>\n<td style=\"text-align: left;\" valign=\"middle\"><span style=\"color: #000000;\">Spirala 180x180x60-4<\/span><\/td>\n<\/tr>\n<tr>\n<td style=\"text-align: left;\" valign=\"middle\"><span style=\"color: #000000;\">Spirala 180x180x60-6<\/span><\/td>\n<\/tr>\n<tr>\n<td style=\"text-align: left;\" valign=\"middle\"><span style=\"color: #000000;\">Spirala 190x125x60-6<\/span><\/td>\n<\/tr>\n<tr>\n<td style=\"text-align: left;\" valign=\"middle\"><span style=\"color: #000000;\">Spirala 190x130x60-6 L<\/span><\/td>\n<\/tr>\n<tr>\n<td style=\"text-align: left;\" valign=\"middle\"><span style=\"color: #000000;\">Spirala 190x190x48-4<\/span><\/td>\n<\/tr>\n<tr>\n<td style=\"text-align: left;\" valign=\"middle\"><span style=\"color: #000000;\">Spirala 190x190x60-4<\/span><\/td>\n<\/tr>\n<tr>\n<td style=\"text-align: left;\" valign=\"middle\"><span style=\"color: #000000;\">Spirala 200x150x42.4-5<\/span><\/td>\n<\/tr>\n<tr>\n<td style=\"text-align: left;\" valign=\"middle\"><span style=\"color: #000000;\">Spirala 200x150x48-4<\/span><\/td>\n<\/tr>\n<tr>\n<td style=\"text-align: left;\" valign=\"middle\"><span style=\"color: #000000;\">Spirala 200x150x48-6 Lijeva<\/span><\/td>\n<\/tr>\n<tr>\n<td style=\"text-align: left;\" valign=\"middle\"><span style=\"color: #000000;\">Spirala 200x200x48-4<\/span><\/td>\n<\/tr>\n<tr>\n<td style=\"text-align: left;\" valign=\"middle\"><span style=\"color: #000000;\">Spirala 200x200x60-6<\/span><\/td>\n<\/tr>\n<tr>\n<td style=\"text-align: left;\" valign=\"middle\"><span style=\"color: #000000;\">Spirala 220x220x48-4<\/span><\/td>\n<\/tr>\n<tr>\n<td style=\"text-align: left;\" valign=\"middle\"><span style=\"color: #000000;\">Spirala 220x220x48-4 Lijeva<\/span><\/td>\n<\/tr>\n<tr>\n<td style=\"text-align: left;\" valign=\"middle\"><span style=\"color: #000000;\">Spirala 220x220x60-4 Lijeva<\/span><\/td>\n<\/tr>\n<tr>\n<td style=\"text-align: left;\" valign=\"middle\"><span style=\"color: #000000;\">Spirala 230x170x60-4<\/span><\/td>\n<\/tr>\n<tr>\n<td style=\"text-align: left;\" valign=\"middle\"><span style=\"color: #000000;\">Spirala 230x170x60-4 Lijeva<\/span><\/td>\n<\/tr>\n<tr>\n<td style=\"text-align: left;\" valign=\"middle\"><span style=\"color: #000000;\">Spirala 230x230x60-4<\/span><\/td>\n<\/tr>\n<tr>\n<td style=\"text-align: left;\" valign=\"middle\"><span style=\"color: #000000;\">Spirala 230x230x60-4 Lijeva<\/span><\/td>\n<\/tr>\n<tr>\n<td style=\"text-align: left;\" valign=\"middle\"><span style=\"color: #000000;\">Spirala 230x230x60-6<\/span><\/td>\n<\/tr>\n<tr>\n<td style=\"text-align: left;\" valign=\"middle\"><span style=\"color: #000000;\">Spirala 237x240x48-4 Lijeva<\/span><\/td>\n<\/tr>\n<tr>\n<td style=\"text-align: left;\" valign=\"middle\"><span style=\"color: #000000;\">Spirala 240x200x48-4<\/span><\/td>\n<\/tr>\n<tr>\n<td style=\"text-align: left;\" valign=\"middle\"><span style=\"color: #000000;\">Spirala 250x200x48.3-5<\/span><\/td>\n<\/tr>\n<tr>\n<td style=\"text-align: left;\" valign=\"middle\"><span style=\"color: #000000;\">Spirala 250x250x60,3-4<\/span><\/td>\n<\/tr>\n<tr>\n<td style=\"text-align: left;\" valign=\"middle\"><span style=\"color: #000000;\">Spirala 250x250x60,3-6<\/span><\/td>\n<\/tr>\n<tr>\n<td style=\"text-align: left;\" valign=\"middle\"><span style=\"color: #000000;\">Spirala 250x250x76-4<\/span><\/td>\n<\/tr>\n<tr>\n<td style=\"text-align: left;\" valign=\"middle\"><span style=\"color: #000000;\">Spirala 280x280x90-6<\/span><\/td>\n<\/tr>\n<tr>\n<td style=\"text-align: left;\" valign=\"middle\"><span style=\"color: #000000;\">Spirala 280x457x127-6<\/span><\/td>\n<\/tr>\n<tr>\n<td style=\"text-align: left;\" valign=\"middle\"><span style=\"color: #000000;\">Spirala 300x300x60-6 Lijeva<\/span><\/td>\n<\/tr>\n<tr>\n<td style=\"text-align: left;\" valign=\"middle\"><span style=\"color: #000000;\">Spirala 300x300x76-6<\/span><\/td>\n<\/tr>\n<tr>\n<td style=\"text-align: left;\" valign=\"middle\"><span style=\"color: #000000;\">Spirala 300x300x90-4<\/span><\/td>\n<\/tr>\n<tr>\n<td style=\"text-align: left;\" valign=\"middle\"><span style=\"color: #000000;\">Spirala 300x300x90-4 L<\/span><\/td>\n<\/tr>\n<tr>\n<td style=\"text-align: left;\" valign=\"middle\"><span style=\"color: #000000;\">Spirala 300x300x90-5 Lijeva TR<\/span><\/td>\n<\/tr>\n<tr>\n<td style=\"text-align: left;\" valign=\"middle\"><span style=\"color: #000000;\">Spirala 340x350x90-8<\/span><\/td>\n<\/tr>\n<tr>\n<td style=\"text-align: left;\" valign=\"middle\"><span style=\"color: #000000;\">Spirala 350x250x90-5<\/span><\/td>\n<\/tr>\n<tr>\n<td style=\"text-align: left;\" valign=\"middle\"><span style=\"color: #000000;\">Spirala 350x250x90-5 Lijeva<\/span><\/td>\n<\/tr>\n<tr>\n<td style=\"text-align: left;\" valign=\"middle\"><span style=\"color: #000000;\">Spirala 350x350x90-6<\/span><\/td>\n<\/tr>\n<tr>\n<td style=\"text-align: left;\" valign=\"middle\"><span style=\"color: #000000;\">Spirala 350x350x90-6 Lijeva<\/span><\/td>\n<\/tr>\n<tr>\n<td style=\"text-align: left;\" valign=\"middle\"><span style=\"color: #000000;\">Spirala 400x300x89-6<\/span><\/td>\n<\/tr>\n<tr>\n<td style=\"text-align: left;\" valign=\"middle\"><span style=\"color: #000000;\">Spirala 400x300x89-6 Lijeva<\/span><\/td>\n<\/tr>\n<tr>\n<td style=\"text-align: left;\" valign=\"middle\"><span style=\"color: #000000;\">Spirala 400x400x102-6\/4 Lijeva<\/span><\/td>\n<\/tr>\n<tr>\n<td style=\"text-align: left;\" valign=\"middle\"><span style=\"color: #000000;\">Spirala 500x300x370-10<\/span><\/td>\n<\/tr>\n<tr>\n<td style=\"text-align: left;\" valign=\"middle\"><span style=\"color: #000000;\">Spirala 500x300x370-10 Lijeva<\/span><\/td>\n<\/tr>\n<tr>\n<td style=\"text-align: left;\" valign=\"middle\"><span style=\"color: #000000;\">Spirala 500x500x114-10<\/span><\/td>\n<\/tr>\n<tr>\n<td style=\"text-align: left;\" valign=\"middle\"><span style=\"color: #000000;\">Spirala 500x500x250-10<\/span><\/td>\n<\/tr>\n<tr>\n<td style=\"text-align: left;\" valign=\"middle\"><span style=\"color: #000000;\">\u00f8 58 x 44 rupa \u00f8 20, debljina 5 mm<\/span><br \/>\n<span style=\"color: #000000;\"> \u00f8 60 x 53 rupa \u00f8 30, od plosnog \u017eeljeza 15&#215;6 mm<\/span><br \/>\n<span style=\"color: #000000;\"> \u00f8 83 x 70 rupa \u00f8 35, od plosnog \u017eeljeza 25&#215;6 mm<\/span><br \/>\n<span style=\"color: #000000;\"> \u00f8 91 x 90 rupa \u00f8 34, od od lima 8 mm (8\/5)<\/span><br \/>\n<span style=\"color: #000000;\"> \u00f8 107 x 95 rupa \u00f8 42, od od lima 6 mm (6\/3,2)<\/span><br \/>\n<span style=\"color: #000000;\"> \u00f8 110 x110 rupa \u00f8 35, od lima 10 mm<\/span><br \/>\n<span style=\"color: #000000;\"> \u00f8 120 x 90 rupa \u00f8 40, od lima 8 mm\u00a0<\/span><\/td>\n<\/tr>\n<tr>\n<td style=\"text-align: left;\" valign=\"middle\"><span style=\"color: #000000;\"><strong>Spirale pu\u017enice INOX<\/strong><\/span><\/td>\n<\/tr>\n<tr>\n<td style=\"text-align: left;\" valign=\"middle\"><span style=\"color: #000000;\">Spirala INOX\u00a0 40x30x20-4<\/span><\/td>\n<\/tr>\n<tr>\n<td style=\"text-align: left;\" valign=\"middle\"><span style=\"color: #000000;\">Spirala INOX\u00a0 50x50x12,5-2<\/span><\/td>\n<\/tr>\n<tr>\n<td style=\"text-align: left;\" valign=\"middle\"><span style=\"color: #000000;\">Spirala INOX\u00a0 50x50x17-4<\/span><\/td>\n<\/tr>\n<tr>\n<td style=\"text-align: left;\" valign=\"middle\"><span style=\"color: #000000;\">Spirala INOX\u00a0 60x60x22-4<\/span><\/td>\n<\/tr>\n<tr>\n<td style=\"text-align: left;\" valign=\"middle\"><span style=\"color: #000000;\">Spirala INOX\u00a0 80x80x22-4<\/span><\/td>\n<\/tr>\n<tr>\n<td style=\"text-align: left;\" valign=\"middle\"><span style=\"color: #000000;\">Spirala INOX\u00a0 90x90x27-4<\/span><\/td>\n<\/tr>\n<tr>\n<td style=\"text-align: left;\" valign=\"middle\"><span style=\"color: #000000;\">Spirala INOX 100x100x33,7-4<\/span><\/td>\n<\/tr>\n<tr>\n<td style=\"text-align: left;\" valign=\"middle\"><span style=\"color: #000000;\">Spirala INOX 100x70x33,7-4 Lijeva<\/span><\/td>\n<\/tr>\n<tr>\n<td style=\"text-align: left;\" valign=\"middle\"><span style=\"color: #000000;\">Spirala INOX 120x120x27-4<\/span><\/td>\n<\/tr>\n<tr>\n<td style=\"text-align: left;\" valign=\"middle\"><span style=\"color: #000000;\">Spirala INOX 120x120x33,7-4<\/span><\/td>\n<\/tr>\n<tr>\n<td style=\"text-align: left;\" valign=\"middle\"><span style=\"color: #000000;\">Spirala INOX 130x130x33,7-4<\/span><\/td>\n<\/tr>\n<tr>\n<td style=\"text-align: left;\" valign=\"middle\"><span style=\"color: #000000;\">Spirala INOX 145x145x45-3<\/span><\/td>\n<\/tr>\n<tr>\n<td style=\"text-align: left;\" valign=\"middle\"><span style=\"color: #000000;\">Spirala INOX 148x150x48-4<\/span><\/td>\n<\/tr>\n<tr>\n<td style=\"text-align: left;\" valign=\"middle\"><span style=\"color: #000000;\">Spirala INOX 150x100x48-4<\/span><\/td>\n<\/tr>\n<tr>\n<td style=\"text-align: left;\" valign=\"middle\"><span style=\"color: #000000;\">Spirala INOX 150x150x48-4<\/span><\/td>\n<\/tr>\n<tr>\n<td style=\"text-align: left;\" valign=\"middle\"><span style=\"color: #000000;\">Spirala INOX 150x150x48-4 lijeva<\/span><\/td>\n<\/tr>\n<tr>\n<td style=\"text-align: left;\" valign=\"middle\"><span style=\"color: #000000;\">Spirala INOX 160x160x48-4<\/span><\/td>\n<\/tr>\n<tr>\n<td style=\"text-align: left;\" valign=\"middle\"><span style=\"color: #000000;\">Spirala INOX 160x160x77-4<\/span><\/td>\n<\/tr>\n<tr>\n<td style=\"text-align: left;\" valign=\"middle\"><span style=\"color: #000000;\">Spirala INOX 164x160x48-4<\/span><\/td>\n<\/tr>\n<tr>\n<td style=\"text-align: left;\" valign=\"middle\"><span style=\"color: #000000;\">Spirala INOX 180x180x48-4<\/span><\/td>\n<\/tr>\n<tr>\n<td style=\"text-align: left;\" valign=\"middle\"><span style=\"color: #000000;\">Spirala INOX 200x200x60-4<\/span><\/td>\n<\/tr>\n<tr>\n<td style=\"text-align: left;\" valign=\"middle\"><span style=\"color: #000000;\">Spirala INOX 200x200x60-5<\/span><\/td>\n<\/tr>\n<tr>\n<td style=\"text-align: left;\" valign=\"middle\"><span style=\"color: #000000;\">Spirala INOX 250x250x60-4<\/span><\/td>\n<\/tr>\n<tr>\n<td style=\"text-align: left;\" valign=\"middle\"><span style=\"color: #000000;\">Spirala INOX 300x300x76-5<\/span><\/td>\n<\/tr>\n<tr>\n<td style=\"text-align: left;\" valign=\"middle\"><span style=\"color: #000000;\">Spirala INOX 300x300x90-5<\/span><\/td>\n<\/tr>\n<tr>\n<td style=\"text-align: left;\" valign=\"middle\"><span style=\"color: #000000;\">Spirala INOX 300x300x90-5 Lijeva<\/span><\/td>\n<\/tr>\n<\/tbody>\n<\/table>\n<\/div>\n","protected":false},"excerpt":{"rendered":"<p>[rev_slider spirale] Pu\u017enice, \u0161neke,\u00a0spirale, pol\u017e, vija\u010dnik, zavojnica, za \u00a0transport sipkih medija, pu\u017ene spirale bu\u0161enje rupa u zemlji, tretman otpadnih voda. Sve vrste\u00a0spirala pu\u017enica:\u00a0INOX pu\u017enice , segmenti spirala, te\u0161ke pu\u017enice, fleksibilne spirale, gibljive spirale (beskona\u010dne pu\u017enice). Najve\u0107e regionalno skladi\u0161te spirala u ovom dijelu Europe. Pogledajte i stranicu o\u00a0pu\u017enim transporterima te\u00a0INOX pu\u017enim transporterima.\u00a0Sigrurno \u0107e Vam zatrebati i&#8230;<\/p>\n","protected":false},"author":7,"featured_media":1754,"parent":710,"menu_order":1,"comment_status":"closed","ping_status":"closed","template":"","meta":{"_monsterinsights_skip_tracking":false,"_monsterinsights_sitenote_active":false,"_monsterinsights_sitenote_note":"","_monsterinsights_sitenote_category":0,"footnotes":""},"tags":[38,19,55],"class_list":["post-224","page","type-page","status-publish","has-post-thumbnail","hentry","tag-inox","tag-spirale","tag-transport"],"aioseo_notices":[],"_links":{"self":[{"href":"https:\/\/www.tehnopan.com\/w\/wp-json\/wp\/v2\/pages\/224"}],"collection":[{"href":"https:\/\/www.tehnopan.com\/w\/wp-json\/wp\/v2\/pages"}],"about":[{"href":"https:\/\/www.tehnopan.com\/w\/wp-json\/wp\/v2\/types\/page"}],"author":[{"embeddable":true,"href":"https:\/\/www.tehnopan.com\/w\/wp-json\/wp\/v2\/users\/7"}],"replies":[{"embeddable":true,"href":"https:\/\/www.tehnopan.com\/w\/wp-json\/wp\/v2\/comments?post=224"}],"version-history":[{"count":8,"href":"https:\/\/www.tehnopan.com\/w\/wp-json\/wp\/v2\/pages\/224\/revisions"}],"predecessor-version":[{"id":2365,"href":"https:\/\/www.tehnopan.com\/w\/wp-json\/wp\/v2\/pages\/224\/revisions\/2365"}],"up":[{"embeddable":true,"href":"https:\/\/www.tehnopan.com\/w\/wp-json\/wp\/v2\/pages\/710"}],"wp:featuredmedia":[{"embeddable":true,"href":"https:\/\/www.tehnopan.com\/w\/wp-json\/wp\/v2\/media\/1754"}],"wp:attachment":[{"href":"https:\/\/www.tehnopan.com\/w\/wp-json\/wp\/v2\/media?parent=224"}],"wp:term":[{"taxonomy":"post_tag","embeddable":true,"href":"https:\/\/www.tehnopan.com\/w\/wp-json\/wp\/v2\/tags?post=224"}],"curies":[{"name":"wp","href":"https:\/\/api.w.org\/{rel}","templated":true}]}}