{"id":242,"date":"2010-07-15T14:55:19","date_gmt":"2010-07-15T12:55:19","guid":{"rendered":"http:\/\/www.tehnopan.com\/w\/"},"modified":"2013-12-12T11:31:38","modified_gmt":"2013-12-12T09:31:38","slug":"varilice","status":"publish","type":"page","link":"https:\/\/www.tehnopan.com\/w\/strojevi\/varilice\/","title":{"rendered":"Varilice"},"content":{"rendered":"<p>Ako imate potrebu zatvarati\u00a0<strong>PE I PP vre\u0107e i vre\u0107ice<\/strong>, jedno od kvalitetnih i nadasve povoljnih rje\u0161enja su\u00a0<strong>varilice za vre\u0107e<\/strong>\u00a0iz Tehnopan-a.<\/p>\n<p>Na skladi\u0161tu raspola\u017eemo sa slijede\u0107im varilicama:<\/p>\n<ul>\n<li>stabilnim-podnim varilicama, sa \u0161irinom \u010deljusti 350, 450 i 650 mm, sa dve vrste grija\u010da;<\/li>\n<li>\u017earna traka<\/li>\n<li>grija\u010de \u010deljusti<\/li>\n<li>stolnim-ru\u010dnim od 100, 200, 300, 400 i 500 mm , te 600, 800 i 900mm. Mogu\u0107e ve\u0107e duljine uz naru\u0111bu.<\/li>\n<li>tra\u010dnim\u00a0kontinuiranim sa trakama duljine 800 , 900 i 1000 mm<\/li>\n<li>varilica na topli zrak za ceradu<\/li>\n<\/ul>\n<p style=\"text-align: justify;\">Sve <strong>varilice<\/strong> za vre\u0107e imaju potenciometre za finu regulaciju temperature. Tra\u010dne varilice imaju opciju za rad u 2 polo\u017eaja; okomito putuju\u0107a vre\u0107ica i horizontalno polo\u017eene vre\u0107ice (za ve\u0107e formate). Brzina trake je naravno tako\u0111er podesiva.<\/p>\n<p style=\"text-align: justify;\">Radne temperature varilice za Polyester i polipropilen film 14\/16\/20 su 220-260 \u00b0C, za 6\/160 su 175-220 \u00b0C, a za 45\/30 oko 160\u00b0 C. Temperatura za polyetilen je 130 &#8211; 150\u00b0C. Neke varilice su opremljene sa zamjenjivim ulo\u0161cima za otiskivanje brojeva i slova (max. do 20 mjesta) na vre\u0107ice. Radni priklju\u010dak za Model FRD-1000 je 220 V\/50Hz, brzina trake 1-12 m\/min, nosivosti do max. 10 kg, sa podesivom temperaturom 0-300\u2022C<\/p>\n<p style=\"text-align: justify;\">Veliku sigurnost protiv otvaranja zavarenih vre\u0107a osigurava velika \u0161irina vara od 6-12 mm, koja je podesiva kod tra\u010dnih varilica. Debljina vara je od 0,01 &#8211; 0,2 mm.<\/p>\n<p><a href=\"http:\/\/tehnopan.com\/w\/wp-content\/uploads\/2010\/07\/sve-varilice.jpg\"><img loading=\"lazy\" decoding=\"async\" class=\"aligncenter size-full wp-image-247\" title=\"sve-varilice\" alt=\"\" src=\"http:\/\/tehnopan.com\/w\/wp-content\/uploads\/2010\/07\/sve-varilice.jpg\" width=\"600\" height=\"600\" srcset=\"https:\/\/tehnopan.com\/w\/wp-content\/uploads\/2010\/07\/sve-varilice.jpg 600w, https:\/\/tehnopan.com\/w\/wp-content\/uploads\/2010\/07\/sve-varilice-150x150.jpg 150w, https:\/\/tehnopan.com\/w\/wp-content\/uploads\/2010\/07\/sve-varilice-300x300.jpg 300w\" sizes=\"(max-width: 600px) 100vw, 600px\" \/><\/a><a href=\"http:\/\/tehnopan.com\/w\/wp-content\/uploads\/2010\/07\/varilicazaceradu.jpg\"><img loading=\"lazy\" decoding=\"async\" class=\"aligncenter size-full wp-image-246\" title=\"varilica za ceradu\" alt=\"varilica za ceradu\" src=\"http:\/\/tehnopan.com\/w\/wp-content\/uploads\/2010\/07\/varilicazaceradu.jpg\" width=\"234\" height=\"318\" srcset=\"https:\/\/tehnopan.com\/w\/wp-content\/uploads\/2010\/07\/varilicazaceradu.jpg 234w, https:\/\/tehnopan.com\/w\/wp-content\/uploads\/2010\/07\/varilicazaceradu-220x300.jpg 220w\" sizes=\"(max-width: 234px) 100vw, 234px\" \/><\/a><\/p>\n","protected":false},"excerpt":{"rendered":"<p>Ako imate potrebu zatvarati\u00a0PE I PP vre\u0107e i vre\u0107ice, jedno od kvalitetnih i nadasve povoljnih rje\u0161enja su\u00a0varilice za vre\u0107e\u00a0iz Tehnopan-a. Na skladi\u0161tu raspola\u017eemo sa slijede\u0107im varilicama: stabilnim-podnim varilicama, sa \u0161irinom \u010deljusti 350, 450 i 650 mm, sa dve vrste grija\u010da; \u017earna traka grija\u010de \u010deljusti stolnim-ru\u010dnim od 100, 200, 300, 400 i 500 mm , te&#8230;<\/p>\n","protected":false},"author":7,"featured_media":247,"parent":148,"menu_order":0,"comment_status":"closed","ping_status":"closed","template":"","meta":{"_monsterinsights_skip_tracking":false,"_monsterinsights_sitenote_active":false,"_monsterinsights_sitenote_note":"","_monsterinsights_sitenote_category":0,"footnotes":""},"tags":[21,54],"class_list":["post-242","page","type-page","status-publish","has-post-thumbnail","hentry","tag-strojevi-2","tag-varilice"],"aioseo_notices":[],"_links":{"self":[{"href":"https:\/\/www.tehnopan.com\/w\/wp-json\/wp\/v2\/pages\/242"}],"collection":[{"href":"https:\/\/www.tehnopan.com\/w\/wp-json\/wp\/v2\/pages"}],"about":[{"href":"https:\/\/www.tehnopan.com\/w\/wp-json\/wp\/v2\/types\/page"}],"author":[{"embeddable":true,"href":"https:\/\/www.tehnopan.com\/w\/wp-json\/wp\/v2\/users\/7"}],"replies":[{"embeddable":true,"href":"https:\/\/www.tehnopan.com\/w\/wp-json\/wp\/v2\/comments?post=242"}],"version-history":[{"count":0,"href":"https:\/\/www.tehnopan.com\/w\/wp-json\/wp\/v2\/pages\/242\/revisions"}],"up":[{"embeddable":true,"href":"https:\/\/www.tehnopan.com\/w\/wp-json\/wp\/v2\/pages\/148"}],"wp:featuredmedia":[{"embeddable":true,"href":"https:\/\/www.tehnopan.com\/w\/wp-json\/wp\/v2\/media\/247"}],"wp:attachment":[{"href":"https:\/\/www.tehnopan.com\/w\/wp-json\/wp\/v2\/media?parent=242"}],"wp:term":[{"taxonomy":"post_tag","embeddable":true,"href":"https:\/\/www.tehnopan.com\/w\/wp-json\/wp\/v2\/tags?post=242"}],"curies":[{"name":"wp","href":"https:\/\/api.w.org\/{rel}","templated":true}]}}