{"id":251,"date":"2010-07-16T08:46:59","date_gmt":"2010-07-16T06:46:59","guid":{"rendered":"http:\/\/www.tehnopan.com\/w\/"},"modified":"2015-01-28T14:45:48","modified_gmt":"2015-01-28T12:45:48","slug":"vibro-motori","status":"publish","type":"page","link":"https:\/\/www.tehnopan.com\/w\/transport-medija\/vibro-motori\/","title":{"rendered":"Vibro motori\/Vibro podnice"},"content":{"rendered":"<h2><span style=\"font-size: medium;\">Upotreba <\/span><strong><span style=\"font-size: medium;\">vibro motora<\/span><\/strong><span style=\"font-size: medium;\"> je \u0161iroke primjene u raznim industrijama; prehrambenoj, procesnoj, kemijskoj, farmaceutskoj, metalnoj, gra\u0111evinarstvu, poljoprivredi, ljevaonicama, rudarstvu itd. Koriste se za pogon vibro stolova, aspiratera, sita, za vibriranje izlaza lijevaka, za otresanje nakupljenog materijala, kod ote\u017eanog istjecanja iz \u0107elija,te za vibro rine-podnice za kontrolirano doziranje materijala.<\/span><\/h2>\n<p>Na skladi\u0161tu raspola\u017eemo sa velikim rasponom vibro motora, upotrebljivih za pogon vibro sita, vibro stolova, ljeva\u010dkih kalupa, vibro podnica, vibro hladnjaka, kao pobu\u0111iva\u010di istjecanja medija iz silosa i spremnika u raznim industrijama, pripremi gra\u0111evinskih materijala, kamenolomima i sl.<\/p>\n<p><strong>Vibratori<\/strong> &#8211; vibro motori za pogone. Vibratori za sijanje. Vibratori za ljeva\u010dke kalupe. Vibratori za natresanje. Dozirni vibratori. Vibro plo\u010de za suho nabijanje. Vibrokorita za doziranje. Vibratori za pobu\u0111ivanje istjecanja iz silosa. Gra\u0111evinski vibratori, vibroalati.<\/p>\n<ul>\n<li><span style=\"font-size: small; line-height: 19px;\">Vibro motor 25 W \u00a0 \u00a0 VBM-2M\/25 monofazni<\/span><\/li>\n<li><span style=\"font-size: small;\">Vibro motor 30 W \u00a0 \u00a0VBM-2M\/40<\/span><\/li>\n<li><span style=\"font-size: small; line-height: 19px;\">Vibro motor 60 W \u00a0 \u00a0 ZF-T2\/60<\/span><\/li>\n<li><span style=\"font-size: small; line-height: 19px;\">Vibro motor 100 W \u00a0 \u00a0 ZF-T2\/100<\/span><\/li>\n<li><span style=\"font-size: small; line-height: 19px;\">Vibro motor 200 W \u00a0 \u00a0 ZF-T2\/200<\/span><\/li>\n<li><span style=\"font-size: small; line-height: 19px;\">Vibro motor 300 W \u00a0 \u00a0 ZF-T2\/300<\/span><\/li>\n<li><span style=\"font-size: small; line-height: 19px;\">Vibro motor 500 W \u00a0 \u00a0 ZF-T2\/500<\/span><\/li>\n<li><span style=\"font-size: small; line-height: 19px;\">Vibro motor 800 W \u00a0 \u00a0 ZF-T2\/800<\/span><\/li>\n<li><span style=\"font-size: small; line-height: 19px;\">Vibro motor 1300 W \u00a0 ZF-T2\/1300<\/span><\/li>\n<li><span style=\"font-size: small; line-height: 19px;\">Vibro motor 1500 W \u00a0 \u00a0ZF-T2\/1500<\/span><\/li>\n<li><span style=\"font-size: small; line-height: 19px;\">Vibro motor \u00a02300 W \u00a0 \u00a0ZF-T2\/2300<\/span><\/li>\n<li><span style=\"font-size: small; line-height: 19px;\">Vibro motor 3200 W \u00a0 \u00a0 ZF-T2\/3200<\/span><\/li>\n<\/ul>\n<p><strong>Vibro gladilica <\/strong>-za oplatu ili ljeva\u010dki kalup &#8211;\u00a0ru\u010dni vibrator za suho gla\u0111enje ili nabijanje ZF-03BD, 80 W sa plo\u010dom 220&#215;300 mm, sa ru\u010dkom i prekida\u010dem.<\/p>\n<p><strong>Vibro pobu\u0111ivac<\/strong>, za istjecanje iz silosa 370W, snage 0.5 kN.<\/p>\n<p><strong>Akumulatorski vibratori<\/strong>, za otresanje stijenki miksera (mixera) &#8211; mje\u0161alica za beton, sa pogonskim naponom 24V<\/p>\n<p><a href=\"http:\/\/tehnopan.com\/w\/wp-content\/uploads\/2010\/07\/ZF-T2.jpg\"><img loading=\"lazy\" decoding=\"async\" class=\"alignnone size-full wp-image-264\" title=\"ZF-T2\" src=\"http:\/\/tehnopan.com\/w\/wp-content\/uploads\/2010\/07\/ZF-T2.jpg\" alt=\"Vibro motor\" width=\"250\" height=\"153\" \/><\/a><a href=\"http:\/\/tehnopan.com\/w\/wp-content\/uploads\/2010\/07\/v1.jpg\"><img loading=\"lazy\" decoding=\"async\" class=\"alignnone size-full wp-image-262\" title=\"v1\" src=\"http:\/\/tehnopan.com\/w\/wp-content\/uploads\/2010\/07\/v1.jpg\" alt=\"\" width=\"250\" height=\"239\" \/><\/a><a href=\"http:\/\/tehnopan.com\/w\/wp-content\/uploads\/2010\/07\/gladilica.jpg\"><img loading=\"lazy\" decoding=\"async\" class=\"aligncenter size-full wp-image-1010\" title=\"gladilica\" src=\"http:\/\/tehnopan.com\/w\/wp-content\/uploads\/2010\/07\/gladilica.jpg\" alt=\"\" width=\"600\" height=\"450\" srcset=\"https:\/\/tehnopan.com\/w\/wp-content\/uploads\/2010\/07\/gladilica.jpg 600w, https:\/\/tehnopan.com\/w\/wp-content\/uploads\/2010\/07\/gladilica-300x225.jpg 300w\" sizes=\"(max-width: 600px) 100vw, 600px\" \/><\/a><a href=\"http:\/\/tehnopan.com\/w\/wp-content\/uploads\/2010\/07\/akomulat.-vibrator-.jpg\"><img loading=\"lazy\" decoding=\"async\" class=\"aligncenter size-full wp-image-1009\" title=\"akomulat. vibrator\" src=\"http:\/\/tehnopan.com\/w\/wp-content\/uploads\/2010\/07\/akomulat.-vibrator-.jpg\" alt=\"\" width=\"600\" height=\"450\" srcset=\"https:\/\/tehnopan.com\/w\/wp-content\/uploads\/2010\/07\/akomulat.-vibrator-.jpg 600w, https:\/\/tehnopan.com\/w\/wp-content\/uploads\/2010\/07\/akomulat.-vibrator--300x225.jpg 300w\" sizes=\"(max-width: 600px) 100vw, 600px\" \/><\/a><\/p>\n","protected":false},"excerpt":{"rendered":"<p>Upotreba vibro motora je \u0161iroke primjene u raznim industrijama; prehrambenoj, procesnoj, kemijskoj, farmaceutskoj, metalnoj, gra\u0111evinarstvu, poljoprivredi, ljevaonicama, rudarstvu itd. Koriste se za pogon vibro stolova, aspiratera, sita, za vibriranje izlaza lijevaka, za otresanje nakupljenog materijala, kod ote\u017eanog istjecanja iz \u0107elija,te za vibro rine-podnice za kontrolirano doziranje materijala. Na skladi\u0161tu raspola\u017eemo sa velikim rasponom vibro motora,&#8230;<\/p>\n","protected":false},"author":7,"featured_media":259,"parent":710,"menu_order":0,"comment_status":"closed","ping_status":"closed","template":"","meta":{"_monsterinsights_skip_tracking":false,"_monsterinsights_sitenote_active":false,"_monsterinsights_sitenote_note":"","_monsterinsights_sitenote_category":0,"footnotes":""},"tags":[21,57],"class_list":["post-251","page","type-page","status-publish","has-post-thumbnail","hentry","tag-strojevi-2","tag-vibro-motori"],"aioseo_notices":[],"_links":{"self":[{"href":"https:\/\/www.tehnopan.com\/w\/wp-json\/wp\/v2\/pages\/251"}],"collection":[{"href":"https:\/\/www.tehnopan.com\/w\/wp-json\/wp\/v2\/pages"}],"about":[{"href":"https:\/\/www.tehnopan.com\/w\/wp-json\/wp\/v2\/types\/page"}],"author":[{"embeddable":true,"href":"https:\/\/www.tehnopan.com\/w\/wp-json\/wp\/v2\/users\/7"}],"replies":[{"embeddable":true,"href":"https:\/\/www.tehnopan.com\/w\/wp-json\/wp\/v2\/comments?post=251"}],"version-history":[{"count":1,"href":"https:\/\/www.tehnopan.com\/w\/wp-json\/wp\/v2\/pages\/251\/revisions"}],"predecessor-version":[{"id":2333,"href":"https:\/\/www.tehnopan.com\/w\/wp-json\/wp\/v2\/pages\/251\/revisions\/2333"}],"up":[{"embeddable":true,"href":"https:\/\/www.tehnopan.com\/w\/wp-json\/wp\/v2\/pages\/710"}],"wp:featuredmedia":[{"embeddable":true,"href":"https:\/\/www.tehnopan.com\/w\/wp-json\/wp\/v2\/media\/259"}],"wp:attachment":[{"href":"https:\/\/www.tehnopan.com\/w\/wp-json\/wp\/v2\/media?parent=251"}],"wp:term":[{"taxonomy":"post_tag","embeddable":true,"href":"https:\/\/www.tehnopan.com\/w\/wp-json\/wp\/v2\/tags?post=251"}],"curies":[{"name":"wp","href":"https:\/\/api.w.org\/{rel}","templated":true}]}}