{"id":255,"date":"2010-07-16T09:10:54","date_gmt":"2010-07-16T07:10:54","guid":{"rendered":"http:\/\/www.tehnopan.com\/w\/"},"modified":"2010-08-26T13:38:00","modified_gmt":"2010-08-26T11:38:00","slug":"prijenosi-snage","status":"publish","type":"page","link":"https:\/\/www.tehnopan.com\/w\/transport-medija\/prijenosi-snage\/","title":{"rendered":"Prijenosi snage"},"content":{"rendered":"<ul>\n<li>klinaste remenice od \u00f8 75 &#8211; \u00f8 355 mm za dva remena 10 i 13 mm<\/li>\n<li>lan\u010danici 1\/2 i 3\/4&#8243; \u00a0sa 15, 17, 19, 21, 23, 25, 27, 29, 31 i 35 zubi\n<ul>\n<li>sa glav\u010dinom i<\/li>\n<li>bez, samo plo\u010da ( obje vrste lan\u010danika su spremne za provrt osovine prema potrebi kupca)<\/li>\n<\/ul>\n<\/li>\n<li>spojke &#8211; spojnice za promjere vratila do 80 mm\n<ul>\n<li>kan\u0111aste (prstaste) sa ulo\u017enom zvijezdom<\/li>\n<li>lan\u010dane<\/li>\n<\/ul>\n<\/li>\n<\/ul>\n","protected":false},"excerpt":{"rendered":"<p>klinaste remenice od \u00f8 75 &#8211; \u00f8 355 mm za dva remena 10 i 13 mm lan\u010danici 1\/2 i 3\/4&#8243; \u00a0sa 15, 17, 19, 21, 23, 25, 27, 29, 31 i 35 zubi sa glav\u010dinom i bez, samo plo\u010da ( obje vrste lan\u010danika su spremne za provrt osovine prema potrebi kupca) spojke &#8211; spojnice za&#8230;<\/p>\n","protected":false},"author":7,"featured_media":0,"parent":710,"menu_order":9,"comment_status":"closed","ping_status":"open","template":"","meta":{"_monsterinsights_skip_tracking":false,"_monsterinsights_sitenote_active":false,"_monsterinsights_sitenote_note":"","_monsterinsights_sitenote_category":0,"footnotes":""},"tags":[],"class_list":["post-255","page","type-page","status-publish","hentry"],"aioseo_notices":[],"_links":{"self":[{"href":"https:\/\/www.tehnopan.com\/w\/wp-json\/wp\/v2\/pages\/255"}],"collection":[{"href":"https:\/\/www.tehnopan.com\/w\/wp-json\/wp\/v2\/pages"}],"about":[{"href":"https:\/\/www.tehnopan.com\/w\/wp-json\/wp\/v2\/types\/page"}],"author":[{"embeddable":true,"href":"https:\/\/www.tehnopan.com\/w\/wp-json\/wp\/v2\/users\/7"}],"replies":[{"embeddable":true,"href":"https:\/\/www.tehnopan.com\/w\/wp-json\/wp\/v2\/comments?post=255"}],"version-history":[{"count":0,"href":"https:\/\/www.tehnopan.com\/w\/wp-json\/wp\/v2\/pages\/255\/revisions"}],"up":[{"embeddable":true,"href":"https:\/\/www.tehnopan.com\/w\/wp-json\/wp\/v2\/pages\/710"}],"wp:attachment":[{"href":"https:\/\/www.tehnopan.com\/w\/wp-json\/wp\/v2\/media?parent=255"}],"wp:term":[{"taxonomy":"post_tag","embeddable":true,"href":"https:\/\/www.tehnopan.com\/w\/wp-json\/wp\/v2\/tags?post=255"}],"curies":[{"name":"wp","href":"https:\/\/api.w.org\/{rel}","templated":true}]}}