{"id":279,"date":"2010-07-19T09:03:25","date_gmt":"2010-07-19T07:03:25","guid":{"rendered":"http:\/\/www.tehnopan.com\/w\/"},"modified":"2026-02-26T14:28:54","modified_gmt":"2026-02-26T12:28:54","slug":"kontakt","status":"publish","type":"page","link":"https:\/\/www.tehnopan.com\/w\/kontakt\/","title":{"rendered":"Kontakt"},"content":{"rendered":"<div>TRENUTNO FORMULAR NE RADI<\/p>\n<p>Kako do\u0107i u <a href=\"http:\/\/www.tehnopan.com\/w\/o-tehnopanu\/polozaj\/\">Tehnopan<\/a>. Nalazimo se u Prekvr\u0161ju, Prigorska 30. Na cesti od Sesveta prema Ka\u0161ini. Molimo pri\u010dekajte nekoliko trenutaka da se u\u010dita formular.<\/div>\n<div id=\"wufoo-zhj3wb20y4su5g\">Molim ispunite slijede\u0107i formular\u00a0<a href=\"https:\/\/gigasurf.wufoo.com\/forms\/zhj3wb20y4su5g\">online form<\/a>.<\/div>\n<div><\/div>\n<div><span style=\"color: #ff0000;\">Va\u017ena obavijest. 25.05.2018.<\/span><\/div>\n<p>Tehnopan d.o.o. po\u0161tuje Va\u0161u privatnost te se priprema na stupanje na snagu nove Op\u0107e Uredbe o za\u0161titi podataka. Ukoliko ispunjujete formular, dajete suglasnost za obradu osobnih podataka u svrhu provo\u0111enja marketin\u0161kih aktivnosti Tehnopan d.o.o. (informiranje o novim proizvodima, akcijama i pogodnostima). Predmet obrade bit \u0107e sljede\u0107e vrste osobnih podataka: ime i prezime i e-mail adresa. Davanjem osobnih podataka i potpisom potvr\u0111ujete da ste obavije\u0161teni o sljede\u0107im \u010dinjenicama:<\/p>\n<ul>\n<li>Osobne podatke prikuplja, obra\u0111uje i koristi dru\u0161tvo Tehnopan d.o.o. Prigorska 30, Prekvr\u0161je 10362 Ka\u0161ina.., kao voditelj obrade podataka te ih \u0161titi kao poslovnu tajnu. Tehnopan d.o.o., primjenjuje organizacijske, kadrovske i tehni\u010dke mjere za\u0161tite podataka. Osobne podatke tretirat \u0107emo u skladu s Op\u0107om uredbom o za\u0161titi podataka EU (2016\/679).<\/li>\n<li>U svakom trenutku mo\u017eete opozvati ovu suglasnost, bez \u0161tetnih posljedica za Vas tako da jednostavno ne ispunite forumlar.<\/li>\n<li>Sva Va\u0161a pitanja i zahtjeve u vezi s obradom Va\u0161ih osobnih podataka od strane Tehnopan d.o.o.. te ostvarivanja Va\u0161ih prava molimo dostaviti putem e-mail adrese: tehnopan@gmail.com<\/li>\n<\/ul>\n<p>&nbsp;<\/p>\n<div id=\"wufoo-zhj3wb20y4su5g\">Fill out my <a href=\"https:\/\/gigasurf.wufoo.com\/forms\/zhj3wb20y4su5g\">online form<\/a>.<\/div>\n<p><script type=\"text\/javascript\">var zhj3wb20y4su5g;(function(d, t) {\nvar s = d.createElement(t), options = {\n'userName':'gigasurf',\n'formHash':'zhj3wb20y4su5g',\n'autoResize':true,\n'height':'917',\n'async':true,\n'host':'wufoo.com',\n'header':'show',\n'ssl':true};\ns.src = ('https:' == d.location.protocol ? 'https:\/\/' : 'http:\/\/') + 'www.wufoo.com\/scripts\/embed\/form.js';\ns.onload = s.onreadystatechange = function() {\nvar rs = this.readyState; if (rs) if (rs != 'complete') if (rs != 'lo<span style=\"display: inline-block; width: 0px; overflow: hidden; line-height: 0;\" data-mce-type=\"bookmark\" class=\"mce_SELRES_start\">\ufeff<\/span>aded') return;\ntry { zhj3wb20y4su5g = new WufooForm();zhj3wb20y4su5g.initialize(options);zhj3wb20y4su5g.display(); } catch (e) {}};\nvar scr = d.getElementsByTagName(t)[0], par = scr.parentNode; par.insertBefore(s, scr);\n})(document, 'script');<\/script><\/p>\n","protected":false},"excerpt":{"rendered":"<p>TRENUTNO FORMULAR NE RADI Kako do\u0107i u Tehnopan. Nalazimo se u Prekvr\u0161ju, Prigorska 30. Na cesti od Sesveta prema Ka\u0161ini. Molimo pri\u010dekajte nekoliko trenutaka da se u\u010dita formular. Molim ispunite slijede\u0107i formular\u00a0online form. Va\u017ena obavijest. 25.05.2018. Tehnopan d.o.o. po\u0161tuje Va\u0161u privatnost te se priprema na stupanje na snagu nove Op\u0107e Uredbe o za\u0161titi podataka. Ukoliko&#8230;<\/p>\n","protected":false},"author":7,"featured_media":0,"parent":0,"menu_order":2,"comment_status":"closed","ping_status":"open","template":"","meta":{"_monsterinsights_skip_tracking":false,"_monsterinsights_sitenote_active":false,"_monsterinsights_sitenote_note":"","_monsterinsights_sitenote_category":0,"footnotes":""},"tags":[],"class_list":["post-279","page","type-page","status-publish","hentry"],"aioseo_notices":[],"_links":{"self":[{"href":"https:\/\/www.tehnopan.com\/w\/wp-json\/wp\/v2\/pages\/279"}],"collection":[{"href":"https:\/\/www.tehnopan.com\/w\/wp-json\/wp\/v2\/pages"}],"about":[{"href":"https:\/\/www.tehnopan.com\/w\/wp-json\/wp\/v2\/types\/page"}],"author":[{"embeddable":true,"href":"https:\/\/www.tehnopan.com\/w\/wp-json\/wp\/v2\/users\/7"}],"replies":[{"embeddable":true,"href":"https:\/\/www.tehnopan.com\/w\/wp-json\/wp\/v2\/comments?post=279"}],"version-history":[{"count":8,"href":"https:\/\/www.tehnopan.com\/w\/wp-json\/wp\/v2\/pages\/279\/revisions"}],"predecessor-version":[{"id":2872,"href":"https:\/\/www.tehnopan.com\/w\/wp-json\/wp\/v2\/pages\/279\/revisions\/2872"}],"wp:attachment":[{"href":"https:\/\/www.tehnopan.com\/w\/wp-json\/wp\/v2\/media?parent=279"}],"wp:term":[{"taxonomy":"post_tag","embeddable":true,"href":"https:\/\/www.tehnopan.com\/w\/wp-json\/wp\/v2\/tags?post=279"}],"curies":[{"name":"wp","href":"https:\/\/api.w.org\/{rel}","templated":true}]}}