{"id":287,"date":"2010-07-19T11:05:18","date_gmt":"2010-07-19T09:05:18","guid":{"rendered":"http:\/\/www.tehnopan.com\/w\/"},"modified":"2015-01-27T13:43:12","modified_gmt":"2015-01-27T11:43:12","slug":"zaustava","status":"publish","type":"page","link":"https:\/\/www.tehnopan.com\/w\/uredjaji\/zaustava\/","title":{"rendered":"Rotacioni dozator-zapornik za zrak-zaustava"},"content":{"rendered":"<h1><strong>Rotacioni dozator &#8211; <\/strong>zra\u010dni zapornici<\/h1>\n<p><strong>Zra\u010dne zaustave<\/strong> &#8211; zra\u010dni zapornici za kori\u0161tenje u sustavima za obespra\u0161ivanje (aspiraciju) radnih strojeva u prehrambenoj, procesnosj, drvnoj, kemijskoj i sli\u010dnim industijama.<\/p>\n<p>Velika primjena za ugradnju ispod ciklona i filtera &#8211; za aspiraciju ili pak ispod cikloneta i tla\u010dnih filtera u sustavima zra\u010dnog transporta najrazli\u010ditijih sipkih i pra\u0161kastih medija. Sa prigra\u0111enim frekventnim pretvara\u010dem, mogu\u0107e doziranje koli\u010dina, prema promjenljivom broju okretaja.<\/p>\n<p>Na skladi\u0161tu, od promjera rotora 140mm do 350 mm. Odlikuju se robustnom izvedbom i vrlo povoljnom cijenom.<\/p>\n<p>\u0160iroke izvedbe &#8211; sa prigra\u0111enim motorreduktorom snage 0,75 kW. Promjer rotora 250 mm, ulazni stakleni kontrolnik \u00f8 150 mm, visine 405 mm, \u0161irina s pogonom 620 mm, te\u017eina sa pogonom 74 kg.<\/p>\n<p>Cijena (na slici s motorreduktorom 0,75 kW) \u00a07.796,25 kn \u00a0VPC<\/p>\n<p>Za pneumatski transport poluproizvoda (na primjer. u mlinovima), za grupni pogon, sa osovinom na obje strane, promjer rotora 180 mm, ulazni stakleni kontrolnik \u00f8 120 mm,visine s kontrolnikom 360 mm, \u0161irine 410 mm, te\u017eina 31 kg. Cijena 3675,00 kn VPC<\/p>\n<p style=\"text-align: center;\"><a href=\"http:\/\/tehnopan.com\/w\/wp-content\/uploads\/2010\/07\/zaustava11.jpg\"><br \/>\n<\/a><a href=\"http:\/\/tehnopan.com\/w\/wp-content\/uploads\/2010\/07\/zaustava3.jpg\"><img loading=\"lazy\" decoding=\"async\" class=\"aligncenter size-full wp-image-285\" title=\"Zaustava\" src=\"http:\/\/tehnopan.com\/w\/wp-content\/uploads\/2010\/07\/zaustava3.jpg\" alt=\"Zra\u010dna zaustava\" width=\"600\" height=\"365\" srcset=\"https:\/\/tehnopan.com\/w\/wp-content\/uploads\/2010\/07\/zaustava3.jpg 600w, https:\/\/tehnopan.com\/w\/wp-content\/uploads\/2010\/07\/zaustava3-300x182.jpg 300w, https:\/\/tehnopan.com\/w\/wp-content\/uploads\/2010\/07\/zaustava3-377x230.jpg 377w\" sizes=\"(max-width: 600px) 100vw, 600px\" \/><\/a><\/p>\n","protected":false},"excerpt":{"rendered":"<p>Rotacioni dozator &#8211; zra\u010dni zapornici Zra\u010dne zaustave &#8211; zra\u010dni zapornici za kori\u0161tenje u sustavima za obespra\u0161ivanje (aspiraciju) radnih strojeva u prehrambenoj, procesnosj, drvnoj, kemijskoj i sli\u010dnim industijama. Velika primjena za ugradnju ispod ciklona i filtera &#8211; za aspiraciju ili pak ispod cikloneta i tla\u010dnih filtera u sustavima zra\u010dnog transporta najrazli\u010ditijih sipkih i pra\u0161kastih medija. Sa&#8230;<\/p>\n","protected":false},"author":7,"featured_media":286,"parent":61,"menu_order":0,"comment_status":"closed","ping_status":"open","template":"","meta":{"_monsterinsights_skip_tracking":false,"_monsterinsights_sitenote_active":false,"_monsterinsights_sitenote_note":"","_monsterinsights_sitenote_category":0,"footnotes":""},"tags":[55,81],"class_list":["post-287","page","type-page","status-publish","has-post-thumbnail","hentry","tag-transport","tag-zaustave"],"aioseo_notices":[],"_links":{"self":[{"href":"https:\/\/www.tehnopan.com\/w\/wp-json\/wp\/v2\/pages\/287"}],"collection":[{"href":"https:\/\/www.tehnopan.com\/w\/wp-json\/wp\/v2\/pages"}],"about":[{"href":"https:\/\/www.tehnopan.com\/w\/wp-json\/wp\/v2\/types\/page"}],"author":[{"embeddable":true,"href":"https:\/\/www.tehnopan.com\/w\/wp-json\/wp\/v2\/users\/7"}],"replies":[{"embeddable":true,"href":"https:\/\/www.tehnopan.com\/w\/wp-json\/wp\/v2\/comments?post=287"}],"version-history":[{"count":0,"href":"https:\/\/www.tehnopan.com\/w\/wp-json\/wp\/v2\/pages\/287\/revisions"}],"up":[{"embeddable":true,"href":"https:\/\/www.tehnopan.com\/w\/wp-json\/wp\/v2\/pages\/61"}],"wp:featuredmedia":[{"embeddable":true,"href":"https:\/\/www.tehnopan.com\/w\/wp-json\/wp\/v2\/media\/286"}],"wp:attachment":[{"href":"https:\/\/www.tehnopan.com\/w\/wp-json\/wp\/v2\/media?parent=287"}],"wp:term":[{"taxonomy":"post_tag","embeddable":true,"href":"https:\/\/www.tehnopan.com\/w\/wp-json\/wp\/v2\/tags?post=287"}],"curies":[{"name":"wp","href":"https:\/\/api.w.org\/{rel}","templated":true}]}}