{"id":307,"date":"2010-07-19T12:11:49","date_gmt":"2010-07-19T10:11:49","guid":{"rendered":"http:\/\/www.tehnopan.com\/w\/"},"modified":"2015-12-09T13:48:18","modified_gmt":"2015-12-09T11:48:18","slug":"puzni-transporteri","status":"publish","type":"page","link":"https:\/\/www.tehnopan.com\/w\/transport-medija\/puzni-transporteri\/","title":{"rendered":"Pu\u017eni transporteri"},"content":{"rendered":"<blockquote>\n<h3><span style=\"letter-spacing: normal; line-height: 19px; font-size: 13px;\"><strong><span style=\"font-size: large;\">Pu\u017eni transporteri<\/span><\/strong><span style=\"font-size: large;\"><span style=\"font-size: large;\"> ili spiralni transporteri primjenjuju se za transport sipkih<strong> (rasutih medija) u poljoprivredi, prehrambenoj, kemijskoj, procesnoj, drvoprera\u0111iva\u010dkoj i sli\u010dnim industrijama te industriji gra\u0111evinskih materijala i gra\u0111evinarstvu (transport cementa, transport pijeska i sli\u010dno)<\/strong><\/span><strong><span style=\"font-size: large;\">.<\/span><\/strong><\/span><\/span><\/h3>\n<\/blockquote>\n<p><strong>Transporteri<\/strong> za mljevenu plastiku, transporteri za granule, transporteri za PVC, transporteri za plasti\u010dni lom, transporteri za mljevenu foliju, mljevenje plastike, sijanje plastike, sijanje PVC-a, transport PVC &#8211; a, sijanje loma plastike, odvajanje folije, separacija plastike,separacija plasti\u010dnog loma.<\/p>\n<p><strong>Pu\u017eni<\/strong> &#8211; spiralni <strong>transporteri<\/strong>, hrvatski zvane ponekad i &#8221; <strong>\u0161neke<\/strong> &#8221; za primjenu u vinarstvu i uljarstvu, za transport komine.<\/p>\n<p>Mogu\u010da izrada pu\u017enih segmenata debljine do 40 mm i promjera do 800 mm, razli\u010ditog koraka. Izrada spirala i segmenata sa promjenljivim korakom i promjenjljivim promjerom. Konusne spirale i segmenti.Neophodni u industriji za recikla\u017eu, industriji papira i ciglanama.<\/p>\n<p>Pogledajte transportere koje smo izradili za <strong>transport \u017eita<\/strong>, kukuruza, uljarica, bra\u0161na, sto\u010dne hrane, piljevine, drvene sje\u010dke, cementa, granula ilova\u010de, PVC granula, ljepila, peleta.<\/p>\n<p>Pu\u017eni transporteri izra\u0111uju se prema naru\u0111bi; odabranog promjera spirale, koraka prema va\u0161em upitu ili na\u0161oj preporuci, duljine do 20 m, promjera do 500 mm.<\/p>\n<p style=\"text-align: justify;\">Spiralni, <strong>PU\u017dNI TRANSPORTERI<\/strong> mogu biti:<\/p>\n<ul style=\"text-align: justify;\">\n<li>UBODNI transporteri &#8211; za prihvat medija sa hrpe ili iz cestovnog prometala,<\/li>\n<li>USIPNI transporteri sa usipnikom (ko\u0161em) \u010detvrtastog, trokutastog ili sto\u017eastog oblika<\/li>\n<li>DOZIRNI transporteri sa cijevnim ulazom i izlazom, sa zasunima po \u017eelji<\/li>\n<li>ME\u0110UTRANSPORTNI transporteri za prijenos materijala od to\u010dke A do to\u010dke B, tzv. TOPGUN- &#8220;topovi&#8221; za punjenje silosa; sa usipnim ko\u0161em, kota\u010dima i podvozjem, te ure\u0111ajem za podizanje visine izlaza<\/li>\n<li>KORITASTI transporteri za prihvatne spremnike, za transport piljevine i sje\u010dke ili pak nekog drugog medija<\/li>\n<li>FLEKSIBLINI transporteri &#8211; bez osovine idealni za hranjenje u peradarstvu, fleksibilna pu\u017enica.<\/li>\n<\/ul>\n<p style=\"text-align: justify;\"><strong>Pogon PU\u017dNIH TRANSPORTERA<\/strong> mo\u017ee biti na strani ulaza ili izlaza, sa remenskim prenosom snage ili preko motorreduktora sa spojkom, postavljeni produ\u017eno ili sa lan\u010danim prijenosom, sa odgovaraju\u0107om za\u0161titom pogona.<\/p>\n\n\t\t<style type=\"text\/css\">\n\t\t\t#gallery-1 {\n\t\t\t\tmargin: auto;\n\t\t\t}\n\t\t\t#gallery-1 .gallery-item {\n\t\t\t\tfloat: left;\n\t\t\t\tmargin-top: 10px;\n\t\t\t\ttext-align: center;\n\t\t\t\twidth: 33%;\n\t\t\t}\n\t\t\t#gallery-1 img {\n\t\t\t\tborder: 2px solid #cfcfcf;\n\t\t\t}\n\t\t\t#gallery-1 .gallery-caption {\n\t\t\t\tmargin-left: 0;\n\t\t\t}\n\t\t\t\/* see gallery_shortcode() in wp-includes\/media.php *\/\n\t\t<\/style>\n\t\t<div id='gallery-1' class='gallery galleryid-307 gallery-columns-3 gallery-size-thumbnail'><dl class='gallery-item'>\n\t\t\t<dt class='gallery-icon landscape'>\n\t\t\t\t<a href='https:\/\/tehnopan.com\/w\/wp-content\/uploads\/2010\/07\/puzevinovo.jpg'><img loading=\"lazy\" decoding=\"async\" width=\"150\" height=\"150\" src=\"https:\/\/tehnopan.com\/w\/wp-content\/uploads\/2010\/07\/puzevinovo-150x150.jpg\" class=\"attachment-thumbnail size-thumbnail\" alt=\"\" srcset=\"https:\/\/tehnopan.com\/w\/wp-content\/uploads\/2010\/07\/puzevinovo-150x150.jpg 150w, https:\/\/tehnopan.com\/w\/wp-content\/uploads\/2010\/07\/puzevinovo-76x76.jpg 76w, https:\/\/tehnopan.com\/w\/wp-content\/uploads\/2010\/07\/puzevinovo-184x184.jpg 184w\" sizes=\"(max-width: 150px) 100vw, 150px\" \/><\/a>\n\t\t\t<\/dt><\/dl><dl class='gallery-item'>\n\t\t\t<dt class='gallery-icon landscape'>\n\t\t\t\t<a href='https:\/\/tehnopan.com\/w\/wp-content\/uploads\/2010\/07\/Usipni-pretovarni.jpg'><img loading=\"lazy\" decoding=\"async\" width=\"150\" height=\"150\" src=\"https:\/\/tehnopan.com\/w\/wp-content\/uploads\/2010\/07\/Usipni-pretovarni-150x150.jpg\" class=\"attachment-thumbnail size-thumbnail\" alt=\"\" srcset=\"https:\/\/tehnopan.com\/w\/wp-content\/uploads\/2010\/07\/Usipni-pretovarni-150x150.jpg 150w, https:\/\/tehnopan.com\/w\/wp-content\/uploads\/2010\/07\/Usipni-pretovarni-76x76.jpg 76w, https:\/\/tehnopan.com\/w\/wp-content\/uploads\/2010\/07\/Usipni-pretovarni-184x184.jpg 184w\" sizes=\"(max-width: 150px) 100vw, 150px\" \/><\/a>\n\t\t\t<\/dt><\/dl><dl class='gallery-item'>\n\t\t\t<dt class='gallery-icon landscape'>\n\t\t\t\t<a href='https:\/\/tehnopan.com\/w\/wp-content\/uploads\/2010\/07\/flexi-puznica.jpg'><img loading=\"lazy\" decoding=\"async\" width=\"150\" height=\"150\" src=\"https:\/\/tehnopan.com\/w\/wp-content\/uploads\/2010\/07\/flexi-puznica-150x150.jpg\" class=\"attachment-thumbnail size-thumbnail\" alt=\"\" srcset=\"https:\/\/tehnopan.com\/w\/wp-content\/uploads\/2010\/07\/flexi-puznica-150x150.jpg 150w, https:\/\/tehnopan.com\/w\/wp-content\/uploads\/2010\/07\/flexi-puznica-76x76.jpg 76w, https:\/\/tehnopan.com\/w\/wp-content\/uploads\/2010\/07\/flexi-puznica-184x184.jpg 184w\" sizes=\"(max-width: 150px) 100vw, 150px\" \/><\/a>\n\t\t\t<\/dt><\/dl><br style=\"clear: both\" \/><dl class='gallery-item'>\n\t\t\t<dt class='gallery-icon portrait'>\n\t\t\t\t<a href='https:\/\/tehnopan.com\/w\/wp-content\/uploads\/2010\/07\/Usipni-terminal.jpg'><img loading=\"lazy\" decoding=\"async\" width=\"150\" height=\"150\" src=\"https:\/\/tehnopan.com\/w\/wp-content\/uploads\/2010\/07\/Usipni-terminal-150x150.jpg\" class=\"attachment-thumbnail size-thumbnail\" alt=\"\" srcset=\"https:\/\/tehnopan.com\/w\/wp-content\/uploads\/2010\/07\/Usipni-terminal-150x150.jpg 150w, https:\/\/tehnopan.com\/w\/wp-content\/uploads\/2010\/07\/Usipni-terminal-76x76.jpg 76w, https:\/\/tehnopan.com\/w\/wp-content\/uploads\/2010\/07\/Usipni-terminal-184x184.jpg 184w\" sizes=\"(max-width: 150px) 100vw, 150px\" \/><\/a>\n\t\t\t<\/dt><\/dl><dl class='gallery-item'>\n\t\t\t<dt class='gallery-icon landscape'>\n\t\t\t\t<a href='https:\/\/tehnopan.com\/w\/wp-content\/uploads\/2010\/07\/flexi-transporter.jpg'><img loading=\"lazy\" decoding=\"async\" width=\"150\" height=\"150\" src=\"https:\/\/tehnopan.com\/w\/wp-content\/uploads\/2010\/07\/flexi-transporter-150x150.jpg\" class=\"attachment-thumbnail size-thumbnail\" alt=\"\" srcset=\"https:\/\/tehnopan.com\/w\/wp-content\/uploads\/2010\/07\/flexi-transporter-150x150.jpg 150w, https:\/\/tehnopan.com\/w\/wp-content\/uploads\/2010\/07\/flexi-transporter-76x76.jpg 76w, https:\/\/tehnopan.com\/w\/wp-content\/uploads\/2010\/07\/flexi-transporter-184x184.jpg 184w\" sizes=\"(max-width: 150px) 100vw, 150px\" \/><\/a>\n\t\t\t<\/dt><\/dl><dl class='gallery-item'>\n\t\t\t<dt class='gallery-icon landscape'>\n\t\t\t\t<a href='https:\/\/tehnopan.com\/w\/wp-content\/uploads\/2010\/07\/prijemno_sabirni.jpg'><img loading=\"lazy\" decoding=\"async\" width=\"150\" height=\"150\" src=\"https:\/\/tehnopan.com\/w\/wp-content\/uploads\/2010\/07\/prijemno_sabirni-150x150.jpg\" class=\"attachment-thumbnail size-thumbnail\" alt=\"\" srcset=\"https:\/\/tehnopan.com\/w\/wp-content\/uploads\/2010\/07\/prijemno_sabirni-150x150.jpg 150w, https:\/\/tehnopan.com\/w\/wp-content\/uploads\/2010\/07\/prijemno_sabirni-76x76.jpg 76w, https:\/\/tehnopan.com\/w\/wp-content\/uploads\/2010\/07\/prijemno_sabirni-184x184.jpg 184w\" sizes=\"(max-width: 150px) 100vw, 150px\" \/><\/a>\n\t\t\t<\/dt><\/dl><br style=\"clear: both\" \/>\n\t\t<\/div>\n\n<blockquote>\n<p style=\"text-align: center;\"><strong>Svi na\u0161i pu\u017eni transporteri isporu\u010duju se sa propisno za\u0161ti\u0107enim pogonom, ali BEZ sklopke, za\u0161tite, elektro ormara i kabla. <\/strong><\/p>\n<\/blockquote>\n<p><span style=\"color: #ff0000;\"><strong> VA\u017dNO PRO\u010cITAJTE<\/strong><\/span><\/p>\n<p><strong>1 MONTA\u017dA PU\u017dNOG TRANSPORTERA\u00a0<\/strong><\/p>\n<p><strong>RUKOVANJE I ODR\u017dAVANJE<\/strong><\/p>\n<p><strong>SIGURNOST<\/strong><\/p>\n<p>Ovisno od du\u017eine transportera isti mo\u017ee biti isporu\u010den u jednom ili vi\u0161e dijelova.<br \/>\nPostupak monta\u017ee je slijede\u0107i:<\/p>\n<p>&#8211; Usmjerite transportni pu\u017e prema smjeru transporta.<br \/>\n&#8211; Spojite transportnu pu\u017enicu i korito u jednu cjelinu.<br \/>\nPripazite pritom da svako korito poslo\u017eite u istom smjeru, tj. da rukavac pu\u017ene zavojnice pokazuje suprotno od smjera transporta i da se okvir korita sa podno\u017ejem spaja na okvir korita bez podno\u017eja.<br \/>\nKod drugih transportnih pu\u017eeva u korito transportera ugra\u0111uju se me\u0111ule\u017eajevi, koje treba pa\u017eljivo ugraditi na predvi\u0111eno mjesto a s posebnom pa\u017enjom u\u010dvrstiti me\u0111ule\u017eaj na pu\u017enicu.<br \/>\n&#8211; U\u010dvrstite dijelove korita me\u0111usobno.<br \/>\n&#8211; Ugradite pogonski sklop.<\/p>\n<p>Monta\u017ea pogonskog sklopa<br \/>\nOvisno o mjestu ugradnje transportnog pu\u017ea i o zahtjevu naru\u010dioca mo\u017ee se postaviti na isti tip transportera najmanje \u010detri izvedbe pogonskih ure\u0111aja, i to:<br \/>\n&#8211; pogon pomo\u0107u remenskog prenosa<br \/>\n&#8211; pogon pomo\u0107u lan\u010danog prenosa<br \/>\n&#8211; direktni pogon pomo\u0107u el.<br \/>\n-pogon nasadnim reduktorom<\/p>\n<p>Pirpazite na paralelnost osi pogonskog motorreduktora i pu\u017enice.<\/p>\n<p>Kako biste bili sigurni da je sve dobro u\u010dinjeno, najbolje bi bilo da monta\u017eu transportera prepustite ovla\u0161tenom serviseru.<\/p>\n<p>Elektri\u010dno upravljanje<\/p>\n<p>Kako su pu\u017eni transporteri obi\u010dno dio tehnolo\u0161kog postupka jedne ve\u0107e cjeline, Tehnopan NE isporu\u010duje elektro upravljanje koje treba za ra\u010dun kupca obaviti ovla\u0161teni elektro izvo\u0111a\u010d i time kompletirati ure\u0111aj za uporabu. Na\u0161i pogoni, motori ili reduktori su u pravilu 400V 50Hz. Za pogon transportera ugra\u0111uje se elektromotor ili reduktor. Snaga pogona se odre\u0111uje prema kapacitetu i du\u017eini transportera.<\/p>\n<p>Elektri\u010dne instalacije i ukap\u010danje smiju biti izvr\u0161eno samo od stru\u010dnog i ovla\u0161tenog elektri\u010dara.<\/p>\n<p>PRIJE PU\u0160TANJA U RAD OBAVEZNO PROVJERITE SMJER OKRETANJA POGONSKOG ELEKTROMOTORA, PREMA SMJERU TRANSPORTERA<\/p>\n<p><strong>2. UPUTE ZA UPORABU<\/strong><\/p>\n<p><strong>UPUTA ZA SIGURAN RAD PU\u017dNIH TRANSPORTERA<\/strong><br \/>\nMolimo vas pa\u017eljivo pro\u010ditajte i striktno primjenite upute za siguran rad radi vlastite sigurnosti i sigurnosti korisnika va\u0161ih usluga. Uputa za siguran rad uputit \u0107e vas o mogu\u010dim izvorima (uzrocima) opasnosti. Istovremeno, ove upute sadr\u017ee i savjete kako je mogu\u0107e sprije\u0107iti nastanak opasnosti ukoliko se pravilno postupa sa opremom.<\/p>\n<p>Stroj je prvenstveno namijenjen za horizontalni i malo nagnut transport (iznimno cijevni pu\u017eni transporter i za vertikalni transport za manja dizanja) bra\u0161na i bra\u0161nastih proizvoda i svaki drugi vid uporabe jest nepravilan i s toga nije odobren. Sa strojem smiju raditi isklju\u010divo ovla\u0161tene i obu\u010dene osobe.<\/p>\n<p>Prije po\u010detka rada, pa\u017eljivo i sa razumijevanjem pro\u010ditajte uputu za upotrebu stroja. Ovu uputu \u010duvajte u blizini stroja radi naknadnih prou\u010davanja detalja u toku rada.<\/p>\n<p>U toku rada dr\u017ete ruke i ostale dijelove tijela \u0161to je mogu\u0107e dalje od pokretnih dijelova stroja. Ogrlice, narukvice i suvi\u0161e komotna odje\u0107a mogu biti opasni po radnika.<\/p>\n<p>Prije bilo kakvih provjera, pode\u0161avanja ili popravaka, provjerite da li je isklju\u010deno mre\u017eno napajanje elektri\u010dnom energijom. Navedene radove na sustavima smije obavljati samo ovla\u0161tena i osposobljenja stru\u010dna osoba.<\/p>\n<p>Neovla\u0161tene izmjene ili modificiranje stroja, osloba\u0111aju proizvo\u0111a\u010da bilo kakve odgovornosti.<\/p>\n<p>Stroj sa svim pripadaju\u010dim dijelovima mora se redovito, u propisanim rokovima, pregledavati i ispitivati, a isprave o tome moraju se dr\u017eati uz stroj.<\/p>\n<p>Proizvo\u0111a\u010d odbacuje svaku odgovornost za nastalu \u0161tetu osobama ili stvarima koja je nastala ili bi mogla nastati zbog nepridr\u017eavanja prethodnih uputa. Po\u0161tivanje sigurnosnih uvjeta osigurava operateru da radi savjesno, bez opasnosti da nanese \u0161tetu sebi, drugima ili stvarima.<\/p>\n<p>Zabranjeno je i opasno posezanje u ure\u0111aj u radu. (npr. u ulaznu i izlaznu kutiju). Kod cijevnih pu\u017enih transportera posebno su opasni pogonski dio, koji je uvijek za\u0161ti\u0107en za\u0161titom pogona a ulazni dio pu\u017ea i izlaznu kutiju nikako se ne smije gurati bilo koji dio tijela. Naravno kao \u0161to je napomenuto, bilo kakva intervencija mo\u017ee biti nakon isklju\u010divanja ure\u0111aja.<\/p>\n<p>Prije prvog pu\u0161tanja u pogon provjerite da li se u pu\u017enom transporteru ne nalazi neko strano tijelo i da li se pu\u017enica lako okre\u0107e (prije monta\u017ee pogonskog ure\u0111aja mora biti lako pokretljiva prostom rukom).<\/p>\n<p>U slu\u010daju da se u ure\u0111aju nalazi neko strano tijelo, otklonite ga. Pripazite pritom da je stroj isklju\u010den iz elektri\u010dne mre\u017ee.<\/p>\n<p>U slu\u010daju krivog smjera okretanja pu\u017enice, prepustite oval\u0161tenom elektri\u010daru da izmjeni dvije faze el. struje.<br \/>\nIzvr\u0161ite sada probni rad sa transportnim materijalom i kontrolirajte pritom, da li ure\u0111aj radi bez problema.<br \/>\n24 sata nakon prvog pu\u0161tanja u pogon dodatno pritegnite klinasti remen, ako je takav pogon ugra\u0111en, odnostno prekontrolirajte pogonski ure\u0111aj i prenosnik snage.<\/p>\n<p><strong>UPUTE ZA ODR\u017dAVANJE<\/strong><\/p>\n<p>NAPOMENA: Prije svakog servisiranja pu\u017eni transporter se mora isklju\u010diti iz elektri\u010dne mre\u017ee. Potrebno je osigurati da nitko ne mo\u017ee tijekom servisiranja, slu\u010dajno ponovo priklju\u010diti ure\u0111aj na elektri\u010dnu mre\u017eu.<\/p>\n<p>Klinasti remen, ako je ugra\u0111en remenski prijenos, mora se tjedno dodatno pritezati, a nakon prvog pu\u0161tanja u pogon ve\u0107 nakon 24 sata.<br \/>\nKlinasti remen je ispravno stegnut, kada se mo\u017ee pritisnuti cca 0,5 cm.<br \/>\nEleasti\u010dna spojka ne treba odr\u017eavanje, ve\u0107 povremenu kontrolu ispravnosti.<br \/>\nSvi vij\u010dani spojevi se moraju provjeriti nakon 500 sati rada (a najmanje jednom u pola godine).<br \/>\nPu\u017eni transporter se mora redovito \u010distiti, posebno kada se nekoliko dana ne koristi. Le\u017eajeve nije potrebno odr\u017eavati. Ulje motorreduktora mora se obnoviti nakon 10.000 radnih sati, a najkasnije nakon dvije godine.<\/p>\n","protected":false},"excerpt":{"rendered":"<p>Pu\u017eni transporteri ili spiralni transporteri primjenjuju se za transport sipkih (rasutih medija) u poljoprivredi, prehrambenoj, kemijskoj, procesnoj, drvoprera\u0111iva\u010dkoj i sli\u010dnim industrijama te industriji gra\u0111evinskih materijala i gra\u0111evinarstvu (transport cementa, transport pijeska i sli\u010dno). Transporteri za mljevenu plastiku, transporteri za granule, transporteri za PVC, transporteri za plasti\u010dni lom, transporteri za mljevenu foliju, mljevenje plastike, sijanje plastike,&#8230;<\/p>\n","protected":false},"author":7,"featured_media":387,"parent":710,"menu_order":3,"comment_status":"closed","ping_status":"closed","template":"","meta":{"_monsterinsights_skip_tracking":false,"_monsterinsights_sitenote_active":false,"_monsterinsights_sitenote_note":"","_monsterinsights_sitenote_category":0,"footnotes":""},"tags":[31,59,19,55],"class_list":["post-307","page","type-page","status-publish","has-post-thumbnail","hentry","tag-cijevi","tag-puzni-transporteri","tag-spirale","tag-transport"],"aioseo_notices":[],"_links":{"self":[{"href":"https:\/\/www.tehnopan.com\/w\/wp-json\/wp\/v2\/pages\/307"}],"collection":[{"href":"https:\/\/www.tehnopan.com\/w\/wp-json\/wp\/v2\/pages"}],"about":[{"href":"https:\/\/www.tehnopan.com\/w\/wp-json\/wp\/v2\/types\/page"}],"author":[{"embeddable":true,"href":"https:\/\/www.tehnopan.com\/w\/wp-json\/wp\/v2\/users\/7"}],"replies":[{"embeddable":true,"href":"https:\/\/www.tehnopan.com\/w\/wp-json\/wp\/v2\/comments?post=307"}],"version-history":[{"count":8,"href":"https:\/\/www.tehnopan.com\/w\/wp-json\/wp\/v2\/pages\/307\/revisions"}],"predecessor-version":[{"id":2508,"href":"https:\/\/www.tehnopan.com\/w\/wp-json\/wp\/v2\/pages\/307\/revisions\/2508"}],"up":[{"embeddable":true,"href":"https:\/\/www.tehnopan.com\/w\/wp-json\/wp\/v2\/pages\/710"}],"wp:featuredmedia":[{"embeddable":true,"href":"https:\/\/www.tehnopan.com\/w\/wp-json\/wp\/v2\/media\/387"}],"wp:attachment":[{"href":"https:\/\/www.tehnopan.com\/w\/wp-json\/wp\/v2\/media?parent=307"}],"wp:term":[{"taxonomy":"post_tag","embeddable":true,"href":"https:\/\/www.tehnopan.com\/w\/wp-json\/wp\/v2\/tags?post=307"}],"curies":[{"name":"wp","href":"https:\/\/api.w.org\/{rel}","templated":true}]}}