{"id":344,"date":"2010-07-20T11:18:55","date_gmt":"2010-07-20T09:18:55","guid":{"rendered":"http:\/\/www.tehnopan.com\/w\/"},"modified":"2024-09-18T15:46:40","modified_gmt":"2024-09-18T13:46:40","slug":"prese-za-uljarice","status":"publish","type":"page","link":"https:\/\/www.tehnopan.com\/w\/strojevi\/prese-za-uljarice\/","title":{"rendered":"Pre\u0161e za uljarice"},"content":{"rendered":"<h2><span style=\"font-size: medium;\"><strong>Pre\u0161e za uljarice<\/strong> &#8211; suncokret, uljanu repicu, soju (uz toastiranje), \u00a0sjeme sesama, sjeme pamuka, kikiriki i sl. Proizvodite sami svoj bio diesel.<\/span><\/h2>\n<p style=\"text-align: justify;\">Lako pu\u0161tanje u pogon, jednostavne za uporabu, mala potro\u0161nja snage, lagano odr\u017eavanje, pouzdane u radu, a prije svega povoljne po cijeni.<\/p>\n<p style=\"text-align: justify;\">Primjena u mje\u0161aonama i tvornicama sto\u010dne hrane za <strong>pre\u0161anje uljarica<\/strong> a u svrhu dobivanja industrijskog ulja i poga\u010de za daljnu uporabu, kao i za mala postrojenja za proizvodnju biodiezel-a. Uz prethodno toastiranje i predpre\u0161anje, mogu\u0107e pove\u0107anje kapaciteta kao i pre\u0161anja soje. Osnovna primjena za suncokret, uljanu repicu, soju, sjeme sesama, sjeme pamuka, kikiriki i sl.<\/p>\n<p>Osnovne karakteristike <strong>pre\u0161e za uljarice<\/strong>:<\/p>\n<ul>\n<li>Duljina 1650mm x \u0161irina 700mm x visina 1280mm.<\/li>\n<li>Te\u017eina cca 600 kg<\/li>\n<li>Motor 7,5 &#8211; 1 1 &#8211; 15 kW<\/li>\n<li>Kapaciteti i iskori\u0161tenje ;<\/li>\n<li>Uljana repica 180- 320 kg\/h iskori\u0161tenje 31-36 %<\/li>\n<li>Suncokret 160 &#8211; 300 kg\/h iskori\u0161tenje cca 32 %<\/li>\n<li>Tostirana soja cca 100-150 kg\/h<\/li>\n<li>Preostalo ulje u poga\u010di 6 &#8211; 7 %<\/li>\n<\/ul>\n<p>Mala\u00a0<strong>pre\u0161a<\/strong> za uljarce:<\/p>\n<ul>\n<li>Kapacitet 40-50 kg\/h, za uljanu repicu i suncokret.<\/li>\n<li>Potreban motor 3- 5,5 kW. (ne isporu\u010duje se sa motorom)<\/li>\n<li>Cijena 8950 kn bez motora + PDV.<\/li>\n<\/ul>\n<p>Trenutno raspola\u017eemo sa pre\u0161ama za uljarice:<\/p>\n<ul>\n<li>Model 68 kapacitet cca 40-50 kg\/h<\/li>\n<li>Model 105 kapacitet cca 180 kg\/h<\/li>\n<li>Model 125 kapacitet cca 250\u00a0kg\/h<\/li>\n<li>Model 130 kapacitet cca 350\u00a0kg\/h<\/li>\n<li>Model 160 kapacitet cca 700 kg\/h<\/li>\n<\/ul>\n\n\t\t<style type=\"text\/css\">\n\t\t\t#gallery-1 {\n\t\t\t\tmargin: auto;\n\t\t\t}\n\t\t\t#gallery-1 .gallery-item {\n\t\t\t\tfloat: left;\n\t\t\t\tmargin-top: 10px;\n\t\t\t\ttext-align: center;\n\t\t\t\twidth: 33%;\n\t\t\t}\n\t\t\t#gallery-1 img {\n\t\t\t\tborder: 2px solid #cfcfcf;\n\t\t\t}\n\t\t\t#gallery-1 .gallery-caption {\n\t\t\t\tmargin-left: 0;\n\t\t\t}\n\t\t\t\/* see gallery_shortcode() in wp-includes\/media.php *\/\n\t\t<\/style>\n\t\t<div id='gallery-1' class='gallery galleryid-344 gallery-columns-3 gallery-size-thumbnail'><dl class='gallery-item'>\n\t\t\t<dt class='gallery-icon portrait'>\n\t\t\t\t<a href='https:\/\/www.tehnopan.com\/w\/strojevi\/prese-za-uljarice\/malapresa\/'><img loading=\"lazy\" decoding=\"async\" width=\"150\" height=\"150\" src=\"https:\/\/tehnopan.com\/w\/wp-content\/uploads\/2010\/07\/malapresa-150x150.jpg\" class=\"attachment-thumbnail size-thumbnail\" alt=\"\" aria-describedby=\"gallery-1-346\" srcset=\"https:\/\/tehnopan.com\/w\/wp-content\/uploads\/2010\/07\/malapresa-150x150.jpg 150w, https:\/\/tehnopan.com\/w\/wp-content\/uploads\/2010\/07\/malapresa-76x76.jpg 76w, https:\/\/tehnopan.com\/w\/wp-content\/uploads\/2010\/07\/malapresa-184x184.jpg 184w\" sizes=\"(max-width: 150px) 100vw, 150px\" \/><\/a>\n\t\t\t<\/dt>\n\t\t\t\t<dd class='wp-caption-text gallery-caption' id='gallery-1-346'>\n\t\t\t\tPre\u0161a model 68\n\t\t\t\t<\/dd><\/dl><dl class='gallery-item'>\n\t\t\t<dt class='gallery-icon landscape'>\n\t\t\t\t<a href='https:\/\/www.tehnopan.com\/w\/presa_zelena3\/'><img loading=\"lazy\" decoding=\"async\" width=\"150\" height=\"150\" src=\"https:\/\/tehnopan.com\/w\/wp-content\/uploads\/2013\/09\/presa_zelena3-150x150.jpg\" class=\"attachment-thumbnail size-thumbnail\" alt=\"\" aria-describedby=\"gallery-1-1545\" srcset=\"https:\/\/tehnopan.com\/w\/wp-content\/uploads\/2013\/09\/presa_zelena3-150x150.jpg 150w, https:\/\/tehnopan.com\/w\/wp-content\/uploads\/2013\/09\/presa_zelena3-76x76.jpg 76w, https:\/\/tehnopan.com\/w\/wp-content\/uploads\/2013\/09\/presa_zelena3-184x184.jpg 184w\" sizes=\"(max-width: 150px) 100vw, 150px\" \/><\/a>\n\t\t\t<\/dt>\n\t\t\t\t<dd class='wp-caption-text gallery-caption' id='gallery-1-1545'>\n\t\t\t\tPre\u0161a model 105\n\t\t\t\t<\/dd><\/dl><dl class='gallery-item'>\n\t\t\t<dt class='gallery-icon portrait'>\n\t\t\t\t<a href='https:\/\/www.tehnopan.com\/w\/presa_zelena\/'><img loading=\"lazy\" decoding=\"async\" width=\"150\" height=\"150\" src=\"https:\/\/tehnopan.com\/w\/wp-content\/uploads\/2013\/09\/presa_zelena-150x150.jpg\" class=\"attachment-thumbnail size-thumbnail\" alt=\"\" aria-describedby=\"gallery-1-1547\" srcset=\"https:\/\/tehnopan.com\/w\/wp-content\/uploads\/2013\/09\/presa_zelena-150x150.jpg 150w, https:\/\/tehnopan.com\/w\/wp-content\/uploads\/2013\/09\/presa_zelena-76x76.jpg 76w, https:\/\/tehnopan.com\/w\/wp-content\/uploads\/2013\/09\/presa_zelena-184x184.jpg 184w\" sizes=\"(max-width: 150px) 100vw, 150px\" \/><\/a>\n\t\t\t<\/dt>\n\t\t\t\t<dd class='wp-caption-text gallery-caption' id='gallery-1-1547'>\n\t\t\t\tPre\u0161a model 125\n\t\t\t\t<\/dd><\/dl><br style=\"clear: both\" \/><dl class='gallery-item'>\n\t\t\t<dt class='gallery-icon landscape'>\n\t\t\t\t<a href='https:\/\/www.tehnopan.com\/w\/presa-zelena\/'><img loading=\"lazy\" decoding=\"async\" width=\"150\" height=\"150\" src=\"https:\/\/tehnopan.com\/w\/wp-content\/uploads\/2013\/09\/presa-zelena-150x150.jpg\" class=\"attachment-thumbnail size-thumbnail\" alt=\"\" aria-describedby=\"gallery-1-1550\" srcset=\"https:\/\/tehnopan.com\/w\/wp-content\/uploads\/2013\/09\/presa-zelena-150x150.jpg 150w, https:\/\/tehnopan.com\/w\/wp-content\/uploads\/2013\/09\/presa-zelena-76x76.jpg 76w, https:\/\/tehnopan.com\/w\/wp-content\/uploads\/2013\/09\/presa-zelena-184x184.jpg 184w\" sizes=\"(max-width: 150px) 100vw, 150px\" \/><\/a>\n\t\t\t<\/dt>\n\t\t\t\t<dd class='wp-caption-text gallery-caption' id='gallery-1-1550'>\n\t\t\t\tPre\u0161a model 130\n\t\t\t\t<\/dd><\/dl><dl class='gallery-item'>\n\t\t\t<dt class='gallery-icon landscape'>\n\t\t\t\t<a href='https:\/\/www.tehnopan.com\/w\/strojevi\/prese-za-uljarice\/presa160\/'><img loading=\"lazy\" decoding=\"async\" width=\"150\" height=\"150\" src=\"https:\/\/tehnopan.com\/w\/wp-content\/uploads\/2010\/07\/presa160-150x150.jpg\" class=\"attachment-thumbnail size-thumbnail\" alt=\"\" aria-describedby=\"gallery-1-1851\" srcset=\"https:\/\/tehnopan.com\/w\/wp-content\/uploads\/2010\/07\/presa160-150x150.jpg 150w, https:\/\/tehnopan.com\/w\/wp-content\/uploads\/2010\/07\/presa160-76x76.jpg 76w, https:\/\/tehnopan.com\/w\/wp-content\/uploads\/2010\/07\/presa160-184x184.jpg 184w\" sizes=\"(max-width: 150px) 100vw, 150px\" \/><\/a>\n\t\t\t<\/dt>\n\t\t\t\t<dd class='wp-caption-text gallery-caption' id='gallery-1-1851'>\n\t\t\t\tPre\u0161a model 160\n\t\t\t\t<\/dd><\/dl><dl class='gallery-item'>\n\t\t\t<dt class='gallery-icon landscape'>\n\t\t\t\t<a href='https:\/\/www.tehnopan.com\/w\/strojevi\/prese-za-uljarice\/toaster_presa\/'><img loading=\"lazy\" decoding=\"async\" width=\"150\" height=\"150\" src=\"https:\/\/tehnopan.com\/w\/wp-content\/uploads\/2010\/07\/toaster_presa-150x150.jpg\" class=\"attachment-thumbnail size-thumbnail\" alt=\"\" aria-describedby=\"gallery-1-347\" srcset=\"https:\/\/tehnopan.com\/w\/wp-content\/uploads\/2010\/07\/toaster_presa-150x150.jpg 150w, https:\/\/tehnopan.com\/w\/wp-content\/uploads\/2010\/07\/toaster_presa-76x76.jpg 76w, https:\/\/tehnopan.com\/w\/wp-content\/uploads\/2010\/07\/toaster_presa-184x184.jpg 184w\" sizes=\"(max-width: 150px) 100vw, 150px\" \/><\/a>\n\t\t\t<\/dt>\n\t\t\t\t<dd class='wp-caption-text gallery-caption' id='gallery-1-347'>\n\t\t\t\tToster pre\u0161a (po naru\u0111bi)\n\t\t\t\t<\/dd><\/dl><br style=\"clear: both\" \/><dl class='gallery-item'>\n\t\t\t<dt class='gallery-icon landscape'>\n\t\t\t\t<a href='https:\/\/www.tehnopan.com\/w\/presa_zelana2\/'><img loading=\"lazy\" decoding=\"async\" width=\"150\" height=\"150\" src=\"https:\/\/tehnopan.com\/w\/wp-content\/uploads\/2013\/09\/presa_zelana2-150x150.jpg\" class=\"attachment-thumbnail size-thumbnail\" alt=\"\" aria-describedby=\"gallery-1-1546\" srcset=\"https:\/\/tehnopan.com\/w\/wp-content\/uploads\/2013\/09\/presa_zelana2-150x150.jpg 150w, https:\/\/tehnopan.com\/w\/wp-content\/uploads\/2013\/09\/presa_zelana2-76x76.jpg 76w, https:\/\/tehnopan.com\/w\/wp-content\/uploads\/2013\/09\/presa_zelana2-184x184.jpg 184w\" sizes=\"(max-width: 150px) 100vw, 150px\" \/><\/a>\n\t\t\t<\/dt>\n\t\t\t\t<dd class='wp-caption-text gallery-caption' id='gallery-1-1546'>\n\t\t\t\tPre\u0161anje toastirane soje\n\t\t\t\t<\/dd><\/dl><dl class='gallery-item'>\n\t\t\t<dt class='gallery-icon landscape'>\n\t\t\t\t<a href='https:\/\/www.tehnopan.com\/w\/suncokretova-pogaca\/'><img loading=\"lazy\" decoding=\"async\" width=\"150\" height=\"150\" src=\"https:\/\/tehnopan.com\/w\/wp-content\/uploads\/2013\/09\/suncokretova-pogaca-150x150.jpg\" class=\"attachment-thumbnail size-thumbnail\" alt=\"\" aria-describedby=\"gallery-1-1552\" srcset=\"https:\/\/tehnopan.com\/w\/wp-content\/uploads\/2013\/09\/suncokretova-pogaca-150x150.jpg 150w, https:\/\/tehnopan.com\/w\/wp-content\/uploads\/2013\/09\/suncokretova-pogaca-76x76.jpg 76w, https:\/\/tehnopan.com\/w\/wp-content\/uploads\/2013\/09\/suncokretova-pogaca-184x184.jpg 184w\" sizes=\"(max-width: 150px) 100vw, 150px\" \/><\/a>\n\t\t\t<\/dt>\n\t\t\t\t<dd class='wp-caption-text gallery-caption' id='gallery-1-1552'>\n\t\t\t\tSuncokretova poga\u010da\n\t\t\t\t<\/dd><\/dl><dl class='gallery-item'>\n\t\t\t<dt class='gallery-icon portrait'>\n\t\t\t\t<a href='https:\/\/www.tehnopan.com\/w\/rezervni-dio\/'><img loading=\"lazy\" decoding=\"async\" width=\"150\" height=\"150\" src=\"https:\/\/tehnopan.com\/w\/wp-content\/uploads\/2013\/09\/rezervni-dio-150x150.jpg\" class=\"attachment-thumbnail size-thumbnail\" alt=\"\" aria-describedby=\"gallery-1-1551\" srcset=\"https:\/\/tehnopan.com\/w\/wp-content\/uploads\/2013\/09\/rezervni-dio-150x150.jpg 150w, https:\/\/tehnopan.com\/w\/wp-content\/uploads\/2013\/09\/rezervni-dio-76x76.jpg 76w, https:\/\/tehnopan.com\/w\/wp-content\/uploads\/2013\/09\/rezervni-dio-184x184.jpg 184w\" sizes=\"(max-width: 150px) 100vw, 150px\" \/><\/a>\n\t\t\t<\/dt>\n\t\t\t\t<dd class='wp-caption-text gallery-caption' id='gallery-1-1551'>\n\t\t\t\tRezervni dijelovi\n\t\t\t\t<\/dd><\/dl><br style=\"clear: both\" \/><dl class='gallery-item'>\n\t\t\t<dt class='gallery-icon landscape'>\n\t\t\t\t<a href='https:\/\/www.tehnopan.com\/w\/ringovi\/'><img loading=\"lazy\" decoding=\"async\" width=\"150\" height=\"150\" src=\"https:\/\/tehnopan.com\/w\/wp-content\/uploads\/2013\/09\/ringovi-150x150.jpg\" class=\"attachment-thumbnail size-thumbnail\" alt=\"\" aria-describedby=\"gallery-1-1544\" srcset=\"https:\/\/tehnopan.com\/w\/wp-content\/uploads\/2013\/09\/ringovi-150x150.jpg 150w, https:\/\/tehnopan.com\/w\/wp-content\/uploads\/2013\/09\/ringovi-76x76.jpg 76w, https:\/\/tehnopan.com\/w\/wp-content\/uploads\/2013\/09\/ringovi-184x184.jpg 184w\" sizes=\"(max-width: 150px) 100vw, 150px\" \/><\/a>\n\t\t\t<\/dt>\n\t\t\t\t<dd class='wp-caption-text gallery-caption' id='gallery-1-1544'>\n\t\t\t\tRingovi &#8211; prstenovi\n\t\t\t\t<\/dd><\/dl><dl class='gallery-item'>\n\t\t\t<dt class='gallery-icon landscape'>\n\t\t\t\t<a href='https:\/\/www.tehnopan.com\/w\/presa-spirala\/'><img loading=\"lazy\" decoding=\"async\" width=\"150\" height=\"150\" src=\"https:\/\/tehnopan.com\/w\/wp-content\/uploads\/2013\/09\/presa-spirala-150x150.jpg\" class=\"attachment-thumbnail size-thumbnail\" alt=\"\" aria-describedby=\"gallery-1-1549\" srcset=\"https:\/\/tehnopan.com\/w\/wp-content\/uploads\/2013\/09\/presa-spirala-150x150.jpg 150w, https:\/\/tehnopan.com\/w\/wp-content\/uploads\/2013\/09\/presa-spirala-76x76.jpg 76w, https:\/\/tehnopan.com\/w\/wp-content\/uploads\/2013\/09\/presa-spirala-184x184.jpg 184w\" sizes=\"(max-width: 150px) 100vw, 150px\" \/><\/a>\n\t\t\t<\/dt>\n\t\t\t\t<dd class='wp-caption-text gallery-caption' id='gallery-1-1549'>\n\t\t\t\tSpirala za pre\u0161u\n\t\t\t\t<\/dd><\/dl><dl class='gallery-item'>\n\t\t\t<dt class='gallery-icon landscape'>\n\t\t\t\t<a href='https:\/\/www.tehnopan.com\/w\/spirala\/'><img loading=\"lazy\" decoding=\"async\" width=\"150\" height=\"150\" src=\"https:\/\/tehnopan.com\/w\/wp-content\/uploads\/2013\/09\/spirala-150x150.jpg\" class=\"attachment-thumbnail size-thumbnail\" alt=\"\" aria-describedby=\"gallery-1-1548\" srcset=\"https:\/\/tehnopan.com\/w\/wp-content\/uploads\/2013\/09\/spirala-150x150.jpg 150w, https:\/\/tehnopan.com\/w\/wp-content\/uploads\/2013\/09\/spirala-76x76.jpg 76w, https:\/\/tehnopan.com\/w\/wp-content\/uploads\/2013\/09\/spirala-184x184.jpg 184w\" sizes=\"(max-width: 150px) 100vw, 150px\" \/><\/a>\n\t\t\t<\/dt>\n\t\t\t\t<dd class='wp-caption-text gallery-caption' id='gallery-1-1548'>\n\t\t\t\tSpirala za pre\u0161u\n\t\t\t\t<\/dd><\/dl><br style=\"clear: both\" \/>\n\t\t<\/div>\n\n","protected":false},"excerpt":{"rendered":"<p>Pre\u0161e za uljarice &#8211; suncokret, uljanu repicu, soju (uz toastiranje), \u00a0sjeme sesama, sjeme pamuka, kikiriki i sl. Proizvodite sami svoj bio diesel. Lako pu\u0161tanje u pogon, jednostavne za uporabu, mala potro\u0161nja snage, lagano odr\u017eavanje, pouzdane u radu, a prije svega povoljne po cijeni. Primjena u mje\u0161aonama i tvornicama sto\u010dne hrane za pre\u0161anje uljarica a u&#8230;<\/p>\n","protected":false},"author":7,"featured_media":1851,"parent":148,"menu_order":0,"comment_status":"closed","ping_status":"open","template":"","meta":{"_monsterinsights_skip_tracking":false,"_monsterinsights_sitenote_active":false,"_monsterinsights_sitenote_note":"","_monsterinsights_sitenote_category":0,"footnotes":""},"tags":[71,24,21],"class_list":["post-344","page","type-page","status-publish","has-post-thumbnail","hentry","tag-biodizel","tag-presa","tag-strojevi-2"],"aioseo_notices":[],"_links":{"self":[{"href":"https:\/\/www.tehnopan.com\/w\/wp-json\/wp\/v2\/pages\/344"}],"collection":[{"href":"https:\/\/www.tehnopan.com\/w\/wp-json\/wp\/v2\/pages"}],"about":[{"href":"https:\/\/www.tehnopan.com\/w\/wp-json\/wp\/v2\/types\/page"}],"author":[{"embeddable":true,"href":"https:\/\/www.tehnopan.com\/w\/wp-json\/wp\/v2\/users\/7"}],"replies":[{"embeddable":true,"href":"https:\/\/www.tehnopan.com\/w\/wp-json\/wp\/v2\/comments?post=344"}],"version-history":[{"count":1,"href":"https:\/\/www.tehnopan.com\/w\/wp-json\/wp\/v2\/pages\/344\/revisions"}],"predecessor-version":[{"id":2869,"href":"https:\/\/www.tehnopan.com\/w\/wp-json\/wp\/v2\/pages\/344\/revisions\/2869"}],"up":[{"embeddable":true,"href":"https:\/\/www.tehnopan.com\/w\/wp-json\/wp\/v2\/pages\/148"}],"wp:featuredmedia":[{"embeddable":true,"href":"https:\/\/www.tehnopan.com\/w\/wp-json\/wp\/v2\/media\/1851"}],"wp:attachment":[{"href":"https:\/\/www.tehnopan.com\/w\/wp-json\/wp\/v2\/media?parent=344"}],"wp:term":[{"taxonomy":"post_tag","embeddable":true,"href":"https:\/\/www.tehnopan.com\/w\/wp-json\/wp\/v2\/tags?post=344"}],"curies":[{"name":"wp","href":"https:\/\/api.w.org\/{rel}","templated":true}]}}