{"id":383,"date":"2010-07-21T12:00:28","date_gmt":"2010-07-21T10:00:28","guid":{"rendered":"http:\/\/www.tehnopan.com\/w\/"},"modified":"2015-02-01T11:13:48","modified_gmt":"2015-02-01T09:13:48","slug":"inox-transporteri","status":"publish","type":"page","link":"https:\/\/www.tehnopan.com\/w\/transport-medija\/inox-transporteri\/","title":{"rendered":"INOX &#8211; Transporteri"},"content":{"rendered":"<h2 style=\"text-align: left;\"><strong>INOX pu\u017eni transporteri <\/strong>&#8211; pu\u017eevi od nehr\u0111aju\u010deg \u010delika &#8211; AISI 304 (ili neka druga), primjenjuju se u prehrambenoj, kemijskoj, farmaceutskoj, procesnoj i sli\u010dnim industrijama. Neophodni u ure\u0111ajima za pro\u010di\u0161\u010davanje otpadnih voda.<\/h2>\n<p>&nbsp;<\/p>\n<p>INOX pu\u017eni ili spiralni transporteri, hrvatski zvane ponekad i &#8221; \u0161neke &#8221; za primjenu u vinarstvu i uljarstvu, za prihvat gro\u017e\u0111a, odnosno maslina, te za transport komine. INOX pu\u017eni transporteri tako\u0111er mogu slu\u017eiti u solanama. Mogu\u010da izrada pu\u017enih segmenata debljine do 40 mm i promjera do 800 mm, razli\u010ditog koraka. Izrada INOX pu\u017eeva i segmenata sa promjenljivim korakom i promjenjljivim promjerom. Konusne INOX spirale i segmenti.<\/p>\n<p><strong>INOX pu\u017eni transporteri<\/strong> izra\u0111uju se prema naru\u0111bi; odabranog promjera spirale, koraka prema va\u0161em upitu ili na\u0161oj preporuci, duljine do 12 m, promjera do 300 mm.<\/p>\n<p><strong>INOX transporteri<\/strong> mogu biti:<\/p>\n<ul>\n<li>UBODNI &#8211; za prihvat medija sa hrpe ili iz cestovnog prometala,<\/li>\n<li>USIPNI sa usipnikom \u010detvrtastog, trokutastog ili sto\u017eastog oblika,<\/li>\n<li>DOZIRNI sa cijevnim ulazom i izlazom, sa zasunima po \u017eelji,<\/li>\n<li>ME\u0110UTRANSPORTNI za prijenos materijala od to\u010dke A do to\u010dke B, tzv. TOPGUN- &#8220;topovi&#8221; za punjenje silosa; sa usipnim ko\u0161em, kota\u010dima i podvozjem, te ure\u0111ajem za podizanje visine izlaza,<\/li>\n<li>KORITASTI za prihvatne spremnike u vinarstvu ili uljarama.<\/li>\n<\/ul>\n<p>Pogon <strong>INOX PU\u017dNIH TRANSPORTERA<\/strong> mo\u017ee biti na strani ulaza ili izlaza, sa remenskim prenosom snage ili motorreduktorima i spojkama, postavljeni produ\u017eno ili sa lan\u010danim prijenosom, i uz odgovaraju\u0107u za\u0161titu.<\/p>\n<address>Pogledajte\u00a0INOX transportere koje smo izradili za transport cappuchina, transport kave, transport leda, PVC granula, te za kemijsku industriju.<\/address>\n<address>\n\t\t<style type=\"text\/css\">\n\t\t\t#gallery-1 {\n\t\t\t\tmargin: auto;\n\t\t\t}\n\t\t\t#gallery-1 .gallery-item {\n\t\t\t\tfloat: left;\n\t\t\t\tmargin-top: 10px;\n\t\t\t\ttext-align: center;\n\t\t\t\twidth: 33%;\n\t\t\t}\n\t\t\t#gallery-1 img {\n\t\t\t\tborder: 2px solid #cfcfcf;\n\t\t\t}\n\t\t\t#gallery-1 .gallery-caption {\n\t\t\t\tmargin-left: 0;\n\t\t\t}\n\t\t\t\/* see gallery_shortcode() in wp-includes\/media.php *\/\n\t\t<\/style>\n\t\t<div id='gallery-1' class='gallery galleryid-383 gallery-columns-3 gallery-size-thumbnail'><dl class='gallery-item'>\n\t\t\t<dt class='gallery-icon landscape'>\n\t\t\t\t<a href='https:\/\/tehnopan.com\/w\/wp-content\/uploads\/2010\/07\/INOX_ulaz.jpg'><img loading=\"lazy\" decoding=\"async\" width=\"150\" height=\"150\" src=\"https:\/\/tehnopan.com\/w\/wp-content\/uploads\/2010\/07\/INOX_ulaz-150x150.jpg\" class=\"attachment-thumbnail size-thumbnail\" alt=\"\" srcset=\"https:\/\/tehnopan.com\/w\/wp-content\/uploads\/2010\/07\/INOX_ulaz-150x150.jpg 150w, https:\/\/tehnopan.com\/w\/wp-content\/uploads\/2010\/07\/INOX_ulaz-76x76.jpg 76w, https:\/\/tehnopan.com\/w\/wp-content\/uploads\/2010\/07\/INOX_ulaz-184x184.jpg 184w\" sizes=\"(max-width: 150px) 100vw, 150px\" \/><\/a>\n\t\t\t<\/dt><\/dl><dl class='gallery-item'>\n\t\t\t<dt class='gallery-icon landscape'>\n\t\t\t\t<a href='https:\/\/tehnopan.com\/w\/wp-content\/uploads\/2010\/07\/INOX_izlaz.jpg'><img loading=\"lazy\" decoding=\"async\" width=\"150\" height=\"150\" src=\"https:\/\/tehnopan.com\/w\/wp-content\/uploads\/2010\/07\/INOX_izlaz-150x150.jpg\" class=\"attachment-thumbnail size-thumbnail\" alt=\"\" srcset=\"https:\/\/tehnopan.com\/w\/wp-content\/uploads\/2010\/07\/INOX_izlaz-150x150.jpg 150w, https:\/\/tehnopan.com\/w\/wp-content\/uploads\/2010\/07\/INOX_izlaz-76x76.jpg 76w, https:\/\/tehnopan.com\/w\/wp-content\/uploads\/2010\/07\/INOX_izlaz-184x184.jpg 184w\" sizes=\"(max-width: 150px) 100vw, 150px\" \/><\/a>\n\t\t\t<\/dt><\/dl><dl class='gallery-item'>\n\t\t\t<dt class='gallery-icon landscape'>\n\t\t\t\t<a href='https:\/\/tehnopan.com\/w\/wp-content\/uploads\/2010\/07\/INOX_tvek.jpg'><img loading=\"lazy\" decoding=\"async\" width=\"150\" height=\"150\" src=\"https:\/\/tehnopan.com\/w\/wp-content\/uploads\/2010\/07\/INOX_tvek-150x150.jpg\" class=\"attachment-thumbnail size-thumbnail\" alt=\"\" srcset=\"https:\/\/tehnopan.com\/w\/wp-content\/uploads\/2010\/07\/INOX_tvek-150x150.jpg 150w, https:\/\/tehnopan.com\/w\/wp-content\/uploads\/2010\/07\/INOX_tvek-76x76.jpg 76w, https:\/\/tehnopan.com\/w\/wp-content\/uploads\/2010\/07\/INOX_tvek-184x184.jpg 184w\" sizes=\"(max-width: 150px) 100vw, 150px\" \/><\/a>\n\t\t\t<\/dt><\/dl><br style=\"clear: both\" \/><dl class='gallery-item'>\n\t\t\t<dt class='gallery-icon landscape'>\n\t\t\t\t<a href='https:\/\/tehnopan.com\/w\/wp-content\/uploads\/2010\/07\/INOX_BBS.jpg'><img loading=\"lazy\" decoding=\"async\" width=\"150\" height=\"150\" src=\"https:\/\/tehnopan.com\/w\/wp-content\/uploads\/2010\/07\/INOX_BBS-150x150.jpg\" class=\"attachment-thumbnail size-thumbnail\" alt=\"INOX spiralni transporter\" srcset=\"https:\/\/tehnopan.com\/w\/wp-content\/uploads\/2010\/07\/INOX_BBS-150x150.jpg 150w, https:\/\/tehnopan.com\/w\/wp-content\/uploads\/2010\/07\/INOX_BBS-76x76.jpg 76w, https:\/\/tehnopan.com\/w\/wp-content\/uploads\/2010\/07\/INOX_BBS-184x184.jpg 184w, https:\/\/tehnopan.com\/w\/wp-content\/uploads\/2010\/07\/INOX_BBS-430x430.jpg 430w\" sizes=\"(max-width: 150px) 100vw, 150px\" \/><\/a>\n\t\t\t<\/dt><\/dl><dl class='gallery-item'>\n\t\t\t<dt class='gallery-icon landscape'>\n\t\t\t\t<a href='https:\/\/tehnopan.com\/w\/wp-content\/uploads\/2010\/07\/Inox-kos.jpg'><img loading=\"lazy\" decoding=\"async\" width=\"150\" height=\"150\" src=\"https:\/\/tehnopan.com\/w\/wp-content\/uploads\/2010\/07\/Inox-kos-150x150.jpg\" class=\"attachment-thumbnail size-thumbnail\" alt=\"\" srcset=\"https:\/\/tehnopan.com\/w\/wp-content\/uploads\/2010\/07\/Inox-kos-150x150.jpg 150w, https:\/\/tehnopan.com\/w\/wp-content\/uploads\/2010\/07\/Inox-kos-76x76.jpg 76w, https:\/\/tehnopan.com\/w\/wp-content\/uploads\/2010\/07\/Inox-kos-184x184.jpg 184w\" sizes=\"(max-width: 150px) 100vw, 150px\" \/><\/a>\n\t\t\t<\/dt><\/dl><dl class='gallery-item'>\n\t\t\t<dt class='gallery-icon landscape'>\n\t\t\t\t<a href='https:\/\/tehnopan.com\/w\/wp-content\/uploads\/2010\/07\/Inox-puz-skosem.jpg'><img loading=\"lazy\" decoding=\"async\" width=\"150\" height=\"150\" src=\"https:\/\/tehnopan.com\/w\/wp-content\/uploads\/2010\/07\/Inox-puz-skosem-150x150.jpg\" class=\"attachment-thumbnail size-thumbnail\" alt=\"\" srcset=\"https:\/\/tehnopan.com\/w\/wp-content\/uploads\/2010\/07\/Inox-puz-skosem-150x150.jpg 150w, https:\/\/tehnopan.com\/w\/wp-content\/uploads\/2010\/07\/Inox-puz-skosem-76x76.jpg 76w, https:\/\/tehnopan.com\/w\/wp-content\/uploads\/2010\/07\/Inox-puz-skosem-184x184.jpg 184w\" sizes=\"(max-width: 150px) 100vw, 150px\" \/><\/a>\n\t\t\t<\/dt><\/dl><br style=\"clear: both\" \/>\n\t\t<\/div>\n\n<\/address>\n","protected":false},"excerpt":{"rendered":"<p>INOX pu\u017eni transporteri &#8211; pu\u017eevi od nehr\u0111aju\u010deg \u010delika &#8211; AISI 304 (ili neka druga), primjenjuju se u prehrambenoj, kemijskoj, farmaceutskoj, procesnoj i sli\u010dnim industrijama. Neophodni u ure\u0111ajima za pro\u010di\u0161\u010davanje otpadnih voda. &nbsp; INOX pu\u017eni ili spiralni transporteri, hrvatski zvane ponekad i &#8221; \u0161neke &#8221; za primjenu u vinarstvu i uljarstvu, za prihvat gro\u017e\u0111a, odnosno maslina,&#8230;<\/p>\n","protected":false},"author":7,"featured_media":389,"parent":710,"menu_order":4,"comment_status":"closed","ping_status":"closed","template":"","meta":{"_monsterinsights_skip_tracking":false,"_monsterinsights_sitenote_active":false,"_monsterinsights_sitenote_note":"","_monsterinsights_sitenote_category":0,"footnotes":""},"tags":[38,19,55],"class_list":["post-383","page","type-page","status-publish","has-post-thumbnail","hentry","tag-inox","tag-spirale","tag-transport"],"aioseo_notices":[],"_links":{"self":[{"href":"https:\/\/www.tehnopan.com\/w\/wp-json\/wp\/v2\/pages\/383"}],"collection":[{"href":"https:\/\/www.tehnopan.com\/w\/wp-json\/wp\/v2\/pages"}],"about":[{"href":"https:\/\/www.tehnopan.com\/w\/wp-json\/wp\/v2\/types\/page"}],"author":[{"embeddable":true,"href":"https:\/\/www.tehnopan.com\/w\/wp-json\/wp\/v2\/users\/7"}],"replies":[{"embeddable":true,"href":"https:\/\/www.tehnopan.com\/w\/wp-json\/wp\/v2\/comments?post=383"}],"version-history":[{"count":4,"href":"https:\/\/www.tehnopan.com\/w\/wp-json\/wp\/v2\/pages\/383\/revisions"}],"predecessor-version":[{"id":2351,"href":"https:\/\/www.tehnopan.com\/w\/wp-json\/wp\/v2\/pages\/383\/revisions\/2351"}],"up":[{"embeddable":true,"href":"https:\/\/www.tehnopan.com\/w\/wp-json\/wp\/v2\/pages\/710"}],"wp:featuredmedia":[{"embeddable":true,"href":"https:\/\/www.tehnopan.com\/w\/wp-json\/wp\/v2\/media\/389"}],"wp:attachment":[{"href":"https:\/\/www.tehnopan.com\/w\/wp-json\/wp\/v2\/media?parent=383"}],"wp:term":[{"taxonomy":"post_tag","embeddable":true,"href":"https:\/\/www.tehnopan.com\/w\/wp-json\/wp\/v2\/tags?post=383"}],"curies":[{"name":"wp","href":"https:\/\/api.w.org\/{rel}","templated":true}]}}