{"id":409,"date":"2010-07-21T13:57:03","date_gmt":"2010-07-21T11:57:03","guid":{"rendered":"http:\/\/www.tehnopan.com\/w\/"},"modified":"2015-01-28T14:48:58","modified_gmt":"2015-01-28T12:48:58","slug":"lancani-transporteri-redleri","status":"publish","type":"page","link":"https:\/\/www.tehnopan.com\/w\/transport-medija\/lancani-transporteri-redleri\/","title":{"rendered":"Lan\u010dani transporteri redleri"},"content":{"rendered":"<h2>Dijelovi za lan\u010dane transporter(e) &#8211; redler na skladi\u0161tu.<\/h2>\n<p>Gotovi transporteri za razli\u010dite medije od 20 do 400 t\/h po zahtijevu.<\/p>\n<p>Na skladi\u0161tu, standardno;<\/p>\n<div id=\"_mcePaste\">Redlerski lanac 18 x 100 x 140<\/div>\n<div id=\"_mcePaste\">Redlerski lanac 18 x 100 x 160<\/div>\n<div id=\"_mcePaste\">Redlerski lanac 18 x 100 x 190<\/div>\n<div id=\"_mcePaste\">Redlerski lanac 18 x 100 x 240<\/div>\n<div id=\"_mcePaste\">Redlerski lanac 26 x 150 x 340<\/div>\n<div id=\"_mcePaste\">Pogonska zvijezda Z-8 100\/18 \u00a0 \u00a0Z-8 100&#215;18 &#8211; \u00a0\u00f8 55<\/div>\n<div id=\"_mcePaste\">Pogonska zvijezda Z-8 150\/28<\/div>\n<div id=\"_mcePaste\">Zatezna glava \u00f8 240\/18-45 \u00a0\u00f8 240&#215;18 &#8211; \u00f8 45<\/div>\n<div id=\"_mcePaste\">Zatezna glava \u00f8 240\/28-55<\/div>\n<div id=\"_mcePaste\">Plasti\u010dna paleta 50 x 40 mm ( lanac 140 mm )<\/div>\n<div id=\"_mcePaste\">HDPE vodilica lanca u povratu , gornja<\/div>\n<div>HDPE plo\u010da za dno redlera 200x2000x10<\/div>\n<div>HDPE plo\u010da 1000x2000x10 mm za oblaganje povr\u0161ina podlo\u017enih habanju<\/div>\n<ul>\n<li>lanac sa plasti\u010dnim struga\u010dima<\/li>\n<li>pogonske zvijezde<\/li>\n<li>zatezna vodilica<\/li>\n<li>vodilice za lanac<\/li>\n<li>plasti\u010dna podnica HDPE<\/li>\n<\/ul>\n\n\t\t<style type=\"text\/css\">\n\t\t\t#gallery-1 {\n\t\t\t\tmargin: auto;\n\t\t\t}\n\t\t\t#gallery-1 .gallery-item {\n\t\t\t\tfloat: left;\n\t\t\t\tmargin-top: 10px;\n\t\t\t\ttext-align: center;\n\t\t\t\twidth: 33%;\n\t\t\t}\n\t\t\t#gallery-1 img {\n\t\t\t\tborder: 2px solid #cfcfcf;\n\t\t\t}\n\t\t\t#gallery-1 .gallery-caption {\n\t\t\t\tmargin-left: 0;\n\t\t\t}\n\t\t\t\/* see gallery_shortcode() in wp-includes\/media.php *\/\n\t\t<\/style>\n\t\t<div id='gallery-1' class='gallery galleryid-409 gallery-columns-3 gallery-size-thumbnail'><dl class='gallery-item'>\n\t\t\t<dt class='gallery-icon landscape'>\n\t\t\t\t<a href='https:\/\/tehnopan.com\/w\/wp-content\/uploads\/2010\/07\/redl.lanac.jpg'><img loading=\"lazy\" decoding=\"async\" width=\"150\" height=\"150\" src=\"https:\/\/tehnopan.com\/w\/wp-content\/uploads\/2010\/07\/redl.lanac-150x150.jpg\" class=\"attachment-thumbnail size-thumbnail\" alt=\"Redlerski lanac\" aria-describedby=\"gallery-1-410\" srcset=\"https:\/\/tehnopan.com\/w\/wp-content\/uploads\/2010\/07\/redl.lanac-150x150.jpg 150w, https:\/\/tehnopan.com\/w\/wp-content\/uploads\/2010\/07\/redl.lanac-76x76.jpg 76w, https:\/\/tehnopan.com\/w\/wp-content\/uploads\/2010\/07\/redl.lanac-184x184.jpg 184w\" sizes=\"(max-width: 150px) 100vw, 150px\" \/><\/a>\n\t\t\t<\/dt>\n\t\t\t\t<dd class='wp-caption-text gallery-caption' id='gallery-1-410'>\n\t\t\t\tRedlerski lanac\n\t\t\t\t<\/dd><\/dl><dl class='gallery-item'>\n\t\t\t<dt class='gallery-icon landscape'>\n\t\t\t\t<a href='https:\/\/tehnopan.com\/w\/wp-content\/uploads\/2010\/07\/redl.lanci-SKM.gif'><img loading=\"lazy\" decoding=\"async\" width=\"150\" height=\"121\" src=\"https:\/\/tehnopan.com\/w\/wp-content\/uploads\/2010\/07\/redl.lanci-SKM-150x121.gif\" class=\"attachment-thumbnail size-thumbnail\" alt=\"\" \/><\/a>\n\t\t\t<\/dt><\/dl><dl class='gallery-item'>\n\t\t\t<dt class='gallery-icon landscape'>\n\t\t\t\t<a href='https:\/\/tehnopan.com\/w\/wp-content\/uploads\/2010\/07\/redl.lanci_.jpg'><img loading=\"lazy\" decoding=\"async\" width=\"150\" height=\"150\" src=\"https:\/\/tehnopan.com\/w\/wp-content\/uploads\/2010\/07\/redl.lanci_-150x150.jpg\" class=\"attachment-thumbnail size-thumbnail\" alt=\"\" srcset=\"https:\/\/tehnopan.com\/w\/wp-content\/uploads\/2010\/07\/redl.lanci_-150x150.jpg 150w, https:\/\/tehnopan.com\/w\/wp-content\/uploads\/2010\/07\/redl.lanci_-76x76.jpg 76w, https:\/\/tehnopan.com\/w\/wp-content\/uploads\/2010\/07\/redl.lanci_-184x184.jpg 184w\" sizes=\"(max-width: 150px) 100vw, 150px\" \/><\/a>\n\t\t\t<\/dt><\/dl><br style=\"clear: both\" \/>\n\t\t<\/div>\n\n<p>&nbsp;<\/p>\n","protected":false},"excerpt":{"rendered":"<p>Dijelovi za lan\u010dane transporter(e) &#8211; redler na skladi\u0161tu. Gotovi transporteri za razli\u010dite medije od 20 do 400 t\/h po zahtijevu. Na skladi\u0161tu, standardno; Redlerski lanac 18 x 100 x 140 Redlerski lanac 18 x 100 x 160 Redlerski lanac 18 x 100 x 190 Redlerski lanac 18 x 100 x 240 Redlerski lanac 26 x&#8230;<\/p>\n","protected":false},"author":7,"featured_media":410,"parent":710,"menu_order":6,"comment_status":"closed","ping_status":"closed","template":"","meta":{"_monsterinsights_skip_tracking":false,"_monsterinsights_sitenote_active":false,"_monsterinsights_sitenote_note":"","_monsterinsights_sitenote_category":0,"footnotes":""},"tags":[82,83],"class_list":["post-409","page","type-page","status-publish","has-post-thumbnail","hentry","tag-lanac","tag-redler"],"aioseo_notices":[],"_links":{"self":[{"href":"https:\/\/www.tehnopan.com\/w\/wp-json\/wp\/v2\/pages\/409"}],"collection":[{"href":"https:\/\/www.tehnopan.com\/w\/wp-json\/wp\/v2\/pages"}],"about":[{"href":"https:\/\/www.tehnopan.com\/w\/wp-json\/wp\/v2\/types\/page"}],"author":[{"embeddable":true,"href":"https:\/\/www.tehnopan.com\/w\/wp-json\/wp\/v2\/users\/7"}],"replies":[{"embeddable":true,"href":"https:\/\/www.tehnopan.com\/w\/wp-json\/wp\/v2\/comments?post=409"}],"version-history":[{"count":1,"href":"https:\/\/www.tehnopan.com\/w\/wp-json\/wp\/v2\/pages\/409\/revisions"}],"predecessor-version":[{"id":2334,"href":"https:\/\/www.tehnopan.com\/w\/wp-json\/wp\/v2\/pages\/409\/revisions\/2334"}],"up":[{"embeddable":true,"href":"https:\/\/www.tehnopan.com\/w\/wp-json\/wp\/v2\/pages\/710"}],"wp:featuredmedia":[{"embeddable":true,"href":"https:\/\/www.tehnopan.com\/w\/wp-json\/wp\/v2\/media\/410"}],"wp:attachment":[{"href":"https:\/\/www.tehnopan.com\/w\/wp-json\/wp\/v2\/media?parent=409"}],"wp:term":[{"taxonomy":"post_tag","embeddable":true,"href":"https:\/\/www.tehnopan.com\/w\/wp-json\/wp\/v2\/tags?post=409"}],"curies":[{"name":"wp","href":"https:\/\/api.w.org\/{rel}","templated":true}]}}