{"id":415,"date":"2010-07-21T14:43:42","date_gmt":"2010-07-21T12:43:42","guid":{"rendered":"http:\/\/www.tehnopan.com\/w\/"},"modified":"2015-01-27T14:25:53","modified_gmt":"2015-01-27T12:25:53","slug":"perforirani-limovi","status":"publish","type":"page","link":"https:\/\/www.tehnopan.com\/w\/mljevenje-i-sijanje\/perforirani-limovi\/","title":{"rendered":"Perforirani limovi"},"content":{"rendered":"<p><strong>Perforirani limovi, bu\u0161eni limovi<\/strong> &#8211; <strong>perforacije<\/strong> &#8211; sita &#8211; re\u0161eta.<\/p>\n<p style=\"text-align: justify;\">Sve na jednom mjestu.<\/p>\n<p style=\"text-align: justify;\">Izaberite iz na\u0161e velike ponude perforacije sita i re\u0161eta od \u010delika, pocin\u010danog lima, aluminija, INOX &#8211; i manganskog \u010delika.<\/p>\n<p style=\"text-align: justify;\"><strong>Perforirane limove <\/strong>mo\u017eete koristiti za:<\/p>\n<ul>\n<li style=\"text-align: justify;\">mlinove \u010deki\u0107are,praonice,<\/li>\n<li style=\"text-align: justify;\">kalibratore,<\/li>\n<li style=\"text-align: justify;\">su\u0161are,<\/li>\n<li style=\"text-align: justify;\">pregrade u ribnja\u010darstvu za mla\u0111,<\/li>\n<li style=\"text-align: justify;\">ograde,<\/li>\n<li style=\"text-align: justify;\">za balkone,<\/li>\n<li style=\"text-align: justify;\">ukrasne pregrade,<\/li>\n<li style=\"text-align: justify;\">za\u0161titne pregrade,<\/li>\n<li style=\"text-align: justify;\">maske za zvu\u010dnike,<\/li>\n<li style=\"text-align: justify;\">maske za pe\u0107i.<\/li>\n<\/ul>\n<p>Na skladi\u0161tu vi\u0161e od 630 plo\u010da.<\/p>\n<table cellspacing=\"0\" cellpadding=\"0\">\n<tbody>\n<tr>\n<td valign=\"bottom\"><strong>INOX perforirani limovi 1.4301\/ AISI 304 \/ C4580<\/strong><\/td>\n<\/tr>\n<tr>\n<td valign=\"bottom\">INOX Perforirani lim 1 x2 m rupa \u00f8 0,5 &#8211; 1,2\/ 0,5#<\/td>\n<\/tr>\n<tr>\n<td valign=\"bottom\">INOX Perforirani lim 1 x 1,96 m rupa \u00f8 0,4 &#8211; 1,2\/ 0,4#<\/td>\n<\/tr>\n<tr>\n<td valign=\"bottom\">INOX Perforirani lim 1 x 2\u00a0 rupa \u00f8 3 &#8211; 4,4 \/ 1,5#<\/td>\n<\/tr>\n<tr>\n<td valign=\"bottom\">INOX Perforirani lim 1 x 2 m otvor 1,5 x 20 \/ 1,5 # APC<\/td>\n<\/tr>\n<tr>\n<td valign=\"bottom\">INOX Perforirani lim 1 x 2 m rupa \u00f8 0,6\/ 0,5#<\/td>\n<\/tr>\n<tr>\n<td valign=\"bottom\">INOX Perforirani lim 1 x 2 m rupa \u00f8 0,8\/ 0,5#<\/td>\n<\/tr>\n<tr>\n<td valign=\"bottom\">INOX Perforirani lim 1 x 2 m rupa \u00f8 1 &#8211; 2 \/ 0,8#<\/td>\n<\/tr>\n<tr>\n<td valign=\"bottom\">INOX Perforirani lim 1 x 2 m rupa \u00f8 1 \/ 0,5#<\/td>\n<\/tr>\n<tr>\n<td valign=\"bottom\">INOX Perforirani lim 1 x 2 m rupa \u00f8 1 \/ 0,8#<\/td>\n<\/tr>\n<tr>\n<td valign=\"bottom\">INOX Perforirani lim 1 x 2 m rupa \u00f8 1 \/ 1#<\/td>\n<\/tr>\n<tr>\n<td valign=\"bottom\">INOX Perforirani lim 1 x 2 m rupa \u00f8 1,25 \/ 1#<\/td>\n<\/tr>\n<tr>\n<td valign=\"bottom\">INOX Perforirani lim 1 x 2 m rupa \u00f8 1,25 \/ 0.5#,<\/td>\n<\/tr>\n<tr>\n<td valign=\"bottom\">INOX Perforirani lim 1 x 2 m rupa \u00f8 1,5 &#8211; 2,6 \/ 0,8#<\/td>\n<\/tr>\n<tr>\n<td valign=\"bottom\">INOX Perforirani lim 1 x 2 m rupa \u00f8 1,5 \/ 1#<\/td>\n<\/tr>\n<tr>\n<td valign=\"bottom\">INOX Perforirani lim 1 x 2 m rupa \u00f8 1,5 \/0,8#<\/td>\n<\/tr>\n<tr>\n<td valign=\"bottom\">INOX Perforirani lim 1 x 2 m rupa \u00f8 10 \/ 2 #<\/td>\n<\/tr>\n<tr>\n<td valign=\"bottom\">INOX Perforirani lim 1 x 2 m rupa \u00f8 10 \/ 3 #<\/td>\n<\/tr>\n<tr>\n<td valign=\"bottom\">INOX Perforirani lim 1 x 2 m rupa \u00f8 2 \/ 1 #<\/td>\n<\/tr>\n<tr>\n<td valign=\"bottom\">INOX Perforirani lim 1 x 2 m rupa \u00f8 2 \/ 2 #<\/td>\n<\/tr>\n<tr>\n<td valign=\"bottom\">INOX Perforirani lim 1 x 2 m rupa \u00f8 2\/1,5 #<\/td>\n<\/tr>\n<tr>\n<td valign=\"bottom\">INOX Perforirani lim 1 x 2 m rupa \u00f8 3 &#8211; 4 \/ 1 #<\/td>\n<\/tr>\n<tr>\n<td valign=\"bottom\">INOX Perforirani lim 1 x 2 m rupa \u00f8 3 &#8211; 6 \/ 2 #<\/td>\n<\/tr>\n<tr>\n<td valign=\"bottom\">INOX Perforirani lim 1 x 2 m rupa \u00f8 3-5,2 \/ 2,5 #<\/td>\n<\/tr>\n<tr>\n<td valign=\"bottom\">INOX Perforirani lim 1 x 2 m rupa \u00f8 4 \/ 2 #<\/td>\n<\/tr>\n<tr>\n<td valign=\"bottom\">INOX Perforirani lim 1 x 2 m rupa \u00f8 5 &#8211; T8 \/ 2 #<\/td>\n<\/tr>\n<tr>\n<td valign=\"bottom\">INOX Perforirani lim 1 x 2 m rupa \u00f8 6 \/ 2 #<\/td>\n<\/tr>\n<tr>\n<td valign=\"bottom\">INOX Perforirani lim 1 x 2 m rupa \u00f8 6 \/ 3 #<\/td>\n<\/tr>\n<tr>\n<td valign=\"bottom\">INOX Perforirani lim 1 x 2 m rupa \u00f8 8 -T11 \/ 1,5 #<\/td>\n<\/tr>\n<tr>\n<td valign=\"bottom\">INOX Perforirani lim 1 x 2 m rupa \u00f8 8 -T11 \/ 2 #<\/td>\n<\/tr>\n<tr>\n<td valign=\"bottom\">INOX Perforirani lim 1 x 2 m rupa \u00f8 8 -T11 \/ 3 #<\/td>\n<\/tr>\n<tr>\n<td valign=\"bottom\">INOX Perforirani lim 1,25 x 2,5 m rupa \u00f8 2,5 &#8211; T7,5 \/#2 mm<\/td>\n<\/tr>\n<tr>\n<td valign=\"bottom\">INOX Perforirani lim 1,25 x 2,5 m rupa \u00f8 2,5-7,5 \/ 2 #<\/td>\n<\/tr>\n<tr>\n<td valign=\"bottom\">INOX Perforirani lim 1,25 x 2,5 m rupa \u00f8 3- 5 \/ 1,5 #<\/td>\n<\/tr>\n<tr>\n<td valign=\"bottom\">INOX Perforirani lim 1,25 x 2,5 m rupa \u00f8 3- 5 \/ 2 #<\/td>\n<\/tr>\n<tr>\n<td valign=\"bottom\">INOX Perforirani lim 1,25 x 2,5 m rupa \u00f8 3-4,4 \/ 1,5 #<\/td>\n<\/tr>\n<tr>\n<td valign=\"bottom\">INOX Perforirani lim 1,25 x 2,5 \u00f8 3 T4,4 #1,5 mm<\/td>\n<\/tr>\n<tr>\n<td valign=\"bottom\">INOX Perforirani lim 1,5 x 3 m rupa \u00f8 3 &#8211; T5 \/ 1,5 #<\/td>\n<\/tr>\n<tr>\n<td valign=\"bottom\">INOX Perforirani lim 1,5 x 3 m rupa \u00f8 3 &#8211; T5 \/ 2 #<\/td>\n<\/tr>\n<tr>\n<td valign=\"bottom\">INOX Perforirani lim 1,5 x 3 m rupa \u00f8 3 &#8211; T5 \/ 3 #<\/td>\n<\/tr>\n<tr>\n<td valign=\"bottom\"><strong>Duguljasti &#8211; &#8220;\u0161licani&#8221; otvori APL- paralelno sa duljom stranom, APC sa kra\u0107om<\/strong><\/td>\n<\/tr>\n<tr>\n<td valign=\"bottom\">Perforirani lim &#8211; gotovo sito 0,6 x 1 m otvor 2 x 20 mm<\/td>\n<\/tr>\n<tr>\n<td valign=\"bottom\">Perforirani lim 1 x 2 m otvor 1 x 20 mm<\/td>\n<\/tr>\n<tr>\n<td valign=\"bottom\">Perforirani lim 1 x 2 m otvor 1 x 20 mm \/ 0,8mm<\/td>\n<\/tr>\n<tr>\n<td valign=\"bottom\">Perforirani lim 1 x 2 m otvor 1,2 x 20 mm<\/td>\n<\/tr>\n<tr>\n<td valign=\"bottom\">Perforirani lim 1 x 2 m otvor 1,25 x 20 mm<\/td>\n<\/tr>\n<tr>\n<td valign=\"bottom\">Perforirani lim 1 x 2 m otvor 1,25 x 20 mm \/1,2 mm<\/td>\n<\/tr>\n<tr>\n<td valign=\"bottom\">Perforirani lim 1 x 2 m otvor 1,3 x 20 mm<\/td>\n<\/tr>\n<tr>\n<td valign=\"bottom\">Perforirani lim 1 x 2 m otvor 1,5 x 20 mm<\/td>\n<\/tr>\n<tr>\n<td valign=\"bottom\">Perforirani lim 1 x 2 m otvor 1,5 x 20 mm\/1,5 mm<\/td>\n<\/tr>\n<tr>\n<td valign=\"bottom\">Perforirani lim 1 x 2 m otvor 1,6 x 20 mm<\/td>\n<\/tr>\n<tr>\n<td valign=\"bottom\">Perforirani lim 1 x 2 m otvor 1,75 x 20 mm<\/td>\n<\/tr>\n<tr>\n<td valign=\"bottom\">Perforirani lim 1 x 2 m otvor 1,8 x 20 mm<\/td>\n<\/tr>\n<tr>\n<td valign=\"bottom\">Perforirani lim 1 x 2 m otvor 1,9 x 20 mm<\/td>\n<\/tr>\n<tr>\n<td valign=\"bottom\">Perforirani lim 1 x 2 m otvor 10 x 10 mm<\/td>\n<\/tr>\n<tr>\n<td valign=\"bottom\">Perforirani lim 1 x 2 m otvor 10 x 20 \/ 2 #<\/td>\n<\/tr>\n<tr>\n<td valign=\"bottom\">Perforirani lim 1 x 2 m otvor 10 x 30 mm<\/td>\n<\/tr>\n<tr>\n<td valign=\"bottom\">Perforirani lim 1 x 2 m otvor 12 x 30 mm<\/td>\n<\/tr>\n<tr>\n<td valign=\"bottom\">Perforirani lim 1 x 2 m otvor 2 x 20\u00a0 ALUMINIJSKI<\/td>\n<\/tr>\n<tr>\n<td valign=\"bottom\">Perforirani lim 1 x 2 m otvor 2 x 20\u00a0 APC<\/td>\n<\/tr>\n<tr>\n<td valign=\"bottom\">Perforirani lim 1 x 2 m otvor 2 x 20 \/ 2 # ALUMINIJSKI<\/td>\n<\/tr>\n<tr>\n<td valign=\"bottom\">Perforirani lim 1 x 2 m otvor 2 x 20 \/1,5 #\u00a0 APC<\/td>\n<\/tr>\n<tr>\n<td valign=\"bottom\">Perforirani lim 1 x 2 m otvor 2 x 20 \/1,5 mm<\/td>\n<\/tr>\n<tr>\n<td valign=\"bottom\">Perforirani lim 1 x 2 m otvor 2 x 20 mm<\/td>\n<\/tr>\n<tr>\n<td valign=\"bottom\">Perforirani lim 1 x 2 m otvor 2 x 20 mm \/1,2 mm 0.99 x 2 m<\/td>\n<\/tr>\n<tr>\n<td valign=\"bottom\">Perforirani lim 1 x 2 m otvor 2 x 20 mm, APC<\/td>\n<\/tr>\n<tr>\n<td valign=\"bottom\">Perforirani lim 1 x 2 m otvor 2 x 25 mm<\/td>\n<\/tr>\n<tr>\n<td valign=\"bottom\">Perforirani lim 1 x 2 m otvor 2,1 x 20 mm<\/td>\n<\/tr>\n<tr>\n<td valign=\"bottom\">Perforirani lim 1 x 2 m otvor 2,2 x 20 mm<\/td>\n<\/tr>\n<tr>\n<td valign=\"bottom\">Perforirani lim 1 x 2 m otvor 2,25 x 20 mm<\/td>\n<\/tr>\n<tr>\n<td valign=\"bottom\">Perforirani lim 1 x 2 m otvor 2,3 x 20 mm<\/td>\n<\/tr>\n<tr>\n<td valign=\"bottom\">Perforirani lim 1 x 2 m otvor 2,3 x 20 mm\/ # 2 mm<\/td>\n<\/tr>\n<tr>\n<td valign=\"bottom\">Perforirani lim 1 x 2 m otvor 2,35 x 20 mm \/#2 mm<\/td>\n<\/tr>\n<tr>\n<td valign=\"bottom\">Perforirani lim 1 x 2 m otvor 2,4 x 20 \/ 1,5 #\u00a0 ALUMINIJSKI<\/td>\n<\/tr>\n<tr>\n<td valign=\"bottom\">Perforirani lim 1 x 2 m otvor 2,4 x 20 mm<\/td>\n<\/tr>\n<tr>\n<td valign=\"bottom\">Perforirani lim 1 x 2 m otvor 2,5 x 20 \/ 1,5 #<\/td>\n<\/tr>\n<tr>\n<td valign=\"bottom\">Perforirani lim 1 x 2 m otvor 2,5 x 20 mm<\/td>\n<\/tr>\n<tr>\n<td valign=\"bottom\">Perforirani lim 1 x 2 m otvor 2,6 x 20 mm \/# 2 mm<\/td>\n<\/tr>\n<tr>\n<td valign=\"bottom\">Perforirani lim 1 x 2 m otvor 2,75 x 20 mm<\/td>\n<\/tr>\n<tr>\n<td valign=\"bottom\">Perforirani lim 1 x 2 m otvor 2,8 x 20 mm<\/td>\n<\/tr>\n<tr>\n<td valign=\"bottom\">Perforirani lim 1 x 2 m otvor 3 x 20\u00a0 ALUMINIJSKI, APC<\/td>\n<\/tr>\n<tr>\n<td valign=\"bottom\">Perforirani lim 1 x 2 m otvor 3 x 20 mm<\/td>\n<\/tr>\n<tr>\n<td valign=\"bottom\">Perforirani lim 1 x 2 m otvor 3,25 x 25\/ #1,5 mm<\/td>\n<\/tr>\n<tr>\n<td valign=\"bottom\">Perforirani lim 1 x 2 m otvor 3,5 x 40<\/td>\n<\/tr>\n<tr>\n<td valign=\"bottom\">Perforirani lim 1 x 2 m otvor 3,75 x 20<\/td>\n<\/tr>\n<tr>\n<td valign=\"bottom\">Perforirani lim 1 x 2 m otvor 4 x 20<\/td>\n<\/tr>\n<tr>\n<td valign=\"bottom\">Perforirani lim 1 x 2 m otvor 4 x 20 \/1,5 #<\/td>\n<\/tr>\n<tr>\n<td valign=\"bottom\">Perforirani lim 1 x 2 m otvor 4 x 20 mm<\/td>\n<\/tr>\n<tr>\n<td valign=\"bottom\">Perforirani lim 1 x 2 m otvor 4 x 40 mm<\/td>\n<\/tr>\n<tr>\n<td valign=\"bottom\">Perforirani lim 1 x 2 m otvor 4,25 x 20<\/td>\n<\/tr>\n<tr>\n<td valign=\"bottom\">Perforirani lim 1 x 2 m otvor 4,25 x 20 \/ 1,5 #<\/td>\n<\/tr>\n<tr>\n<td valign=\"bottom\">Perforirani lim 1 x 2 m otvor 4,5 x 40 \/ 1,5 #<\/td>\n<\/tr>\n<tr>\n<td valign=\"bottom\">Perforirani lim 1 x 2 m otvor 4.25 x 20 mm<\/td>\n<\/tr>\n<tr>\n<td valign=\"bottom\">Perforirani lim 1 x 2 m otvor 4.5 x 20 mm<\/td>\n<\/tr>\n<tr>\n<td valign=\"bottom\">Perforirani lim 1 x 2 m otvor 4.5 x 40 \/ 1,5 # mm<\/td>\n<\/tr>\n<tr>\n<td valign=\"bottom\">Perforirani lim 1 x 2 m otvor 5 x 20 \/1,5 #<\/td>\n<\/tr>\n<tr>\n<td valign=\"bottom\">Perforirani lim 1 x 2 m otvor 5 x 20 mm<\/td>\n<\/tr>\n<tr>\n<td valign=\"bottom\">Perforirani lim 1 x 2 m otvor 5 x 40 mm<\/td>\n<\/tr>\n<tr>\n<td valign=\"bottom\">Perforirani lim 1 x 2 m otvor 6 x 20 mm<\/td>\n<\/tr>\n<tr>\n<td valign=\"bottom\">Perforirani lim 1 x 2 m otvor 6 x 46 mm, # 1,5 mm<\/td>\n<\/tr>\n<tr>\n<td valign=\"bottom\">Perforirani lim 1 x 2 m otvor 7 x 20 mm<\/td>\n<\/tr>\n<tr>\n<td valign=\"bottom\">Perforirani lim 1 x 2 m otvor 8 x 20 mm<\/td>\n<\/tr>\n<tr>\n<td valign=\"bottom\">Perforirani lim 1 x 2 m otvor 8 x 30 mm<\/td>\n<\/tr>\n<tr>\n<td valign=\"bottom\">Perforirani lim 1 x 2 m otvor 8 x 30\/1,5 #<\/td>\n<\/tr>\n<tr>\n<td valign=\"bottom\"><strong>Okrugli otvori rupe \u00f8(promjer rupe)-(osni razmak izme<\/strong><strong>\u0111<\/strong><strong>u rupa)\/debljina lima (mm)<\/strong><\/td>\n<\/tr>\n<tr>\n<td valign=\"bottom\">Perforirani lim 1 x 2 m rupa \u00f8 0,5 \/ 0,5 # Me.<\/td>\n<\/tr>\n<tr>\n<td valign=\"bottom\">Perforirani lim 1 x 2 m rupa \u00f8 0.5\/ 0,5#<\/td>\n<\/tr>\n<tr>\n<td valign=\"bottom\">Perforirani lim 1 x 2 m rupa \u00f8 0.6\/ 0,5#<\/td>\n<\/tr>\n<tr>\n<td valign=\"bottom\">Perforirani lim 1 x 2 m rupa \u00f8 0.7\/ 0,5#<\/td>\n<\/tr>\n<tr>\n<td valign=\"bottom\">Perforirani lim 1 x 2 m rupa \u00f8 0.8\/ 0,5#<\/td>\n<\/tr>\n<tr>\n<td valign=\"bottom\">Perforirani lim 1 x 2 m rupa \u00f8 1 &#8211; T2 \/ # 1 mm ALUMINIJSKI<\/td>\n<\/tr>\n<tr>\n<td valign=\"bottom\">Perforirani lim 1 x 2 m rupa \u00f8 1 \/ 0,8#<\/td>\n<\/tr>\n<tr>\n<td valign=\"bottom\">Perforirani lim 1 x 2 m rupa \u00f8 1 \/ 1#<\/td>\n<\/tr>\n<tr>\n<td valign=\"bottom\">Perforirani lim 1 x 2 m rupa \u00f8 1,2 \/ 0,8#<\/td>\n<\/tr>\n<tr>\n<td valign=\"bottom\">Perforirani lim 1 x 2 m rupa \u00f8 1,2 \/ 1#<\/td>\n<\/tr>\n<tr>\n<td valign=\"bottom\">Perforirani lim 1 x 2 m rupa \u00f8 1,5 &#8211; 2,6 \/ 1#<\/td>\n<\/tr>\n<tr>\n<td valign=\"bottom\">Perforirani lim 1 x 2 m rupa \u00f8 1,5 \/ 1#<\/td>\n<\/tr>\n<tr>\n<td valign=\"bottom\">Perforirani lim 1 x 2 m rupa \u00f8 1,5\/ 0,5 #<\/td>\n<\/tr>\n<tr>\n<td valign=\"bottom\">Perforirani lim 1 x 2 m rupa \u00f8 1,5\/1,5 #<\/td>\n<\/tr>\n<tr>\n<td valign=\"bottom\">Perforirani lim 1 x 2 m rupa \u00f8 1,75\/1,5<\/td>\n<\/tr>\n<tr>\n<td valign=\"bottom\">Perforirani lim 1 x 2 m rupa \u00f8 1,75\/1,5 #<\/td>\n<\/tr>\n<tr>\n<td valign=\"bottom\">Perforirani lim 1 x 2 m rupa \u00f8 1\/ 0,5 #<\/td>\n<\/tr>\n<tr>\n<td valign=\"bottom\">Perforirani lim 1 x 2 m rupa \u00f8 10 -13 \/ 2 #<\/td>\n<\/tr>\n<tr>\n<td valign=\"bottom\">Perforirani lim 1 x 2 m rupa \u00f8 10 -13 \/ 3 #<\/td>\n<\/tr>\n<tr>\n<td valign=\"bottom\">Perforirani lim 1 x 2 m rupa \u00f8 10 \/ 1#<\/td>\n<\/tr>\n<tr>\n<td valign=\"bottom\">Perforirani lim 1 x 2 m rupa \u00f8 10 \/ 3 # Mg C3134<\/td>\n<\/tr>\n<tr>\n<td valign=\"bottom\">Perforirani lim 1 x 2 m rupa \u00f8 10 T13 \/1,2mm 0,99X2 m<\/td>\n<\/tr>\n<tr>\n<td valign=\"bottom\">Perforirani lim 1 x 2 m rupa \u00f8 10 U 14 \/ 1,5# POCIN\u010cANI<\/td>\n<\/tr>\n<tr>\n<td valign=\"bottom\">Perforirani lim 1 x 2 m rupa \u00f8 11 \/ 1#<\/td>\n<\/tr>\n<tr>\n<td valign=\"bottom\">Perforirani lim 1 x 2 m rupa \u00f8 11 \/ 2 #<\/td>\n<\/tr>\n<tr>\n<td valign=\"bottom\">Perforirani lim 1 x 2 m rupa \u00f8 11 \/ 3 #<\/td>\n<\/tr>\n<tr>\n<td valign=\"bottom\">Perforirani lim 1 x 2 m rupa \u00f8 12<\/td>\n<\/tr>\n<tr>\n<td valign=\"bottom\">Perforirani lim 1 x 2 m rupa \u00f8 12 \/ 3 #<\/td>\n<\/tr>\n<tr>\n<td valign=\"bottom\">Perforirani lim 1 x 2 m rupa \u00f8 12 T15 \/1,2mm 0,99X2 m<\/td>\n<\/tr>\n<tr>\n<td valign=\"bottom\">Perforirani lim 1 x 2 m rupa \u00f8 13<\/td>\n<\/tr>\n<tr>\n<td valign=\"bottom\">Perforirani lim 1 x 2 m rupa \u00f8 13 T16 \/1,2mm<\/td>\n<\/tr>\n<tr>\n<td valign=\"bottom\">Perforirani lim 1 x 2 m rupa \u00f8 14<\/td>\n<\/tr>\n<tr>\n<td valign=\"bottom\">Perforirani lim 1 x 2 m rupa \u00f8 14 \/ 3 #<\/td>\n<\/tr>\n<tr>\n<td valign=\"bottom\">Perforirani lim 1 x 2 m rupa \u00f8 14 \/ 3 # Mg C3134<\/td>\n<\/tr>\n<tr>\n<td valign=\"bottom\">Perforirani lim 1 x 2 m rupa \u00f8 14\/1,5#<\/td>\n<\/tr>\n<tr>\n<td valign=\"bottom\">Perforirani lim 1 x 2 m rupa \u00f8 15<\/td>\n<\/tr>\n<tr>\n<td valign=\"bottom\">Perforirani lim 1 x 2 m rupa \u00f8 15\/1,5 #<\/td>\n<\/tr>\n<tr>\n<td valign=\"bottom\">Perforirani lim 1 x 2 m rupa \u00f8 17 &#8211; 20<\/td>\n<\/tr>\n<tr>\n<td valign=\"bottom\">Perforirani lim 1 x 2 m rupa \u00f8 2 \/ 0,5#<\/td>\n<\/tr>\n<tr>\n<td valign=\"bottom\">Perforirani lim 1 x 2 m rupa \u00f8 2 \/ 2 #<\/td>\n<\/tr>\n<tr>\n<td valign=\"bottom\">Perforirani lim 1 x 2 m rupa \u00f8 2 T5 \/1#<\/td>\n<\/tr>\n<tr>\n<td valign=\"bottom\">Perforirani lim 1 x 2 m rupa \u00f8 2,25-3,5 \/ 1#<\/td>\n<\/tr>\n<tr>\n<td valign=\"bottom\">Perforirani lim 1 x 2 m rupa \u00f8 2,5-4 \/ 1#<\/td>\n<\/tr>\n<tr>\n<td valign=\"bottom\">Perforirani lim 1 x 2 m rupa \u00f8 2.5-4\/ 2 #<\/td>\n<\/tr>\n<tr>\n<td valign=\"bottom\">Perforirani lim 1 x 2 m rupa \u00f8 20<\/td>\n<\/tr>\n<tr>\n<td valign=\"bottom\">Perforirani lim 1 x 2 m rupa \u00f8 20\/1,5 #<\/td>\n<\/tr>\n<tr>\n<td valign=\"bottom\">Perforirani lim 1 x 2 m rupa \u00f8 25 &#8211; 30<\/td>\n<\/tr>\n<tr>\n<td valign=\"bottom\">Perforirani lim 1250 x 2500 rupa \u00f8 3 &#8211; 4,4 mm\/ 1,5 #POCIN\u010cANI<\/td>\n<\/tr>\n<tr>\n<td valign=\"bottom\">Perforirani lim 1 x 2 m rupa \u00f8 3 &#8211; 4,4<\/td>\n<\/tr>\n<tr>\n<td valign=\"bottom\">Perforirani lim 1 x 2 m rupa \u00f8 3 &#8211; 4,4 \/ 1,5 #<\/td>\n<\/tr>\n<tr>\n<td valign=\"bottom\">Perforirani lim 1 x 2 m rupa \u00f8 3 &#8211; 5\u00a0 \/ 1,5 #<\/td>\n<\/tr>\n<tr>\n<td valign=\"bottom\">Perforirani lim 1 x 2 m rupa \u00f8 3 &#8211; 5,2 \/ 2 #<\/td>\n<\/tr>\n<tr>\n<td valign=\"bottom\">Perforirani lim 1 x 2 m rupa \u00f8 3 \/ # 2 mm ALUMINIJSKI<\/td>\n<\/tr>\n<tr>\n<td valign=\"bottom\">Perforirani lim 1 x 2 m rupa \u00f8 3 \/ 2 #<\/td>\n<\/tr>\n<tr>\n<td valign=\"bottom\">Perforirani lim 1 x 2 m rupa \u00f8 3 \/ 2 # Mg C3134<\/td>\n<\/tr>\n<tr>\n<td valign=\"bottom\">Perforirani lim 1 x 2 m rupa \u00f8 3 \/ 3 #<\/td>\n<\/tr>\n<tr>\n<td valign=\"bottom\">Perforirani lim 1 x 2 m rupa \u00f8 3 mm, # 2 mm<\/td>\n<\/tr>\n<tr>\n<td valign=\"bottom\">Perforirani lim 1 x 2 m rupa \u00f8 3\/ 2 #\u00a0 Al.<\/td>\n<\/tr>\n<tr>\n<td valign=\"bottom\">Perforirani lim 1 x 2 m rupa \u00f8 4 -7 \/ 3 #<\/td>\n<\/tr>\n<tr>\n<td valign=\"bottom\">Perforirani lim 1 x 2 m rupa \u00f8 4 \/ 1 #<\/td>\n<\/tr>\n<tr>\n<td valign=\"bottom\">Perforirani lim 1 x 2 m rupa \u00f8 4 \/ 2 #<\/td>\n<\/tr>\n<tr>\n<td valign=\"bottom\">Perforirani lim 1 x 2 m rupa \u00f8 4 \/ 2,5 #<\/td>\n<\/tr>\n<tr>\n<td valign=\"bottom\">Perforirani lim 1 x 2 m rupa \u00f8 4 \/ 3 # Mg C3134<\/td>\n<\/tr>\n<tr>\n<td valign=\"bottom\">Perforirani lim 1 x 2 m rupa \u00f8 4 mm, # 2 mm<\/td>\n<\/tr>\n<tr>\n<td valign=\"bottom\">Perforirani lim 1 x 2 m rupa \u00f8 4 mm, # 2 mm<\/td>\n<\/tr>\n<tr>\n<td valign=\"bottom\">Perforirani lim 1 x 2 m rupa \u00f8 4,5 &#8211; 5,5 \/ 1#<\/td>\n<\/tr>\n<tr>\n<td valign=\"bottom\">Perforirani lim 1 x 2 m rupa \u00f8 4,75 &#8211; 7<\/td>\n<\/tr>\n<tr>\n<td valign=\"bottom\">Perforirani lim 1 x 2 m rupa \u00f8 5 &#8211; T8 \/ 0,8# POCIN\u010cANI<\/td>\n<\/tr>\n<tr>\n<td valign=\"bottom\">Perforirani lim 1 x 2 m rupa \u00f8 5 &#8211; T8 \/ 1 #<\/td>\n<\/tr>\n<tr>\n<td valign=\"bottom\">Perforirani lim 1 x 2 m rupa \u00f8 5 &#8211; T8 \/ 2 #<\/td>\n<\/tr>\n<tr>\n<td valign=\"bottom\">Perforirani lim 1 x 2 m rupa \u00f8 5 &#8211; T8 \/ 3 #<\/td>\n<\/tr>\n<tr>\n<td valign=\"bottom\">Perforirani lim 1 x 2 m rupa \u00f8 5 \/ # 0,7 mm ALUMINIJSKI<\/td>\n<\/tr>\n<tr>\n<td valign=\"bottom\">Perforirani lim 1 x 2 m rupa \u00f8 5 \/ 1,5 #<\/td>\n<\/tr>\n<tr>\n<td valign=\"bottom\">Perforirani lim 1 x 2 m rupa \u00f8 5 \/ 3 # Mg C3134<\/td>\n<\/tr>\n<tr>\n<td valign=\"bottom\">Perforirani lim 1 x 2 m rupa \u00f8 5 \/ \u00f8 6 koni na<\/td>\n<\/tr>\n<tr>\n<td valign=\"bottom\">Perforirani lim 1 x 2 m rupa \u00f8 5 T8 mm, #2 mm<\/td>\n<\/tr>\n<tr>\n<td valign=\"bottom\">Perforirani lim 1 x 2 m rupa \u00f8 5\/ 0,7 # ALUMINIJSKI<\/td>\n<\/tr>\n<tr>\n<td valign=\"bottom\">Perforirani lim 1 x 2 m rupa \u00f8 50 \/ 1#<\/td>\n<\/tr>\n<tr>\n<td valign=\"bottom\">Perforirani lim 1 x 2 m rupa \u00f8 6 &#8211; 7,9 \/ 2 #<\/td>\n<\/tr>\n<tr>\n<td valign=\"bottom\">Perforirani lim 1 x 2 m rupa \u00f8 6 \/ 1 #<\/td>\n<\/tr>\n<tr>\n<td valign=\"bottom\">Perforirani lim 1 x 2 m rupa \u00f8 6 \/ 3 #<\/td>\n<\/tr>\n<tr>\n<td valign=\"bottom\">Perforirani lim 1 x 2 m rupa \u00f8 6 \/ 3 # Mg C3134<\/td>\n<\/tr>\n<tr>\n<td valign=\"bottom\">Perforirani lim 1 x 2 m rupa \u00f8 7 \/ 1 #<\/td>\n<\/tr>\n<tr>\n<td valign=\"bottom\">Perforirani lim 1 x 2 m rupa \u00f8 7 \/ 2 #<\/td>\n<\/tr>\n<tr>\n<td valign=\"bottom\">Perforirani lim 1 x 2 m rupa \u00f8 7 \/ 3 #<\/td>\n<\/tr>\n<tr>\n<td valign=\"bottom\">Perforirani lim 1 x 2 m rupa \u00f8 7,2 -9,6 \/ 1#<\/td>\n<\/tr>\n<tr>\n<td valign=\"bottom\">Perforirani lim 1 x 2 m rupa \u00f8 7,5 -12 \/ 1#<\/td>\n<\/tr>\n<tr>\n<td valign=\"bottom\">Perforirani lim 1 x 2 m rupa \u00f8 8 &#8211; 11 \/ 1#<\/td>\n<\/tr>\n<tr>\n<td valign=\"bottom\">Perforirani lim 1 x 2 m rupa \u00f8 8 &#8211; 11 \/ 3 #<\/td>\n<\/tr>\n<tr>\n<td valign=\"bottom\">Perforirani lim 1 x 2 m rupa \u00f8 8 &#8211; 9,6 \/ 1 #<\/td>\n<\/tr>\n<tr>\n<td valign=\"bottom\">Perforirani lim 1 x 2 m rupa \u00f8 8 \/ 2 #<\/td>\n<\/tr>\n<tr>\n<td valign=\"bottom\">Perforirani lim 1 x 2 m rupa \u00f8 8 \/ 3 # Mg C3134<\/td>\n<\/tr>\n<tr>\n<td valign=\"bottom\">Perforirani lim 1 x 2 m rupa \u00f8 8,5-9,6 \/ 1 #<\/td>\n<\/tr>\n<tr>\n<td valign=\"bottom\">Perforirani lim 1 x 2 m rupa \u00f8 9 \/ 1 #<\/td>\n<\/tr>\n<tr>\n<td valign=\"bottom\">Perforirani lim 1 x 2 m rupa \u00f8 9 \/ 2 #<\/td>\n<\/tr>\n<tr>\n<td valign=\"bottom\">Perforirani lim 1 x 2 m rupa \u00f8 9 \/ 3 #<\/td>\n<\/tr>\n<tr>\n<td valign=\"bottom\">Perforirani lim 1 x 2 m rupa \u00f8 9,5 -12<\/td>\n<\/tr>\n<tr>\n<td valign=\"bottom\">Perforirani lim 1,25 x 2,5 m rupa \u00f8 3 &#8211; T5 \/ # 0,8mm POCIN\u010cANI<\/td>\n<\/tr>\n<tr>\n<td valign=\"bottom\">Perforirani lim 1,25 x 2,5 m rupa \u00f8 5 &#8211; 8 \/ 1,5 #<\/td>\n<\/tr>\n<tr>\n<td valign=\"bottom\">Perforirani lim 1,25 x 2,5 m rupa \u00f8 8 &#8211; 11 \/ 1#<\/td>\n<\/tr>\n<tr>\n<td valign=\"bottom\">Perforirani lim 1 x 2 m rupa \u00f8 0,5 mm, # 0,5 mm<\/td>\n<\/tr>\n<tr>\n<td valign=\"bottom\">Perforirani lim 1 x 2 m rupa \u00f8 0,5 mm, # 0,5 mm<\/td>\n<\/tr>\n<tr>\n<td valign=\"bottom\">Perforirani lim 1 x 2 m rupa \u00f8 0,6 mm, # 0,5 mm<\/td>\n<\/tr>\n<tr>\n<td valign=\"bottom\">Perforirani lim 1 x 2 m rupa \u00f8 0,7 mm, # 0,5 mm<\/td>\n<\/tr>\n<tr>\n<td valign=\"bottom\">Perforirani lim 1 x 2 m rupa \u00f8 0,8 mm, # 0,5 mm<\/td>\n<\/tr>\n<tr>\n<td valign=\"bottom\">Perforirani lim 1 x 2 m rupa \u00f8 1,5 mm, # 1,5 mm<\/td>\n<\/tr>\n<tr>\n<td valign=\"bottom\"><strong>Perforacije sa trokutasim otvorima <\/strong><\/td>\n<\/tr>\n<tr>\n<td valign=\"bottom\">Perforirani lim trokut. 3,5&#215;3,5&#215;3,5 -rupa \u00f8 2 mm #1 mm\u00a0 1&#215;2 m<\/td>\n<\/tr>\n<tr>\n<td valign=\"bottom\">Perforirani lim trokut. 3x3x3 &#8211; rupa \u00f8 1,75 mm #1 mm\u00a0 1&#215;2 m<\/td>\n<\/tr>\n<tr>\n<td valign=\"bottom\">Perforirani lim trokut. 4,25&#215;4,25 &#8211; rupa \u00f8 3mm #1 mm,\u00a0 1 x 2 m<\/td>\n<\/tr>\n<tr>\n<td valign=\"bottom\">Perforirani lim trokut. 4x4x4 &#8211; rupa \u00f8 2,3 mm #1 mm,\u00a0 1 x 2 m<\/td>\n<\/tr>\n<tr>\n<td valign=\"bottom\">Perforirani lim trokut. 5x5x5 &#8211; rupa \u00f8 3,8 mm #1mm\u00a0 1 x 2 m<\/td>\n<\/tr>\n<tr>\n<td valign=\"bottom\">Perforirani lim trokut. 6x6x6 &#8211; rupa \u00f8 4,2 mm #1mm\u00a0 1 x 2 m<\/td>\n<\/tr>\n<tr>\n<td valign=\"bottom\"><strong>Perforacije za cije<\/strong><strong>\u0111<\/strong><strong>enje &#8211; za praonice u mlinovima<\/strong><\/td>\n<\/tr>\n<tr>\n<td valign=\"bottom\">Perforirani lim 1 x 2 m otvor 1,2 x 25 mm, za cije\u0111enje &#8220;d\u017eepni&#8221;<\/td>\n<\/tr>\n<tr>\n<td valign=\"bottom\">Perforirani lim 1 x 2 m otvor 1,2 x 25 mm, &#8220;d\u017eepni&#8221;,pocin\u010dani #1,5<\/td>\n<\/tr>\n<tr>\n<td valign=\"bottom\">Perforirani lim 1 x 2 m otvor 1,2 x 25 mm, &#8220;d\u017eepni&#8221;,pocin\u010dani #1 mm<\/td>\n<\/tr>\n<\/tbody>\n<\/table>\n<p><a href=\"http:\/\/tehnopan.com\/w\/wp-content\/uploads\/2010\/08\/perforacije-002.jpg\"><img loading=\"lazy\" decoding=\"async\" class=\"aligncenter size-full wp-image-734\" title=\"perforacije 002\" src=\"http:\/\/tehnopan.com\/w\/wp-content\/uploads\/2010\/08\/perforacije-002.jpg\" alt=\"Perforirani limovi\" width=\"616\" height=\"640\" srcset=\"https:\/\/tehnopan.com\/w\/wp-content\/uploads\/2010\/08\/perforacije-002.jpg 616w, https:\/\/tehnopan.com\/w\/wp-content\/uploads\/2010\/08\/perforacije-002-288x300.jpg 288w\" sizes=\"(max-width: 616px) 100vw, 616px\" \/><\/a><\/p>\n","protected":false},"excerpt":{"rendered":"<p>Perforirani limovi, bu\u0161eni limovi &#8211; perforacije &#8211; sita &#8211; re\u0161eta. Sve na jednom mjestu. Izaberite iz na\u0161e velike ponude perforacije sita i re\u0161eta od \u010delika, pocin\u010danog lima, aluminija, INOX &#8211; i manganskog \u010delika. Perforirane limove mo\u017eete koristiti za: mlinove \u010deki\u0107are,praonice, kalibratore, su\u0161are, pregrade u ribnja\u010darstvu za mla\u0111, ograde, za balkone, ukrasne pregrade, za\u0161titne pregrade, maske&#8230;<\/p>\n","protected":false},"author":7,"featured_media":486,"parent":768,"menu_order":2,"comment_status":"closed","ping_status":"closed","template":"","meta":{"_monsterinsights_skip_tracking":false,"_monsterinsights_sitenote_active":false,"_monsterinsights_sitenote_note":"","_monsterinsights_sitenote_category":0,"footnotes":""},"tags":[67,68,69],"class_list":["post-415","page","type-page","status-publish","has-post-thumbnail","hentry","tag-perforacije","tag-sijanje","tag-sita"],"aioseo_notices":[],"_links":{"self":[{"href":"https:\/\/www.tehnopan.com\/w\/wp-json\/wp\/v2\/pages\/415"}],"collection":[{"href":"https:\/\/www.tehnopan.com\/w\/wp-json\/wp\/v2\/pages"}],"about":[{"href":"https:\/\/www.tehnopan.com\/w\/wp-json\/wp\/v2\/types\/page"}],"author":[{"embeddable":true,"href":"https:\/\/www.tehnopan.com\/w\/wp-json\/wp\/v2\/users\/7"}],"replies":[{"embeddable":true,"href":"https:\/\/www.tehnopan.com\/w\/wp-json\/wp\/v2\/comments?post=415"}],"version-history":[{"count":0,"href":"https:\/\/www.tehnopan.com\/w\/wp-json\/wp\/v2\/pages\/415\/revisions"}],"up":[{"embeddable":true,"href":"https:\/\/www.tehnopan.com\/w\/wp-json\/wp\/v2\/pages\/768"}],"wp:featuredmedia":[{"embeddable":true,"href":"https:\/\/www.tehnopan.com\/w\/wp-json\/wp\/v2\/media\/486"}],"wp:attachment":[{"href":"https:\/\/www.tehnopan.com\/w\/wp-json\/wp\/v2\/media?parent=415"}],"wp:term":[{"taxonomy":"post_tag","embeddable":true,"href":"https:\/\/www.tehnopan.com\/w\/wp-json\/wp\/v2\/tags?post=415"}],"curies":[{"name":"wp","href":"https:\/\/api.w.org\/{rel}","templated":true}]}}