{"id":424,"date":"2010-07-22T10:40:40","date_gmt":"2010-07-22T08:40:40","guid":{"rendered":"http:\/\/www.tehnopan.com\/w\/"},"modified":"2015-01-29T10:36:00","modified_gmt":"2015-01-29T08:36:00","slug":"magneti","status":"publish","type":"page","link":"https:\/\/www.tehnopan.com\/w\/uredjaji\/magneti\/","title":{"rendered":"Magneti"},"content":{"rendered":"<p>Primjena za\u00a0<strong>odvajanje fero metalnih primjesa\u00a0<\/strong>iz mase \u017eitarica, bra\u0161na, sto\u010dne hrane, ljekovitih biljaka, sortiranju otpada, piljevine, \u00a0mljevene plastike, PVC granula, iz medija prije mljevenja, pakiranja, ili ekstrudiranja kao\u00a0i svih ostalih sipkih ili pra\u0161kastih medija.<\/p>\n<p>Razlog zbog kojeg treba ugraditi\u00a0<strong>magnete<\/strong> je u\u0161teda na kvarovima koji bi proiza\u0161li iz o\u0161te\u0107enja strojeva uslijed loma, proboja i sl. nepogoda prouzro\u010denih zbog prisustva stranog metalnog tijela, te u postupku sortiranja otpada, gdje su feromagnetni dijelovi korisna sirovina.\u00a0Posebno treba upozoriti na pojavu iskre -vatre, a time i mogu\u010dnosti eksplozije u procesu, jer je ve\u010dina pra\u0161ina organskih medija, a i mnogih neorganskih- eksplozivna.<\/p>\n<p>Na primjer 23 gr\/m3 p\u0161eni\u010dne pra\u0161ine uz pojavu iskre dovoljne snage, izaziva eksploziju. Upamtite; magneta u procesu; nikad nema previ\u0161e!<\/p>\n<p>Na skladi\u0161tu imamo re\u0161etkaste magnete magnete 200 x 200 mm i 250 x 250 mm, kao plo\u010da; 150 x 150 mm, a sve za ugradnju u ko\u0161 ispred \u010deki\u010dara, mlina za mljevenje, ekstrudera ili pre\u0161e.<\/p>\n<p>Od proto\u010dnih\u00a0<strong>magneta<\/strong> imamo cijevne magnete u INOX cijevima, promjera 120. 150 i 200 mm, za kapacitete protoka od 5 t\/h do 30 t\/h, ra\u010dunato na bazi \u017eita.<\/p>\n<p>Po naru\u0111bi radimo plo\u010daste magnete \u0161irine i visine prema va\u0161oj potrebi, debljine 22 mm, velike snage privla\u010denja. \u0160irina i visina nisu ograni\u010deni. Od plo\u010dastih magneta imamo &#8220;Buhler&#8221; magnete u ku\u010di\u0161tu \u0161irine 200 i 300 mm<\/p>\n\n\t\t<style type=\"text\/css\">\n\t\t\t#gallery-1 {\n\t\t\t\tmargin: auto;\n\t\t\t}\n\t\t\t#gallery-1 .gallery-item {\n\t\t\t\tfloat: left;\n\t\t\t\tmargin-top: 10px;\n\t\t\t\ttext-align: center;\n\t\t\t\twidth: 33%;\n\t\t\t}\n\t\t\t#gallery-1 img {\n\t\t\t\tborder: 2px solid #cfcfcf;\n\t\t\t}\n\t\t\t#gallery-1 .gallery-caption {\n\t\t\t\tmargin-left: 0;\n\t\t\t}\n\t\t\t\/* see gallery_shortcode() in wp-includes\/media.php *\/\n\t\t<\/style>\n\t\t<div id='gallery-1' class='gallery galleryid-424 gallery-columns-3 gallery-size-thumbnail'><dl class='gallery-item'>\n\t\t\t<dt class='gallery-icon landscape'>\n\t\t\t\t<a href='https:\/\/tehnopan.com\/w\/wp-content\/uploads\/2010\/07\/magnet_veliki2.jpg'><img loading=\"lazy\" decoding=\"async\" width=\"150\" height=\"150\" src=\"https:\/\/tehnopan.com\/w\/wp-content\/uploads\/2010\/07\/magnet_veliki2-150x150.jpg\" class=\"attachment-thumbnail size-thumbnail\" alt=\"\" srcset=\"https:\/\/tehnopan.com\/w\/wp-content\/uploads\/2010\/07\/magnet_veliki2-150x150.jpg 150w, https:\/\/tehnopan.com\/w\/wp-content\/uploads\/2010\/07\/magnet_veliki2-76x76.jpg 76w, https:\/\/tehnopan.com\/w\/wp-content\/uploads\/2010\/07\/magnet_veliki2-184x184.jpg 184w\" sizes=\"(max-width: 150px) 100vw, 150px\" \/><\/a>\n\t\t\t<\/dt><\/dl><dl class='gallery-item'>\n\t\t\t<dt class='gallery-icon landscape'>\n\t\t\t\t<a href='https:\/\/tehnopan.com\/w\/wp-content\/uploads\/2010\/07\/magnet_veliki4.jpg'><img loading=\"lazy\" decoding=\"async\" width=\"150\" height=\"150\" src=\"https:\/\/tehnopan.com\/w\/wp-content\/uploads\/2010\/07\/magnet_veliki4-150x150.jpg\" class=\"attachment-thumbnail size-thumbnail\" alt=\"\" srcset=\"https:\/\/tehnopan.com\/w\/wp-content\/uploads\/2010\/07\/magnet_veliki4-150x150.jpg 150w, https:\/\/tehnopan.com\/w\/wp-content\/uploads\/2010\/07\/magnet_veliki4-76x76.jpg 76w, https:\/\/tehnopan.com\/w\/wp-content\/uploads\/2010\/07\/magnet_veliki4-184x184.jpg 184w\" sizes=\"(max-width: 150px) 100vw, 150px\" \/><\/a>\n\t\t\t<\/dt><\/dl><dl class='gallery-item'>\n\t\t\t<dt class='gallery-icon landscape'>\n\t\t\t\t<a href='https:\/\/tehnopan.com\/w\/wp-content\/uploads\/2010\/07\/magnet.jpg'><img loading=\"lazy\" decoding=\"async\" width=\"150\" height=\"150\" src=\"https:\/\/tehnopan.com\/w\/wp-content\/uploads\/2010\/07\/magnet-150x150.jpg\" class=\"attachment-thumbnail size-thumbnail\" alt=\"\" srcset=\"https:\/\/tehnopan.com\/w\/wp-content\/uploads\/2010\/07\/magnet-150x150.jpg 150w, https:\/\/tehnopan.com\/w\/wp-content\/uploads\/2010\/07\/magnet-76x76.jpg 76w, https:\/\/tehnopan.com\/w\/wp-content\/uploads\/2010\/07\/magnet-184x184.jpg 184w\" sizes=\"(max-width: 150px) 100vw, 150px\" \/><\/a>\n\t\t\t<\/dt><\/dl><br style=\"clear: both\" \/>\n\t\t<\/div>\n\n","protected":false},"excerpt":{"rendered":"<p>Primjena za\u00a0odvajanje fero metalnih primjesa\u00a0iz mase \u017eitarica, bra\u0161na, sto\u010dne hrane, ljekovitih biljaka, sortiranju otpada, piljevine, \u00a0mljevene plastike, PVC granula, iz medija prije mljevenja, pakiranja, ili ekstrudiranja kao\u00a0i svih ostalih sipkih ili pra\u0161kastih medija. Razlog zbog kojeg treba ugraditi\u00a0magnete je u\u0161teda na kvarovima koji bi proiza\u0161li iz o\u0161te\u0107enja strojeva uslijed loma, proboja i sl. nepogoda prouzro\u010denih&#8230;<\/p>\n","protected":false},"author":7,"featured_media":426,"parent":61,"menu_order":0,"comment_status":"closed","ping_status":"open","template":"","meta":{"_monsterinsights_skip_tracking":false,"_monsterinsights_sitenote_active":false,"_monsterinsights_sitenote_note":"","_monsterinsights_sitenote_category":0,"footnotes":""},"tags":[86],"class_list":["post-424","page","type-page","status-publish","has-post-thumbnail","hentry","tag-megneti"],"aioseo_notices":[],"_links":{"self":[{"href":"https:\/\/www.tehnopan.com\/w\/wp-json\/wp\/v2\/pages\/424"}],"collection":[{"href":"https:\/\/www.tehnopan.com\/w\/wp-json\/wp\/v2\/pages"}],"about":[{"href":"https:\/\/www.tehnopan.com\/w\/wp-json\/wp\/v2\/types\/page"}],"author":[{"embeddable":true,"href":"https:\/\/www.tehnopan.com\/w\/wp-json\/wp\/v2\/users\/7"}],"replies":[{"embeddable":true,"href":"https:\/\/www.tehnopan.com\/w\/wp-json\/wp\/v2\/comments?post=424"}],"version-history":[{"count":1,"href":"https:\/\/www.tehnopan.com\/w\/wp-json\/wp\/v2\/pages\/424\/revisions"}],"predecessor-version":[{"id":2347,"href":"https:\/\/www.tehnopan.com\/w\/wp-json\/wp\/v2\/pages\/424\/revisions\/2347"}],"up":[{"embeddable":true,"href":"https:\/\/www.tehnopan.com\/w\/wp-json\/wp\/v2\/pages\/61"}],"wp:featuredmedia":[{"embeddable":true,"href":"https:\/\/www.tehnopan.com\/w\/wp-json\/wp\/v2\/media\/426"}],"wp:attachment":[{"href":"https:\/\/www.tehnopan.com\/w\/wp-json\/wp\/v2\/media?parent=424"}],"wp:term":[{"taxonomy":"post_tag","embeddable":true,"href":"https:\/\/www.tehnopan.com\/w\/wp-json\/wp\/v2\/tags?post=424"}],"curies":[{"name":"wp","href":"https:\/\/api.w.org\/{rel}","templated":true}]}}