{"id":436,"date":"2010-07-22T11:04:07","date_gmt":"2010-07-22T09:04:07","guid":{"rendered":"http:\/\/www.tehnopan.com\/w\/"},"modified":"2010-07-22T11:06:27","modified_gmt":"2010-07-22T09:06:27","slug":"visokotlacni-peraci","status":"publish","type":"page","link":"https:\/\/www.tehnopan.com\/w\/uredjaji\/visokotlacni-peraci\/","title":{"rendered":"Visokotla\u010dni pera\u010di"},"content":{"rendered":"<p><strong>Visokotla\u010dni pera\u010d<\/strong>. GP 35. Viskotla\u010dni pera\u010di namjenjeni su za pranje pod visokim pritiskom; peradarnici, autopraone, \u010di\u0161\u0107enje oma\u0161\u0107enih predmeta, skidanje stare boje, zamagljivanje prostora. Lakopokretan, u\u010dinkovit, najni\u017ei sa cijenom u klasi.<\/p>\n<p>Viskotla\u010dni pera\u010d &#8211; osnovne karakteristike:<br \/>\nMotor 3 kW sa uklopnom sklopkom.<br \/>\nPritisak do 170 Bara<br \/>\nprotok do 10 lit\/min<br \/>\ndozvoljena temperatura vode 70\u00ba C<br \/>\ninjektor za dozvoljena kemijska sredstva<br \/>\nKota\u010di 250 mm<br \/>\n4 zamjenjive sapnice 15\u00ba-25\u00ba-45\u00ba-55\u00ba<\/p>\n<p style=\"text-align: center;\"><a href=\"http:\/\/tehnopan.com\/w\/wp-content\/uploads\/2010\/07\/visokotlacni.jpg\"><img loading=\"lazy\" decoding=\"async\" class=\"size-medium wp-image-437 aligncenter\" title=\"visokotlacni\" src=\"http:\/\/tehnopan.com\/w\/wp-content\/uploads\/2010\/07\/visokotlacni-291x300.jpg\" alt=\"\" width=\"291\" height=\"300\" srcset=\"https:\/\/tehnopan.com\/w\/wp-content\/uploads\/2010\/07\/visokotlacni-291x300.jpg 291w, https:\/\/tehnopan.com\/w\/wp-content\/uploads\/2010\/07\/visokotlacni.jpg 516w\" sizes=\"(max-width: 291px) 100vw, 291px\" \/><\/a><\/p>\n","protected":false},"excerpt":{"rendered":"<p>Visokotla\u010dni pera\u010d. GP 35. Viskotla\u010dni pera\u010di namjenjeni su za pranje pod visokim pritiskom; peradarnici, autopraone, \u010di\u0161\u0107enje oma\u0161\u0107enih predmeta, skidanje stare boje, zamagljivanje prostora. Lakopokretan, u\u010dinkovit, najni\u017ei sa cijenom u klasi. Viskotla\u010dni pera\u010d &#8211; osnovne karakteristike: Motor 3 kW sa uklopnom sklopkom. Pritisak do 170 Bara protok do 10 lit\/min dozvoljena temperatura vode 70\u00ba C injektor&#8230;<\/p>\n","protected":false},"author":7,"featured_media":0,"parent":61,"menu_order":0,"comment_status":"closed","ping_status":"open","template":"","meta":{"_monsterinsights_skip_tracking":false,"_monsterinsights_sitenote_active":false,"_monsterinsights_sitenote_note":"","_monsterinsights_sitenote_category":0,"footnotes":""},"tags":[],"class_list":["post-436","page","type-page","status-publish","hentry"],"aioseo_notices":[],"_links":{"self":[{"href":"https:\/\/www.tehnopan.com\/w\/wp-json\/wp\/v2\/pages\/436"}],"collection":[{"href":"https:\/\/www.tehnopan.com\/w\/wp-json\/wp\/v2\/pages"}],"about":[{"href":"https:\/\/www.tehnopan.com\/w\/wp-json\/wp\/v2\/types\/page"}],"author":[{"embeddable":true,"href":"https:\/\/www.tehnopan.com\/w\/wp-json\/wp\/v2\/users\/7"}],"replies":[{"embeddable":true,"href":"https:\/\/www.tehnopan.com\/w\/wp-json\/wp\/v2\/comments?post=436"}],"version-history":[{"count":0,"href":"https:\/\/www.tehnopan.com\/w\/wp-json\/wp\/v2\/pages\/436\/revisions"}],"up":[{"embeddable":true,"href":"https:\/\/www.tehnopan.com\/w\/wp-json\/wp\/v2\/pages\/61"}],"wp:attachment":[{"href":"https:\/\/www.tehnopan.com\/w\/wp-json\/wp\/v2\/media?parent=436"}],"wp:term":[{"taxonomy":"post_tag","embeddable":true,"href":"https:\/\/www.tehnopan.com\/w\/wp-json\/wp\/v2\/tags?post=436"}],"curies":[{"name":"wp","href":"https:\/\/api.w.org\/{rel}","templated":true}]}}