{"id":447,"date":"2010-07-26T10:44:21","date_gmt":"2010-07-26T08:44:21","guid":{"rendered":"http:\/\/www.tehnopan.com\/w\/"},"modified":"2015-12-23T14:14:31","modified_gmt":"2015-12-23T12:14:31","slug":"punilice","status":"publish","type":"page","link":"https:\/\/www.tehnopan.com\/w\/strojevi\/punilice\/","title":{"rendered":"Punilice za zrnate medije"},"content":{"rendered":"<h2 style=\"text-align: left;\">Poluautomatska volumetrijska punilica za zrnate i granulirane proizvode.\u00a0Poluatomatska pakerica, poluaotomatska vaga za punjenje sipkih medija.<\/h2>\n<p>Ako trebate\u00a0<strong>pakirati<\/strong> zrnate ili granulirane proizvode; ri\u017ea, grah, biber, \u0161e\u0107er, \u010daj, pse\u0107a ili ma\u010dja hrana, sjemenke za ptice ili samo sjemenje, ova punilica je idealno rije\u0161enje uz malo ulaganje.\u00a0<strong>Pakirati<\/strong> mo\u017eete navedene zrnate ili granulirane proizvode u rasponu od 100 do 1000 g (1 kg) ili pak na ve\u0107em stroju od 200g do 2 kg. Oba tipa na skladi\u0161tu.<\/p>\n<p><strong>Punilica<\/strong> radi na volumertijskom principu; za odabrani proizvod poznate specifi\u010dne te\u017eine, podesi se visina spremnika za pakiranje na volumen, koji odgovara te\u017eini pakovine. Nakon toga u ulazni spremnik volumena za cca 50 litara, nasipa se medij koji se \u017eeli pakirati, podme\u0107e se vre\u0107ica ili kutija, a foto\u0107elija omogu\u0107uje pra\u017enjenje u ambala\u017eu. Zaokretanjem bubnjastog mehanizma (jednog od 4) i postavljanjem nove ambala\u017ee, omogu\u0107uje se novi ciklus.<\/p>\n<p>Promjena volumena pakiranja ostvaruje se jednostavnim podizanjem ili spu\u0161tanjem teleskopskih nastavaka sva 4 mjerna spremnika, a kontrola pakovine provjerava se na stolnoj priru\u010dnoj vagi.<\/p>\n<p>Punjenje ulaznog spremnika, mo\u017ee se ostvariti fizi\u010dkim usipavanjem iz vre\u0107a, <a href=\"http:\/\/www.tehnopan.com\/w\/dijelovi\/elevatori\/\">elevatorom<\/a> s vjedricama, <a href=\"http:\/\/www.tehnopan.com\/w\/uredjaji\/puzni-transporteri\/\">pu\u017enim transporterom<\/a>, pneumatskim podiza\u010dem tzv. vaccum podiza\u010dem i sli\u010dnim.<\/p>\n<p>Minimalisti\u010dka konstrukcija stroja osigurava pouzdan rad i jednostavno odr\u017eavanje. Kompletna pakerica izra\u0111ena je od nehr\u0111aju\u0107eg materijala, kako bi bila primjererena za rad u prehrambenoj industriji.<\/p>\n<p><span style=\"font-size: medium;\">Tehni\u010dki parametri <\/span><strong><span style=\"font-size: medium;\">punilice<\/span><\/strong><span style=\"font-size: medium;\">:<\/span><a href=\"http:\/\/tehnopan.com\/w\/wp-content\/uploads\/2010\/07\/punilica-1.jpg\"><img loading=\"lazy\" decoding=\"async\" class=\"alignright size-full wp-image-448\" title=\"punilicae\" src=\"http:\/\/tehnopan.com\/w\/wp-content\/uploads\/2010\/07\/punilica-1.jpg\" alt=\"\" width=\"202\" height=\"600\" srcset=\"https:\/\/tehnopan.com\/w\/wp-content\/uploads\/2010\/07\/punilica-1.jpg 202w, https:\/\/tehnopan.com\/w\/wp-content\/uploads\/2010\/07\/punilica-1-101x300.jpg 101w\" sizes=\"(max-width: 202px) 100vw, 202px\" \/><\/a><span style=\"font-size: medium;\"><br \/>\nMogu\u0107nost pakiranja:<\/span><\/p>\n<ul>\n<li><span style=\"font-size: medium;\">od 500 g do 1 kg za tip 1000<\/span><\/li>\n<li><span style=\"line-height: 19px;\"><span style=\"font-size: medium;\">od 1 do 2 kg za tip 2000<\/span><\/span><\/li>\n<li><span style=\"line-height: 19px;\"><span style=\"font-size: medium;\">veli\u010dina ambala\u017ee visina 50 do 300 mm, \u0161irina vre\u0107ice ili kutije 50 &#8211; 220 mm<\/span><\/span><\/li>\n<li><span style=\"line-height: 19px;\"><span style=\"font-size: medium;\">kapacitet pakiranja 35 ciklusa za 1 kg,a za 2 kg 25 punjenja.<\/span><\/span><\/li>\n<li><span style=\"line-height: 19px;\"><span style=\"font-size: medium;\">dimenzije 650x500x1800 mm<\/span><\/span><\/li>\n<li><span style=\"line-height: 19px;\"><span style=\"font-size: medium;\">te\u017eina 120 kg<\/span><\/span><\/li>\n<li><span style=\"line-height: 19px;\"><span style=\"font-size: medium;\">elektro priklju\u010dak 400 W<\/span><\/span><\/li>\n<\/ul>\n","protected":false},"excerpt":{"rendered":"<p>Poluautomatska volumetrijska punilica za zrnate i granulirane proizvode.\u00a0Poluatomatska pakerica, poluaotomatska vaga za punjenje sipkih medija. Ako trebate\u00a0pakirati zrnate ili granulirane proizvode; ri\u017ea, grah, biber, \u0161e\u0107er, \u010daj, pse\u0107a ili ma\u010dja hrana, sjemenke za ptice ili samo sjemenje, ova punilica je idealno rije\u0161enje uz malo ulaganje.\u00a0Pakirati mo\u017eete navedene zrnate ili granulirane proizvode u rasponu od 100 do&#8230;<\/p>\n","protected":false},"author":7,"featured_media":0,"parent":148,"menu_order":0,"comment_status":"closed","ping_status":"open","template":"","meta":{"_monsterinsights_skip_tracking":false,"_monsterinsights_sitenote_active":false,"_monsterinsights_sitenote_note":"","_monsterinsights_sitenote_category":0,"footnotes":""},"tags":[],"class_list":["post-447","page","type-page","status-publish","hentry"],"aioseo_notices":[],"_links":{"self":[{"href":"https:\/\/www.tehnopan.com\/w\/wp-json\/wp\/v2\/pages\/447"}],"collection":[{"href":"https:\/\/www.tehnopan.com\/w\/wp-json\/wp\/v2\/pages"}],"about":[{"href":"https:\/\/www.tehnopan.com\/w\/wp-json\/wp\/v2\/types\/page"}],"author":[{"embeddable":true,"href":"https:\/\/www.tehnopan.com\/w\/wp-json\/wp\/v2\/users\/7"}],"replies":[{"embeddable":true,"href":"https:\/\/www.tehnopan.com\/w\/wp-json\/wp\/v2\/comments?post=447"}],"version-history":[{"count":1,"href":"https:\/\/www.tehnopan.com\/w\/wp-json\/wp\/v2\/pages\/447\/revisions"}],"predecessor-version":[{"id":2515,"href":"https:\/\/www.tehnopan.com\/w\/wp-json\/wp\/v2\/pages\/447\/revisions\/2515"}],"up":[{"embeddable":true,"href":"https:\/\/www.tehnopan.com\/w\/wp-json\/wp\/v2\/pages\/148"}],"wp:attachment":[{"href":"https:\/\/www.tehnopan.com\/w\/wp-json\/wp\/v2\/media?parent=447"}],"wp:term":[{"taxonomy":"post_tag","embeddable":true,"href":"https:\/\/www.tehnopan.com\/w\/wp-json\/wp\/v2\/tags?post=447"}],"curies":[{"name":"wp","href":"https:\/\/api.w.org\/{rel}","templated":true}]}}