{"id":673,"date":"2010-08-26T11:43:10","date_gmt":"2010-08-26T09:43:10","guid":{"rendered":"http:\/\/www.tehnopan.com\/w\/"},"modified":"2013-12-12T11:27:46","modified_gmt":"2013-12-12T09:27:46","slug":"sjekac-granja","status":"publish","type":"page","link":"https:\/\/www.tehnopan.com\/w\/uredjaji\/sjekac-granja\/","title":{"rendered":"Sjeka\u010d granja &#8211; wood crusher"},"content":{"rendered":"<p style=\"text-align: justify;\">Novi proizvod na tr\u017ei\u0161tu. Rje\u0161ava va\u0161e prostorne i probleme grijanja. Odrezano ili prikupljeno granje sje\u010de do promjera 8cm. Re\u017ee na duljinu cca 10cm, velikim kapacitetom, u vre\u0107e. Lakopokretan na kota\u010dima sa vlastitim benzinskim motorom 7,5 KS. <strong>Sjeka\u010d granja<\/strong> izvrstan je za kori\u0161tenje u vo\u010dnjacima, maslinicima, za rje\u0161avanje komunalnog otpada, visokog u\u010dinka. Mogu\u0107a izvedba sa elektromotorm 2,2kW za ti\u0161i rad. Skidanjem za\u0161titne plo\u010de dobiva se pove\u010dani ulaz tako da mo\u017ee sije\u0107i neotesane grane ve\u0107eg formata (jelke). Pri tome je potreban pove\u0107an oprez kako ne bi do\u0161lo do ozljede. Za\u0161titna plo\u010da se skida na vlastitu odgovornost.<\/p>\n<p>Tehni\u010dke karakteristike &#8211; sjeka\u010d granja<\/p>\n<ul>\n<li>benzinski motor 7,5 KS<\/li>\n<li>spremnik za benzin 3,5 L<\/li>\n<li>teoretske mogu\u0107nosti stroja:\n<ul>\n<li>grane do promjera 8 cm (zeleno &#8211; svje\u017ee odrezano)<\/li>\n<li>grane do promjera 5 cm (suho i tvrdo)<\/li>\n<li>\u010detvrtaste gredice do 6 x 6 cm<\/li>\n<li>letve 15 x 1,5 cm<\/li>\n<\/ul>\n<\/li>\n<li>duljina odrezaka do 10 cm<\/li>\n<\/ul>\n<p><object width=\"480\" height=\"385\"><param name=\"movie\" value=\"http:\/\/www.youtube.com\/v\/YCLEObu4GWA?fs=1&amp;hl=en_US&amp;rel=0\"><\/param><param name=\"allowFullScreen\" value=\"true\"><\/param><param name=\"allowscriptaccess\" value=\"always\"><\/param><embed src=\"http:\/\/www.youtube.com\/v\/YCLEObu4GWA?fs=1&amp;hl=en_US&amp;rel=0\" type=\"application\/x-shockwave-flash\" allowscriptaccess=\"always\" allowfullscreen=\"true\" width=\"480\" height=\"385\"><\/embed><\/object><br \/>\n<a href=\"http:\/\/tehnopan.com\/w\/wp-content\/uploads\/2010\/08\/sjekac_grana1.jpg\"><img loading=\"lazy\" decoding=\"async\" class=\"alignnone size-full wp-image-676\" title=\"sjekac_grana\" src=\"http:\/\/tehnopan.com\/w\/wp-content\/uploads\/2010\/08\/sjekac_grana1.jpg\" alt=\"\" width=\"800\" height=\"600\" srcset=\"https:\/\/tehnopan.com\/w\/wp-content\/uploads\/2010\/08\/sjekac_grana1.jpg 800w, https:\/\/tehnopan.com\/w\/wp-content\/uploads\/2010\/08\/sjekac_grana1-300x225.jpg 300w\" sizes=\"(max-width: 800px) 100vw, 800px\" \/><\/a><\/p>\n","protected":false},"excerpt":{"rendered":"<p>Novi proizvod na tr\u017ei\u0161tu. Rje\u0161ava va\u0161e prostorne i probleme grijanja. Odrezano ili prikupljeno granje sje\u010de do promjera 8cm. Re\u017ee na duljinu cca 10cm, velikim kapacitetom, u vre\u0107e. Lakopokretan na kota\u010dima sa vlastitim benzinskim motorom 7,5 KS. Sjeka\u010d granja izvrstan je za kori\u0161tenje u vo\u010dnjacima, maslinicima, za rje\u0161avanje komunalnog otpada, visokog u\u010dinka. Mogu\u0107a izvedba sa elektromotorm&#8230;<\/p>\n","protected":false},"author":7,"featured_media":0,"parent":61,"menu_order":2,"comment_status":"closed","ping_status":"closed","template":"","meta":{"_monsterinsights_skip_tracking":false,"_monsterinsights_sitenote_active":false,"_monsterinsights_sitenote_note":"","_monsterinsights_sitenote_category":0,"footnotes":""},"tags":[37,21],"class_list":["post-673","page","type-page","status-publish","hentry","tag-komposteri","tag-strojevi-2"],"aioseo_notices":[],"_links":{"self":[{"href":"https:\/\/www.tehnopan.com\/w\/wp-json\/wp\/v2\/pages\/673"}],"collection":[{"href":"https:\/\/www.tehnopan.com\/w\/wp-json\/wp\/v2\/pages"}],"about":[{"href":"https:\/\/www.tehnopan.com\/w\/wp-json\/wp\/v2\/types\/page"}],"author":[{"embeddable":true,"href":"https:\/\/www.tehnopan.com\/w\/wp-json\/wp\/v2\/users\/7"}],"replies":[{"embeddable":true,"href":"https:\/\/www.tehnopan.com\/w\/wp-json\/wp\/v2\/comments?post=673"}],"version-history":[{"count":0,"href":"https:\/\/www.tehnopan.com\/w\/wp-json\/wp\/v2\/pages\/673\/revisions"}],"up":[{"embeddable":true,"href":"https:\/\/www.tehnopan.com\/w\/wp-json\/wp\/v2\/pages\/61"}],"wp:attachment":[{"href":"https:\/\/www.tehnopan.com\/w\/wp-json\/wp\/v2\/media?parent=673"}],"wp:term":[{"taxonomy":"post_tag","embeddable":true,"href":"https:\/\/www.tehnopan.com\/w\/wp-json\/wp\/v2\/tags?post=673"}],"curies":[{"name":"wp","href":"https:\/\/api.w.org\/{rel}","templated":true}]}}