{"id":746,"date":"2010-08-27T19:09:05","date_gmt":"2010-08-27T17:09:05","guid":{"rendered":"http:\/\/www.tehnopan.com\/w\/"},"modified":"2022-02-28T14:42:04","modified_gmt":"2022-02-28T12:42:04","slug":"peletiranje-peletirke","status":"publish","type":"page","link":"https:\/\/www.tehnopan.com\/w\/strojevi\/peletiranje-peletirke\/","title":{"rendered":"Peletiranje &#8211; peletirke"},"content":{"rendered":"<p><strong>Peletiranje \u2013\u00a0Peletirka\u00a0Model 229<\/strong><\/p>\n<p><strong>Peletiranje<\/strong> je proces sabijanja pra\u0161kastih medija (sto\u010dne hrane, piljevine, otpadne hrane, osu\u0161enog gnoja, osu\u0161ene komine maslina i sl.) pomo\u0107u peletirke u pelete raznih promjera; 3, 6, 8 mm, podesive duljine.<\/p>\n<p>Protiskivanjem kroz, za to usavr\u0161ene \u201cmatrice\u201d, dobiva se nova forma materijala u krutom obliku, povoljnija za kori\u0161tenje; za prehranu stoke ili kao pelete za lo\u017eenje. Tim postupkom se smanjuje volumen, pobolj\u0161ava istjecanje iz silosa, te omogu\u0107ava nov na\u010din naknadnog kori\u0161tenja, tako proizvedenog medija.<\/p>\n<p>Peletima je omogu\u0107eno automatsko doziranje u za to predvi\u0111ene pe\u0107i i kotlove, bez ljudskog rada. Ovim postupkom se mogu iskoristiti otpadni materijali, koji nastaju specifi\u010dnim procesom u proizvodnji, a predstavljaju kao takovi, prije peletiranja, neupotrebljiv otpadni materijal, kojeg treba ekolo\u0161ki zbrinuti i za to zbrinjavanje platiti. Tom transformacijom dolazite do novostvorene vrijednosti, umjesto da vas to ko\u0161ta.<\/p>\n\n\t\t<style type=\"text\/css\">\n\t\t\t#gallery-1 {\n\t\t\t\tmargin: auto;\n\t\t\t}\n\t\t\t#gallery-1 .gallery-item {\n\t\t\t\tfloat: left;\n\t\t\t\tmargin-top: 10px;\n\t\t\t\ttext-align: center;\n\t\t\t\twidth: 50%;\n\t\t\t}\n\t\t\t#gallery-1 img {\n\t\t\t\tborder: 2px solid #cfcfcf;\n\t\t\t}\n\t\t\t#gallery-1 .gallery-caption {\n\t\t\t\tmargin-left: 0;\n\t\t\t}\n\t\t\t\/* see gallery_shortcode() in wp-includes\/media.php *\/\n\t\t<\/style>\n\t\t<div id='gallery-1' class='gallery galleryid-746 gallery-columns-2 gallery-size-thumbnail'><dl class='gallery-item'>\n\t\t\t<dt class='gallery-icon landscape'>\n\t\t\t\t<a href='https:\/\/www.tehnopan.com\/w\/strojevi\/peletiranje-peletirke\/peletirka2\/'><img loading=\"lazy\" decoding=\"async\" width=\"150\" height=\"150\" src=\"https:\/\/tehnopan.com\/w\/wp-content\/uploads\/2010\/08\/peletirka2-150x150.jpg\" class=\"attachment-thumbnail size-thumbnail\" alt=\"Peletirka fi 229mm\" aria-describedby=\"gallery-1-2076\" srcset=\"https:\/\/tehnopan.com\/w\/wp-content\/uploads\/2010\/08\/peletirka2-150x150.jpg 150w, https:\/\/tehnopan.com\/w\/wp-content\/uploads\/2010\/08\/peletirka2-76x76.jpg 76w, https:\/\/tehnopan.com\/w\/wp-content\/uploads\/2010\/08\/peletirka2-184x184.jpg 184w\" sizes=\"(max-width: 150px) 100vw, 150px\" \/><\/a>\n\t\t\t<\/dt>\n\t\t\t\t<dd class='wp-caption-text gallery-caption' id='gallery-1-2076'>\n\t\t\t\tPeletirka \u00f8 200mm\n\t\t\t\t<\/dd><\/dl><dl class='gallery-item'>\n\t\t\t<dt class='gallery-icon landscape'>\n\t\t\t\t<a href='https:\/\/www.tehnopan.com\/w\/strojevi\/peletiranje-peletirke\/peletirka1\/'><img loading=\"lazy\" decoding=\"async\" width=\"150\" height=\"150\" src=\"https:\/\/tehnopan.com\/w\/wp-content\/uploads\/2010\/08\/peletirka1-150x150.jpg\" class=\"attachment-thumbnail size-thumbnail\" alt=\"Peletirka fi 229mm\" aria-describedby=\"gallery-1-2075\" srcset=\"https:\/\/tehnopan.com\/w\/wp-content\/uploads\/2010\/08\/peletirka1-150x150.jpg 150w, https:\/\/tehnopan.com\/w\/wp-content\/uploads\/2010\/08\/peletirka1-76x76.jpg 76w, https:\/\/tehnopan.com\/w\/wp-content\/uploads\/2010\/08\/peletirka1-184x184.jpg 184w\" sizes=\"(max-width: 150px) 100vw, 150px\" \/><\/a>\n\t\t\t<\/dt>\n\t\t\t\t<dd class='wp-caption-text gallery-caption' id='gallery-1-2075'>\n\t\t\t\tPeletirka \u00f8 200mm\n\t\t\t\t<\/dd><\/dl><br style=\"clear: both\" \/><dl class='gallery-item'>\n\t\t\t<dt class='gallery-icon landscape'>\n\t\t\t\t<a href='https:\/\/www.tehnopan.com\/w\/strojevi\/peletiranje-peletirke\/peletirka3\/'><img loading=\"lazy\" decoding=\"async\" width=\"150\" height=\"150\" src=\"https:\/\/tehnopan.com\/w\/wp-content\/uploads\/2010\/08\/peletirka3-150x150.jpg\" class=\"attachment-thumbnail size-thumbnail\" alt=\"Roleri\" aria-describedby=\"gallery-1-2077\" srcset=\"https:\/\/tehnopan.com\/w\/wp-content\/uploads\/2010\/08\/peletirka3-150x150.jpg 150w, https:\/\/tehnopan.com\/w\/wp-content\/uploads\/2010\/08\/peletirka3-76x76.jpg 76w, https:\/\/tehnopan.com\/w\/wp-content\/uploads\/2010\/08\/peletirka3-184x184.jpg 184w\" sizes=\"(max-width: 150px) 100vw, 150px\" \/><\/a>\n\t\t\t<\/dt>\n\t\t\t\t<dd class='wp-caption-text gallery-caption' id='gallery-1-2077'>\n\t\t\t\tOkretni roleri\n\t\t\t\t<\/dd><\/dl><dl class='gallery-item'>\n\t\t\t<dt class='gallery-icon portrait'>\n\t\t\t\t<a href='https:\/\/www.tehnopan.com\/w\/strojevi\/peletiranje-peletirke\/peletirka4\/'><img loading=\"lazy\" decoding=\"async\" width=\"150\" height=\"150\" src=\"https:\/\/tehnopan.com\/w\/wp-content\/uploads\/2010\/08\/peletirka4-150x150.jpg\" class=\"attachment-thumbnail size-thumbnail\" alt=\"Roleri i perforacija\" aria-describedby=\"gallery-1-2078\" srcset=\"https:\/\/tehnopan.com\/w\/wp-content\/uploads\/2010\/08\/peletirka4-150x150.jpg 150w, https:\/\/tehnopan.com\/w\/wp-content\/uploads\/2010\/08\/peletirka4-76x76.jpg 76w, https:\/\/tehnopan.com\/w\/wp-content\/uploads\/2010\/08\/peletirka4-184x184.jpg 184w\" sizes=\"(max-width: 150px) 100vw, 150px\" \/><\/a>\n\t\t\t<\/dt>\n\t\t\t\t<dd class='wp-caption-text gallery-caption' id='gallery-1-2078'>\n\t\t\t\tOkretni roleri, osovina i matrica\n\t\t\t\t<\/dd><\/dl><br style=\"clear: both\" \/>\n\t\t<\/div>\n\n<p><em>Postupak kod proizvodnje peleta za lo\u017eenje:<\/em><\/p>\n<ul>\n<li>Ako se radi o drvnoj ili agro masi, sirovina se mora usitniti na veli\u010dinu \u010destica od 4-8 mm, izmje\u0161ati u optimalnom ujedna\u010denom omjeru, a da vlaga u masi ne bude &gt; 12-13%.<\/li>\n<li>Ponekad prije peletirke je masu dobro malo ovla\u017eiti vodom u kapljicama.<\/li>\n<li>Peletirka se prije rada mora zagrijati na radnu temperaturu, ako nema ugra\u0111ene startne grija\u010de.<\/li>\n<li>Kod prikazane peletirke matrica\/plo\u010da miruje, a rolleri su okretni, \u0161to se pokazalo u\u010dinkovitije nego kod stati\u010dnih rolera i okretne plo\u010de.<\/li>\n<li>Za dugotrajnost peleta, va\u017eno je da budu naglo ohla\u0111ene, a za \u0161to slu\u017ei hladnjak, koji ujedno i eliminoira lom i pra\u0161inu, \u0161to se vra\u0107a na peletiranje,<\/li>\n<\/ul>\n<p>Sve navedeno, uklju\u010divo i dobavne pu\u017eeve i transportere za pelet, odsisne sustave za hladnjak, kao i punilicu za vre\u0107e proizvodimo ili imamo u elementima za prodaju.<\/p>\n<p><strong>Peletirka<\/strong> Model 200 R 7,5 (reduktor i upravlja\u010dki\u00a0ormar)<br \/>\nKapacitet 250-300 kg\/h za sto\u010dnu hranu i agro otpad<br \/>\nKapacitet za piljevinu\/pellet do 120 kg\/h<br \/>\nRolleri okretni 102 rpm<br \/>\nPlo\u0107a\/matrica \u00f8 200\/30 mm, rupe \u00f8 6 ili opcija \u00f8 8 mm<br \/>\nGarancija 1 g.<\/p>\n\n\t\t<style type=\"text\/css\">\n\t\t\t#gallery-2 {\n\t\t\t\tmargin: auto;\n\t\t\t}\n\t\t\t#gallery-2 .gallery-item {\n\t\t\t\tfloat: left;\n\t\t\t\tmargin-top: 10px;\n\t\t\t\ttext-align: center;\n\t\t\t\twidth: 33%;\n\t\t\t}\n\t\t\t#gallery-2 img {\n\t\t\t\tborder: 2px solid #cfcfcf;\n\t\t\t}\n\t\t\t#gallery-2 .gallery-caption {\n\t\t\t\tmargin-left: 0;\n\t\t\t}\n\t\t\t\/* see gallery_shortcode() in wp-includes\/media.php *\/\n\t\t<\/style>\n\t\t<div id='gallery-2' class='gallery galleryid-746 gallery-columns-3 gallery-size-thumbnail'><dl class='gallery-item'>\n\t\t\t<dt class='gallery-icon landscape'>\n\t\t\t\t<a href='https:\/\/www.tehnopan.com\/w\/2020\/06\/08\/peletirke\/peletirke-slika1\/'><img loading=\"lazy\" decoding=\"async\" width=\"150\" height=\"150\" src=\"https:\/\/tehnopan.com\/w\/wp-content\/uploads\/2020\/06\/peletirke-slika1-150x150.jpg\" class=\"attachment-thumbnail size-thumbnail\" alt=\"peletirke\" aria-describedby=\"gallery-2-2776\" srcset=\"https:\/\/tehnopan.com\/w\/wp-content\/uploads\/2020\/06\/peletirke-slika1-150x150.jpg 150w, https:\/\/tehnopan.com\/w\/wp-content\/uploads\/2020\/06\/peletirke-slika1-90x90.jpg 90w, https:\/\/tehnopan.com\/w\/wp-content\/uploads\/2020\/06\/peletirke-slika1-300x300.jpg 300w, https:\/\/tehnopan.com\/w\/wp-content\/uploads\/2020\/06\/peletirke-slika1-100x100.jpg 100w\" sizes=\"(max-width: 150px) 100vw, 150px\" \/><\/a>\n\t\t\t<\/dt>\n\t\t\t\t<dd class='wp-caption-text gallery-caption' id='gallery-2-2776'>\n\t\t\t\tNove peletirke \n\t\t\t\t<\/dd><\/dl><dl class='gallery-item'>\n\t\t\t<dt class='gallery-icon portrait'>\n\t\t\t\t<a href='https:\/\/www.tehnopan.com\/w\/strojevi\/peletiranje-peletirke\/roleri2\/'><img loading=\"lazy\" decoding=\"async\" width=\"150\" height=\"150\" src=\"https:\/\/tehnopan.com\/w\/wp-content\/uploads\/2020\/06\/roleri2-150x150.jpg\" class=\"attachment-thumbnail size-thumbnail\" alt=\"\" srcset=\"https:\/\/tehnopan.com\/w\/wp-content\/uploads\/2020\/06\/roleri2-150x150.jpg 150w, https:\/\/tehnopan.com\/w\/wp-content\/uploads\/2020\/06\/roleri2-90x90.jpg 90w, https:\/\/tehnopan.com\/w\/wp-content\/uploads\/2020\/06\/roleri2-300x300.jpg 300w, https:\/\/tehnopan.com\/w\/wp-content\/uploads\/2020\/06\/roleri2-100x100.jpg 100w\" sizes=\"(max-width: 150px) 100vw, 150px\" \/><\/a>\n\t\t\t<\/dt><\/dl><dl class='gallery-item'>\n\t\t\t<dt class='gallery-icon landscape'>\n\t\t\t\t<a href='https:\/\/www.tehnopan.com\/w\/strojevi\/peletiranje-peletirke\/peletirka229plocica\/'><img loading=\"lazy\" decoding=\"async\" width=\"150\" height=\"150\" src=\"https:\/\/tehnopan.com\/w\/wp-content\/uploads\/2020\/06\/peletirka229plocica-150x150.jpg\" class=\"attachment-thumbnail size-thumbnail\" alt=\"\" srcset=\"https:\/\/tehnopan.com\/w\/wp-content\/uploads\/2020\/06\/peletirka229plocica-150x150.jpg 150w, https:\/\/tehnopan.com\/w\/wp-content\/uploads\/2020\/06\/peletirka229plocica-90x90.jpg 90w, https:\/\/tehnopan.com\/w\/wp-content\/uploads\/2020\/06\/peletirka229plocica-300x300.jpg 300w, https:\/\/tehnopan.com\/w\/wp-content\/uploads\/2020\/06\/peletirka229plocica-100x100.jpg 100w\" sizes=\"(max-width: 150px) 100vw, 150px\" \/><\/a>\n\t\t\t<\/dt><\/dl><br style=\"clear: both\" \/><dl class='gallery-item'>\n\t\t\t<dt class='gallery-icon portrait'>\n\t\t\t\t<a href='https:\/\/www.tehnopan.com\/w\/strojevi\/peletiranje-peletirke\/peletirka229uspravna\/'><img loading=\"lazy\" decoding=\"async\" width=\"150\" height=\"150\" src=\"https:\/\/tehnopan.com\/w\/wp-content\/uploads\/2020\/06\/peletirka229uspravna-150x150.jpg\" class=\"attachment-thumbnail size-thumbnail\" alt=\"\" srcset=\"https:\/\/tehnopan.com\/w\/wp-content\/uploads\/2020\/06\/peletirka229uspravna-150x150.jpg 150w, https:\/\/tehnopan.com\/w\/wp-content\/uploads\/2020\/06\/peletirka229uspravna-90x90.jpg 90w, https:\/\/tehnopan.com\/w\/wp-content\/uploads\/2020\/06\/peletirka229uspravna-300x300.jpg 300w, https:\/\/tehnopan.com\/w\/wp-content\/uploads\/2020\/06\/peletirka229uspravna-100x100.jpg 100w\" sizes=\"(max-width: 150px) 100vw, 150px\" \/><\/a>\n\t\t\t<\/dt><\/dl><dl class='gallery-item'>\n\t\t\t<dt class='gallery-icon landscape'>\n\t\t\t\t<a href='https:\/\/www.tehnopan.com\/w\/strojevi\/peletiranje-peletirke\/roleri\/'><img loading=\"lazy\" decoding=\"async\" width=\"150\" height=\"150\" src=\"https:\/\/tehnopan.com\/w\/wp-content\/uploads\/2020\/06\/roleri-150x150.jpg\" class=\"attachment-thumbnail size-thumbnail\" alt=\"\" srcset=\"https:\/\/tehnopan.com\/w\/wp-content\/uploads\/2020\/06\/roleri-150x150.jpg 150w, https:\/\/tehnopan.com\/w\/wp-content\/uploads\/2020\/06\/roleri-90x90.jpg 90w, https:\/\/tehnopan.com\/w\/wp-content\/uploads\/2020\/06\/roleri-300x300.jpg 300w, https:\/\/tehnopan.com\/w\/wp-content\/uploads\/2020\/06\/roleri-100x100.jpg 100w\" sizes=\"(max-width: 150px) 100vw, 150px\" \/><\/a>\n\t\t\t<\/dt><\/dl><dl class='gallery-item'>\n\t\t\t<dt class='gallery-icon landscape'>\n\t\t\t\t<a href='https:\/\/www.tehnopan.com\/w\/strojevi\/peletiranje-peletirke\/peletirka229e-u-kutiji\/'><img loading=\"lazy\" decoding=\"async\" width=\"150\" height=\"150\" src=\"https:\/\/tehnopan.com\/w\/wp-content\/uploads\/2020\/06\/peletirka229e-u-kutiji-150x150.jpg\" class=\"attachment-thumbnail size-thumbnail\" alt=\"\" srcset=\"https:\/\/tehnopan.com\/w\/wp-content\/uploads\/2020\/06\/peletirka229e-u-kutiji-150x150.jpg 150w, https:\/\/tehnopan.com\/w\/wp-content\/uploads\/2020\/06\/peletirka229e-u-kutiji-90x90.jpg 90w, https:\/\/tehnopan.com\/w\/wp-content\/uploads\/2020\/06\/peletirka229e-u-kutiji-300x300.jpg 300w, https:\/\/tehnopan.com\/w\/wp-content\/uploads\/2020\/06\/peletirka229e-u-kutiji-100x100.jpg 100w\" sizes=\"(max-width: 150px) 100vw, 150px\" \/><\/a>\n\t\t\t<\/dt><\/dl><br style=\"clear: both\" \/>\n\t\t<\/div>\n\n<p><strong>NOVO NA STANJU<\/strong> &#8211; peletirke 229 E &amp; T novi modeli sa 3 rolera pogonjeni direktno reduktorom i sa PTO od traktora.<\/p>\n<p><strong>Model 229 E<\/strong><br \/>\nMatrice 230 x 30 mm<br \/>\nRoleri 3 komada<br \/>\nPromjer rupa \u00f8 6 mm, standardna, ( 3,4,6, 8 i 10 kao opcija &#8211; na stanju)<br \/>\nReduktor s motorom 11 kW (elektro instalacija se ne nudi)<br \/>\nKapacitet sto\u010dna hrana do 400 kg\/h, drvni pelet do 180 kg\/h<br \/>\nTe\u017eina 320 kg<br \/>\nMjere u paketu: 122x54x105 cm<\/p>\n<p>Cijena 38.000 kn (PDV uklju\u010den)<\/p>\n<p><strong>Model 229 T (PTO)<\/strong><br \/>\nMatrica 230&#215;30 mm<br \/>\nRoleri 3 komada<br \/>\nPromjer rupa \u00f8 6 mm, standardna, ( 3,4,6, 8 i 10 kao opcija &#8211; na stanju)<br \/>\nPogon od traktora min 20 KS PTO uklju\u010den u cijenu<br \/>\nKapacitet sto\u010dna hrana do 400 kg\/h, drvni pelet do 180 kg\/h<br \/>\nTe\u017eina 190 kg<br \/>\nMjere u paketu: 84x54x105 cm<\/p>\n<p>Cijena 24.500 kn (PDV uklju\u010den)<\/p>\n<p>Vi\u0161e na stranici o <a href=\"http:\/\/www.tehnopan.com\/w\/strojevi\/peletiranje-peletirke\/\">peletirkama<\/a>.<\/p>\n<p>Prednosti peletiranja sa PTO pogonom od traktora min 20 KS<\/p>\n<p>1). Jednostavno i lako kori\u0161tenje vlastite sirovine &#8211; \u010desto otpada, kojeg trebate zbrinjavati, za proizvodnju zahtijeva malo prostora &#8211; ne treba nova zgrada, \u0161iroko podru\u010dje primjene &#8211; peleti za ovce, odojke, kuni\u0107e, ribe, perad, svinje, krave, te za automatsko lo\u017eenje kamina, pe\u0107i i kotlova, lako i jeftino kori\u0161tenje; niska razina buke. Pogonska instalacija nije potrebna, koriste\u0107i PTO<\/p>\n<p>2). Kod pripreme hrane za \u017eivotinje, a uz kori\u0161tenje djeteline sa vi\u0161om vlagom, uz dodatak mljevenih sastojaka, mo\u017ee se posti\u0107i sadr\u017eaj vlage mje\u0161avine, podoban za peletiranje, a potom tako peletiran, podoban je za trajnije skladi\u0161tenje.<\/p>\n<p>3). Primjereno za pili\u0107e, patke, ribe, goveda, svinje, ptice, ku\u0107ne ljubimce, itd., Peletirana hrana, osim \u0161to mo\u017ee ostvariti ve\u0107u ekonomsku dobit, zauzima i 40% manje skladi\u0161nog prostora, pogodna je za skladi\u0161tenje i izuzimanje iz spremnika (\u0161to je ina\u010de problem kod pra\u0161kastih materijala)<\/p>\n<p>4). Kod postupka peletiranja razvija se temperatura, reducira se postotak vlage, dobijaju se glatke pelete velike tvrdo\u0107e \u010dime se mo\u017ee pobolj\u0161ati probava i apsorpcija kod konzumenata, jednako raspore\u0111enih hranjivih sastojaka.<\/p>\n","protected":false},"excerpt":{"rendered":"<p>Peletiranje \u2013\u00a0Peletirka\u00a0Model 229 Peletiranje je proces sabijanja pra\u0161kastih medija (sto\u010dne hrane, piljevine, otpadne hrane, osu\u0161enog gnoja, osu\u0161ene komine maslina i sl.) pomo\u0107u peletirke u pelete raznih promjera; 3, 6, 8 mm, podesive duljine. Protiskivanjem kroz, za to usavr\u0161ene \u201cmatrice\u201d, dobiva se nova forma materijala u krutom obliku, povoljnija za kori\u0161tenje; za prehranu stoke ili kao&#8230;<\/p>\n","protected":false},"author":7,"featured_media":2776,"parent":148,"menu_order":0,"comment_status":"closed","ping_status":"closed","template":"","meta":{"_monsterinsights_skip_tracking":false,"_monsterinsights_sitenote_active":false,"_monsterinsights_sitenote_note":"","_monsterinsights_sitenote_category":0,"footnotes":""},"tags":[53,52,21],"class_list":["post-746","page","type-page","status-publish","has-post-thumbnail","hentry","tag-peletiranje","tag-peletirke","tag-strojevi-2"],"aioseo_notices":[],"_links":{"self":[{"href":"https:\/\/www.tehnopan.com\/w\/wp-json\/wp\/v2\/pages\/746"}],"collection":[{"href":"https:\/\/www.tehnopan.com\/w\/wp-json\/wp\/v2\/pages"}],"about":[{"href":"https:\/\/www.tehnopan.com\/w\/wp-json\/wp\/v2\/types\/page"}],"author":[{"embeddable":true,"href":"https:\/\/www.tehnopan.com\/w\/wp-json\/wp\/v2\/users\/7"}],"replies":[{"embeddable":true,"href":"https:\/\/www.tehnopan.com\/w\/wp-json\/wp\/v2\/comments?post=746"}],"version-history":[{"count":5,"href":"https:\/\/www.tehnopan.com\/w\/wp-json\/wp\/v2\/pages\/746\/revisions"}],"predecessor-version":[{"id":2799,"href":"https:\/\/www.tehnopan.com\/w\/wp-json\/wp\/v2\/pages\/746\/revisions\/2799"}],"up":[{"embeddable":true,"href":"https:\/\/www.tehnopan.com\/w\/wp-json\/wp\/v2\/pages\/148"}],"wp:featuredmedia":[{"embeddable":true,"href":"https:\/\/www.tehnopan.com\/w\/wp-json\/wp\/v2\/media\/2776"}],"wp:attachment":[{"href":"https:\/\/www.tehnopan.com\/w\/wp-json\/wp\/v2\/media?parent=746"}],"wp:term":[{"taxonomy":"post_tag","embeddable":true,"href":"https:\/\/www.tehnopan.com\/w\/wp-json\/wp\/v2\/tags?post=746"}],"curies":[{"name":"wp","href":"https:\/\/api.w.org\/{rel}","templated":true}]}}