{"id":751,"date":"2010-08-27T19:30:09","date_gmt":"2010-08-27T17:30:09","guid":{"rendered":"http:\/\/www.tehnopan.com\/w\/"},"modified":"2013-12-05T15:17:16","modified_gmt":"2013-12-05T13:17:16","slug":"briketiranje-briketirke-za-ugljen","status":"publish","type":"page","link":"https:\/\/www.tehnopan.com\/w\/strojevi\/briketiranje-briketirke-za-ugljen\/","title":{"rendered":"Briketiranje &#8211; briketi za ugljen"},"content":{"rendered":"<p><a href=\"http:\/\/tehnopan.com\/w\/wp-content\/uploads\/2010\/08\/briketirka-2901.jpeg\"><img loading=\"lazy\" decoding=\"async\" class=\"alignnone size-full wp-image-756\" title=\"briketirka 290\" alt=\"\" src=\"http:\/\/tehnopan.com\/w\/wp-content\/uploads\/2010\/08\/briketirka-2901.jpeg\" width=\"531\" height=\"410\" srcset=\"https:\/\/tehnopan.com\/w\/wp-content\/uploads\/2010\/08\/briketirka-2901.jpeg 531w, https:\/\/tehnopan.com\/w\/wp-content\/uploads\/2010\/08\/briketirka-2901-300x231.jpeg 300w\" sizes=\"(max-width: 531px) 100vw, 531px\" \/><\/a><\/p>\n<p><strong>Briketiranje<\/strong> je postupak, sli\u010dan peletiranju, samo je proizvod druga\u010dijeg, ve\u0107eg oblika i razli\u010dit po formi. Briketiranje se naj\u010de\u0161\u0107e koristi u proizvodnji drvenog ugljena, te pilanama. <strong>Briketi<\/strong> mogu biti; cilindri\u010dni- promjera 60,80 100 mm, oblika &#8220;jastu\u010di\u0107a&#8221; i jajeta, razli\u010ditih mjera. Mi nudimo briketirke za ugljenu pra\u0161inu, koja se prethodno mora samljeti (jer se u postupku koriste i sitni, otpadi komadi\u0107i drvenog ugljena), dodati mu vezivo, te izmje\u0161ati u mje\u0161alici. Nakon toga smjesa ide na briketirku, gdje se pre\u0161a izme\u0111u 2 cilindri\u010dna valjka sa utisnutim kalupima, veli\u010dine i oblika prema \u017eelji. Jastu\u010di\u0107i padaju na izlazi trakasti transporter i idu na pakiranje.<\/p>\n<p>Tehni\u010dke karakteristike stroja za briketiranje;<\/p>\n<ul>\n<li>kapacitet 1 \u00a0t\/h<\/li>\n<li>promjer rolica- matrica 290 mm<\/li>\n<li>instalirano 5,5 kW<\/li>\n<li>te\u017eina stroja 720 kg<\/li>\n<li>Mjere stroja; 1780x1560x1950 mm<\/li>\n<\/ul>\n","protected":false},"excerpt":{"rendered":"<p>Briketiranje je postupak, sli\u010dan peletiranju, samo je proizvod druga\u010dijeg, ve\u0107eg oblika i razli\u010dit po formi. Briketiranje se naj\u010de\u0161\u0107e koristi u proizvodnji drvenog ugljena, te pilanama. Briketi mogu biti; cilindri\u010dni- promjera 60,80 100 mm, oblika &#8220;jastu\u010di\u0107a&#8221; i jajeta, razli\u010ditih mjera. Mi nudimo briketirke za ugljenu pra\u0161inu, koja se prethodno mora samljeti (jer se u postupku koriste&#8230;<\/p>\n","protected":false},"author":7,"featured_media":756,"parent":148,"menu_order":0,"comment_status":"closed","ping_status":"closed","template":"","meta":{"_monsterinsights_skip_tracking":false,"_monsterinsights_sitenote_active":false,"_monsterinsights_sitenote_note":"","_monsterinsights_sitenote_category":0,"footnotes":""},"tags":[50,49,21],"class_list":["post-751","page","type-page","status-publish","has-post-thumbnail","hentry","tag-briketi","tag-briketiranje","tag-strojevi-2"],"aioseo_notices":[],"_links":{"self":[{"href":"https:\/\/www.tehnopan.com\/w\/wp-json\/wp\/v2\/pages\/751"}],"collection":[{"href":"https:\/\/www.tehnopan.com\/w\/wp-json\/wp\/v2\/pages"}],"about":[{"href":"https:\/\/www.tehnopan.com\/w\/wp-json\/wp\/v2\/types\/page"}],"author":[{"embeddable":true,"href":"https:\/\/www.tehnopan.com\/w\/wp-json\/wp\/v2\/users\/7"}],"replies":[{"embeddable":true,"href":"https:\/\/www.tehnopan.com\/w\/wp-json\/wp\/v2\/comments?post=751"}],"version-history":[{"count":0,"href":"https:\/\/www.tehnopan.com\/w\/wp-json\/wp\/v2\/pages\/751\/revisions"}],"up":[{"embeddable":true,"href":"https:\/\/www.tehnopan.com\/w\/wp-json\/wp\/v2\/pages\/148"}],"wp:featuredmedia":[{"embeddable":true,"href":"https:\/\/www.tehnopan.com\/w\/wp-json\/wp\/v2\/media\/756"}],"wp:attachment":[{"href":"https:\/\/www.tehnopan.com\/w\/wp-json\/wp\/v2\/media?parent=751"}],"wp:term":[{"taxonomy":"post_tag","embeddable":true,"href":"https:\/\/www.tehnopan.com\/w\/wp-json\/wp\/v2\/tags?post=751"}],"curies":[{"name":"wp","href":"https:\/\/api.w.org\/{rel}","templated":true}]}}