{"id":768,"date":"2010-08-28T10:46:14","date_gmt":"2010-08-28T08:46:14","guid":{"rendered":"http:\/\/www.tehnopan.com\/w\/"},"modified":"2011-11-25T14:50:42","modified_gmt":"2011-11-25T12:50:42","slug":"mljevenje-i-sijanje","status":"publish","type":"page","link":"https:\/\/www.tehnopan.com\/w\/mljevenje-i-sijanje\/","title":{"rendered":"Mljevenje i sijanje"},"content":{"rendered":"<p style=\"text-align: justify;\">Postupci mljevenja (usitnjavanje, sitnjenje, razbijanje, dekomponiranje) i sijanja (razvrstavanje, prosijavanje, sortiranje, razdvajanje, odsijavanje) su osnovni postupci u velikom broju tehnologija; mlinarstvu, tvornicama sto\u010dne hrane, rudnicima, industriji gra\u0111evinskih materijala, kemijskoj industriji, industriji lijekova, industriji ljekovitog bilja, preradi drveta, zbrinjavanju otpada, proizvodnji granulata \u00a0i sl.<\/p>\n<p>Osnovne glavne vrste mljevenja su mlinovi;<\/p>\n<ul>\n<li>valj\u010dani (na valjke)<\/li>\n<li>\u010deki\u010dari<\/li>\n<li>mlin na kamen<\/li>\n<li>disk mlinovi<\/li>\n<li>prstasti mlinovi (stift, \u0161tift )<\/li>\n<li>mlin na \u0161ipke, mlinovi na kugle, konusni mlinovi<\/li>\n<li>Raynolds mlinovi<\/li>\n<li>ultrazvu\u010dni \u00a0mlinovi<\/li>\n<\/ul>\n<p><span style=\"font-size: medium;\"><span style=\"line-height: 24px;\"><span style=\"font-size: medium;\">Sita se mogu razvrstati na;<\/span><\/span><\/span><\/p>\n<ul>\n<li><span style=\"line-height: 19px;\"><span style=\"font-size: medium;\">Planska sita &#8211; ravna sita, sa kru\u017enim ili ekscentri\u010dnim gibanjem<\/span><\/span><\/li>\n<li><span style=\"font-size: medium;\">Centrifugalna (roto sita)<\/span><\/li>\n<li><span style=\"font-size: medium;\">Vibro sita<\/span><\/li>\n<li><span style=\"font-size: medium;\">Ultrazvu\u010dna<\/span><\/li>\n<\/ul>\n","protected":false},"excerpt":{"rendered":"<p>Postupci mljevenja (usitnjavanje, sitnjenje, razbijanje, dekomponiranje) i sijanja (razvrstavanje, prosijavanje, sortiranje, razdvajanje, odsijavanje) su osnovni postupci u velikom broju tehnologija; mlinarstvu, tvornicama sto\u010dne hrane, rudnicima, industriji gra\u0111evinskih materijala, kemijskoj industriji, industriji lijekova, industriji ljekovitog bilja, preradi drveta, zbrinjavanju otpada, proizvodnji granulata \u00a0i sl. Osnovne glavne vrste mljevenja su mlinovi; valj\u010dani (na valjke) \u010deki\u010dari mlin na&#8230;<\/p>\n","protected":false},"author":7,"featured_media":0,"parent":0,"menu_order":0,"comment_status":"closed","ping_status":"open","template":"","meta":{"_monsterinsights_skip_tracking":false,"_monsterinsights_sitenote_active":false,"_monsterinsights_sitenote_note":"","_monsterinsights_sitenote_category":0,"footnotes":""},"tags":[],"class_list":["post-768","page","type-page","status-publish","hentry"],"aioseo_notices":[],"_links":{"self":[{"href":"https:\/\/www.tehnopan.com\/w\/wp-json\/wp\/v2\/pages\/768"}],"collection":[{"href":"https:\/\/www.tehnopan.com\/w\/wp-json\/wp\/v2\/pages"}],"about":[{"href":"https:\/\/www.tehnopan.com\/w\/wp-json\/wp\/v2\/types\/page"}],"author":[{"embeddable":true,"href":"https:\/\/www.tehnopan.com\/w\/wp-json\/wp\/v2\/users\/7"}],"replies":[{"embeddable":true,"href":"https:\/\/www.tehnopan.com\/w\/wp-json\/wp\/v2\/comments?post=768"}],"version-history":[{"count":0,"href":"https:\/\/www.tehnopan.com\/w\/wp-json\/wp\/v2\/pages\/768\/revisions"}],"wp:attachment":[{"href":"https:\/\/www.tehnopan.com\/w\/wp-json\/wp\/v2\/media?parent=768"}],"wp:term":[{"taxonomy":"post_tag","embeddable":true,"href":"https:\/\/www.tehnopan.com\/w\/wp-json\/wp\/v2\/tags?post=768"}],"curies":[{"name":"wp","href":"https:\/\/api.w.org\/{rel}","templated":true}]}}