{"id":803,"date":"2010-08-28T14:18:50","date_gmt":"2010-08-28T12:18:50","guid":{"rendered":"http:\/\/www.tehnopan.com\/w\/"},"modified":"2015-01-28T14:55:39","modified_gmt":"2015-01-28T12:55:39","slug":"sita","status":"publish","type":"page","link":"https:\/\/www.tehnopan.com\/w\/mljevenje-i-sijanje\/sita\/","title":{"rendered":"Sita &#8211; ponuda"},"content":{"rendered":"<p>Na skladi\u0161tu imamo, ili vam mo\u017eemo uz savjet, nabaviti razne vrste i veli\u010dine novih i rabljenih sita za sijanje usitnjenog materijala ili medija kojeg treba sortirati po veli\u010dini, obliku ili specifi\u010dnoj te\u017eini.<\/p>\n<ul>\n<li>Kvadratno , rabljeno sito 800&#215;800 &#8211; 1\/3 sa pogonom<\/li>\n<li>Okruglo &#8220;O&#8221; sito \u00f8 600\/200\u00b5, laboratorijsko u INOX izvedbi, pogon 2,2 kW<\/li>\n<li>Okruglo &#8220;O&#8221; sito \u00f8 800 &#8211; 3 frakcije INOX &#8211; novo<\/li>\n<li>\u010cistilica krupice, \u010distilica griza 2 x 450- 3 redna, vibro pogon 2 x 600 W- novo<\/li>\n<li>Vibro sito 600&#215;1000 &#8211; 2 sita, vibro pogon 300 W<\/li>\n<li>Vibro sito za \u017eito ( aspirater ) 30 t\/h 1000x 200- 2 sita sa aspiracionim kanalom<\/li>\n<li>Aspirater sa \u017ei\u010danim pletivom 30 t\/h sa pogonom 1,5 kW<\/li>\n<li>Aspirater za mlin sa \u017ei\u010danim pletivom 6 t\/h sa pogonom 1,1 kW, aspiracioni kanal<\/li>\n<\/ul>\n\n\t\t<style type=\"text\/css\">\n\t\t\t#gallery-1 {\n\t\t\t\tmargin: auto;\n\t\t\t}\n\t\t\t#gallery-1 .gallery-item {\n\t\t\t\tfloat: left;\n\t\t\t\tmargin-top: 10px;\n\t\t\t\ttext-align: center;\n\t\t\t\twidth: 33%;\n\t\t\t}\n\t\t\t#gallery-1 img {\n\t\t\t\tborder: 2px solid #cfcfcf;\n\t\t\t}\n\t\t\t#gallery-1 .gallery-caption {\n\t\t\t\tmargin-left: 0;\n\t\t\t}\n\t\t\t\/* see gallery_shortcode() in wp-includes\/media.php *\/\n\t\t<\/style>\n\t\t<div id='gallery-1' class='gallery galleryid-803 gallery-columns-3 gallery-size-thumbnail'><dl class='gallery-item'>\n\t\t\t<dt class='gallery-icon landscape'>\n\t\t\t\t<a href='https:\/\/tehnopan.com\/w\/wp-content\/uploads\/2010\/08\/plan-sifter.jpg'><img loading=\"lazy\" decoding=\"async\" width=\"150\" height=\"150\" src=\"https:\/\/tehnopan.com\/w\/wp-content\/uploads\/2010\/08\/plan-sifter-150x150.jpg\" class=\"attachment-thumbnail size-thumbnail\" alt=\"\" srcset=\"https:\/\/tehnopan.com\/w\/wp-content\/uploads\/2010\/08\/plan-sifter-150x150.jpg 150w, https:\/\/tehnopan.com\/w\/wp-content\/uploads\/2010\/08\/plan-sifter-300x300.jpg 300w, https:\/\/tehnopan.com\/w\/wp-content\/uploads\/2010\/08\/plan-sifter-76x76.jpg 76w, https:\/\/tehnopan.com\/w\/wp-content\/uploads\/2010\/08\/plan-sifter-184x184.jpg 184w, https:\/\/tehnopan.com\/w\/wp-content\/uploads\/2010\/08\/plan-sifter.jpg 600w\" sizes=\"(max-width: 150px) 100vw, 150px\" \/><\/a>\n\t\t\t<\/dt><\/dl><dl class='gallery-item'>\n\t\t\t<dt class='gallery-icon portrait'>\n\t\t\t\t<a href='https:\/\/tehnopan.com\/w\/wp-content\/uploads\/2010\/08\/tarar.jpg'><img loading=\"lazy\" decoding=\"async\" width=\"150\" height=\"150\" src=\"https:\/\/tehnopan.com\/w\/wp-content\/uploads\/2010\/08\/tarar-150x150.jpg\" class=\"attachment-thumbnail size-thumbnail\" alt=\"\" srcset=\"https:\/\/tehnopan.com\/w\/wp-content\/uploads\/2010\/08\/tarar-150x150.jpg 150w, https:\/\/tehnopan.com\/w\/wp-content\/uploads\/2010\/08\/tarar-76x76.jpg 76w, https:\/\/tehnopan.com\/w\/wp-content\/uploads\/2010\/08\/tarar-184x184.jpg 184w\" sizes=\"(max-width: 150px) 100vw, 150px\" \/><\/a>\n\t\t\t<\/dt><\/dl><dl class='gallery-item'>\n\t\t\t<dt class='gallery-icon portrait'>\n\t\t\t\t<a href='https:\/\/tehnopan.com\/w\/wp-content\/uploads\/2010\/08\/ribalica.jpg'><img loading=\"lazy\" decoding=\"async\" width=\"150\" height=\"150\" src=\"https:\/\/tehnopan.com\/w\/wp-content\/uploads\/2010\/08\/ribalica-150x150.jpg\" class=\"attachment-thumbnail size-thumbnail\" alt=\"\" srcset=\"https:\/\/tehnopan.com\/w\/wp-content\/uploads\/2010\/08\/ribalica-150x150.jpg 150w, https:\/\/tehnopan.com\/w\/wp-content\/uploads\/2010\/08\/ribalica-76x76.jpg 76w, https:\/\/tehnopan.com\/w\/wp-content\/uploads\/2010\/08\/ribalica-184x184.jpg 184w\" sizes=\"(max-width: 150px) 100vw, 150px\" \/><\/a>\n\t\t\t<\/dt><\/dl><br style=\"clear: both\" \/><dl class='gallery-item'>\n\t\t\t<dt class='gallery-icon landscape'>\n\t\t\t\t<a href='https:\/\/tehnopan.com\/w\/wp-content\/uploads\/2010\/08\/aspirater.jpg'><img loading=\"lazy\" decoding=\"async\" width=\"150\" height=\"150\" src=\"https:\/\/tehnopan.com\/w\/wp-content\/uploads\/2010\/08\/aspirater-150x150.jpg\" class=\"attachment-thumbnail size-thumbnail\" alt=\"\" srcset=\"https:\/\/tehnopan.com\/w\/wp-content\/uploads\/2010\/08\/aspirater-150x150.jpg 150w, https:\/\/tehnopan.com\/w\/wp-content\/uploads\/2010\/08\/aspirater-76x76.jpg 76w, https:\/\/tehnopan.com\/w\/wp-content\/uploads\/2010\/08\/aspirater-184x184.jpg 184w\" sizes=\"(max-width: 150px) 100vw, 150px\" \/><\/a>\n\t\t\t<\/dt><\/dl><dl class='gallery-item'>\n\t\t\t<dt class='gallery-icon landscape'>\n\t\t\t\t<a href='https:\/\/tehnopan.com\/w\/wp-content\/uploads\/2010\/08\/Cistilica-krupice.jpg'><img loading=\"lazy\" decoding=\"async\" width=\"150\" height=\"150\" src=\"https:\/\/tehnopan.com\/w\/wp-content\/uploads\/2010\/08\/Cistilica-krupice-150x150.jpg\" class=\"attachment-thumbnail size-thumbnail\" alt=\"\" srcset=\"https:\/\/tehnopan.com\/w\/wp-content\/uploads\/2010\/08\/Cistilica-krupice-150x150.jpg 150w, https:\/\/tehnopan.com\/w\/wp-content\/uploads\/2010\/08\/Cistilica-krupice-76x76.jpg 76w, https:\/\/tehnopan.com\/w\/wp-content\/uploads\/2010\/08\/Cistilica-krupice-184x184.jpg 184w\" sizes=\"(max-width: 150px) 100vw, 150px\" \/><\/a>\n\t\t\t<\/dt><\/dl><dl class='gallery-item'>\n\t\t\t<dt class='gallery-icon portrait'>\n\t\t\t\t<a href='https:\/\/tehnopan.com\/w\/wp-content\/uploads\/2010\/08\/O-sito-INOX.jpg'><img loading=\"lazy\" decoding=\"async\" width=\"150\" height=\"150\" src=\"https:\/\/tehnopan.com\/w\/wp-content\/uploads\/2010\/08\/O-sito-INOX-150x150.jpg\" class=\"attachment-thumbnail size-thumbnail\" alt=\"\" srcset=\"https:\/\/tehnopan.com\/w\/wp-content\/uploads\/2010\/08\/O-sito-INOX-150x150.jpg 150w, https:\/\/tehnopan.com\/w\/wp-content\/uploads\/2010\/08\/O-sito-INOX-76x76.jpg 76w, https:\/\/tehnopan.com\/w\/wp-content\/uploads\/2010\/08\/O-sito-INOX-184x184.jpg 184w\" sizes=\"(max-width: 150px) 100vw, 150px\" \/><\/a>\n\t\t\t<\/dt><\/dl><br style=\"clear: both\" \/>\n\t\t<\/div>\n\n","protected":false},"excerpt":{"rendered":"<p>Na skladi\u0161tu imamo, ili vam mo\u017eemo uz savjet, nabaviti razne vrste i veli\u010dine novih i rabljenih sita za sijanje usitnjenog materijala ili medija kojeg treba sortirati po veli\u010dini, obliku ili specifi\u010dnoj te\u017eini. Kvadratno , rabljeno sito 800&#215;800 &#8211; 1\/3 sa pogonom Okruglo &#8220;O&#8221; sito \u00f8 600\/200\u00b5, laboratorijsko u INOX izvedbi, pogon 2,2 kW Okruglo &#8220;O&#8221;&#8230;<\/p>\n","protected":false},"author":7,"featured_media":879,"parent":768,"menu_order":0,"comment_status":"closed","ping_status":"closed","template":"","meta":{"_monsterinsights_skip_tracking":false,"_monsterinsights_sitenote_active":false,"_monsterinsights_sitenote_note":"","_monsterinsights_sitenote_category":0,"footnotes":""},"tags":[67,69],"class_list":["post-803","page","type-page","status-publish","has-post-thumbnail","hentry","tag-perforacije","tag-sita"],"aioseo_notices":[],"_links":{"self":[{"href":"https:\/\/www.tehnopan.com\/w\/wp-json\/wp\/v2\/pages\/803"}],"collection":[{"href":"https:\/\/www.tehnopan.com\/w\/wp-json\/wp\/v2\/pages"}],"about":[{"href":"https:\/\/www.tehnopan.com\/w\/wp-json\/wp\/v2\/types\/page"}],"author":[{"embeddable":true,"href":"https:\/\/www.tehnopan.com\/w\/wp-json\/wp\/v2\/users\/7"}],"replies":[{"embeddable":true,"href":"https:\/\/www.tehnopan.com\/w\/wp-json\/wp\/v2\/comments?post=803"}],"version-history":[{"count":1,"href":"https:\/\/www.tehnopan.com\/w\/wp-json\/wp\/v2\/pages\/803\/revisions"}],"predecessor-version":[{"id":2337,"href":"https:\/\/www.tehnopan.com\/w\/wp-json\/wp\/v2\/pages\/803\/revisions\/2337"}],"up":[{"embeddable":true,"href":"https:\/\/www.tehnopan.com\/w\/wp-json\/wp\/v2\/pages\/768"}],"wp:featuredmedia":[{"embeddable":true,"href":"https:\/\/www.tehnopan.com\/w\/wp-json\/wp\/v2\/media\/879"}],"wp:attachment":[{"href":"https:\/\/www.tehnopan.com\/w\/wp-json\/wp\/v2\/media?parent=803"}],"wp:term":[{"taxonomy":"post_tag","embeddable":true,"href":"https:\/\/www.tehnopan.com\/w\/wp-json\/wp\/v2\/tags?post=803"}],"curies":[{"name":"wp","href":"https:\/\/api.w.org\/{rel}","templated":true}]}}