{"id":821,"date":"2010-08-29T13:18:34","date_gmt":"2010-08-29T11:18:34","guid":{"rendered":"http:\/\/www.tehnopan.com\/w\/"},"modified":"2014-01-23T13:55:20","modified_gmt":"2014-01-23T11:55:20","slug":"ljustilica-ljustenje","status":"publish","type":"page","link":"https:\/\/www.tehnopan.com\/w\/strojevi\/ljustilica-ljustenje\/","title":{"rendered":"Lju\u0161tilica &#8211; lju\u0161tenje"},"content":{"rendered":"<p style=\"text-align: justify;\"><strong>Lju\u0161tenje<\/strong> je postupak odvajanja ljuske od endosperma (uporabljivog dijela ploda, sjemenke, \u017eitarice ili leguminoza). Zrno se mo\u017ee lju\u0161titi uz pomo\u0107 kamenog ulo\u0161ka. obloge, \u017ei\u010danog pletiva (Croise pletivo &#8211; kroaze ), perforiranog lima, \u00a0tvrde gume na valjcima, trenja zrno o zrno u ograni\u010denom prostoru, izme\u0111u para kamenova i sl. Postupak mo\u017ee biti \u0161ar\u017eni ili proto\u010dni. U pravilu su strojevi integrirani sa ventilatorom, koji izvla\u010di olju\u0161tenu ljusku, koju je kasnije potrebno odvojiti od zraka u ciklonu ili filterskom odvaja\u010du.<\/p>\n<p style=\"text-align: justify;\">Na skladi\u0161tu imamo dvije vrste proto\u010dnih <strong>lju\u0161tilica<\/strong> za je\u010dam i sli\u010dne sirovine, kapaciteta 80 i 350 kg\/h.<\/p>\n<p style=\"text-align: center;\"><a href=\"http:\/\/tehnopan.com\/w\/wp-content\/uploads\/2010\/11\/ljustilica.jpg\"><img loading=\"lazy\" decoding=\"async\" class=\"size-full wp-image-1118 aligncenter\" title=\"Lju\u0161tilica\" alt=\"Lju\u0161tilica za je\u010dam\" src=\"http:\/\/tehnopan.com\/w\/wp-content\/uploads\/2010\/11\/ljustilica.jpg\" width=\"310\" height=\"600\" srcset=\"https:\/\/tehnopan.com\/w\/wp-content\/uploads\/2010\/11\/ljustilica.jpg 310w, https:\/\/tehnopan.com\/w\/wp-content\/uploads\/2010\/11\/ljustilica-155x300.jpg 155w\" sizes=\"(max-width: 310px) 100vw, 310px\" \/><\/a><a href=\"http:\/\/tehnopan.com\/w\/wp-content\/uploads\/2010\/11\/ljustilica_2.jpg\"><img loading=\"lazy\" decoding=\"async\" class=\"size-full wp-image-1117 aligncenter\" title=\"Lju\u0161tilica\" alt=\"Lu\u0161tilica\" src=\"http:\/\/tehnopan.com\/w\/wp-content\/uploads\/2010\/11\/ljustilica_2.jpg\" width=\"423\" height=\"557\" srcset=\"https:\/\/tehnopan.com\/w\/wp-content\/uploads\/2010\/11\/ljustilica_2.jpg 423w, https:\/\/tehnopan.com\/w\/wp-content\/uploads\/2010\/11\/ljustilica_2-227x300.jpg 227w\" sizes=\"(max-width: 423px) 100vw, 423px\" \/><\/a><\/p>\n","protected":false},"excerpt":{"rendered":"<p>Lju\u0161tenje je postupak odvajanja ljuske od endosperma (uporabljivog dijela ploda, sjemenke, \u017eitarice ili leguminoza). Zrno se mo\u017ee lju\u0161titi uz pomo\u0107 kamenog ulo\u0161ka. obloge, \u017ei\u010danog pletiva (Croise pletivo &#8211; kroaze ), perforiranog lima, \u00a0tvrde gume na valjcima, trenja zrno o zrno u ograni\u010denom prostoru, izme\u0111u para kamenova i sl. Postupak mo\u017ee biti \u0161ar\u017eni ili proto\u010dni. U&#8230;<\/p>\n","protected":false},"author":7,"featured_media":1118,"parent":148,"menu_order":0,"comment_status":"closed","ping_status":"closed","template":"","meta":{"_monsterinsights_skip_tracking":false,"_monsterinsights_sitenote_active":false,"_monsterinsights_sitenote_note":"","_monsterinsights_sitenote_category":0,"footnotes":""},"tags":[51,21],"class_list":["post-821","page","type-page","status-publish","has-post-thumbnail","hentry","tag-ljustenje","tag-strojevi-2"],"aioseo_notices":[],"_links":{"self":[{"href":"https:\/\/www.tehnopan.com\/w\/wp-json\/wp\/v2\/pages\/821"}],"collection":[{"href":"https:\/\/www.tehnopan.com\/w\/wp-json\/wp\/v2\/pages"}],"about":[{"href":"https:\/\/www.tehnopan.com\/w\/wp-json\/wp\/v2\/types\/page"}],"author":[{"embeddable":true,"href":"https:\/\/www.tehnopan.com\/w\/wp-json\/wp\/v2\/users\/7"}],"replies":[{"embeddable":true,"href":"https:\/\/www.tehnopan.com\/w\/wp-json\/wp\/v2\/comments?post=821"}],"version-history":[{"count":0,"href":"https:\/\/www.tehnopan.com\/w\/wp-json\/wp\/v2\/pages\/821\/revisions"}],"up":[{"embeddable":true,"href":"https:\/\/www.tehnopan.com\/w\/wp-json\/wp\/v2\/pages\/148"}],"wp:featuredmedia":[{"embeddable":true,"href":"https:\/\/www.tehnopan.com\/w\/wp-json\/wp\/v2\/media\/1118"}],"wp:attachment":[{"href":"https:\/\/www.tehnopan.com\/w\/wp-json\/wp\/v2\/media?parent=821"}],"wp:term":[{"taxonomy":"post_tag","embeddable":true,"href":"https:\/\/www.tehnopan.com\/w\/wp-json\/wp\/v2\/tags?post=821"}],"curies":[{"name":"wp","href":"https:\/\/api.w.org\/{rel}","templated":true}]}}