{"id":979,"date":"2010-09-16T15:18:15","date_gmt":"2010-09-16T13:18:15","guid":{"rendered":"http:\/\/www.tehnopan.com\/w\/"},"modified":"2015-01-15T23:07:19","modified_gmt":"2015-01-15T21:07:19","slug":"mjesanje-i-mjesalice","status":"publish","type":"page","link":"https:\/\/www.tehnopan.com\/w\/strojevi\/mjesanje-i-mjesalice\/","title":{"rendered":"Mje\u0161anje i mje\u0161alice"},"content":{"rendered":"<p>U mnogim industrijama primjenjuje se postupak mje\u0161anja vi\u0161e komponenata, raznih tvari uz dodavanje teku\u0107ina ili bez, kako bi se dobio novi proizvod. U tu svrhu koriste se mje\u0161alice, koje se sve vi\u0161e specijaliziraju, kako bi se najbolje prilagodile tra\u017eenom finalnom proizvodu. Naj\u010de\u0161\u0107e se koriste protustrujne horizontalne mje\u0161alice, mje\u0161alice sa paletama, jedno i dvoosovinske, te tzv. &#8220;Nauta&#8221; konusne &#8211; planetarne mje\u0161alice. Za najvi\u0161i stupanj umje\u0161anosti, koriste se tzv. &#8220;V&#8221; mje\u0161alice laboratorijskog tipa, koje umje\u0161avajtu robu tako da svakim okretom dijele sadr\u017eaj na dvije jednake polovice, te pri tome ne o\u0161te\u0107uju medij. Posebno je va\u017eno da se umje\u0161ana roba odmah ispu\u0161ta na pakiranje, kako u transportu nebi do\u0161lo do segregacije &#8211; razslojavanja komponenata, koje su prisutne u mikro jedinicama. Tako\u0111er je va\u017eno da se kod pra\u017enjenja sadr\u017eaj isprazni u cijelosti, kako nebi do\u0161lo do poreme\u0107enja omjera prilikom slijede\u0107eg punjenja.<\/p>\n<p>&nbsp;<\/p>\n","protected":false},"excerpt":{"rendered":"<p>U mnogim industrijama primjenjuje se postupak mje\u0161anja vi\u0161e komponenata, raznih tvari uz dodavanje teku\u0107ina ili bez, kako bi se dobio novi proizvod. U tu svrhu koriste se mje\u0161alice, koje se sve vi\u0161e specijaliziraju, kako bi se najbolje prilagodile tra\u017eenom finalnom proizvodu. Naj\u010de\u0161\u0107e se koriste protustrujne horizontalne mje\u0161alice, mje\u0161alice sa paletama, jedno i dvoosovinske, te tzv&#8230;.<\/p>\n","protected":false},"author":7,"featured_media":980,"parent":148,"menu_order":0,"comment_status":"closed","ping_status":"open","template":"","meta":{"_monsterinsights_skip_tracking":false,"_monsterinsights_sitenote_active":false,"_monsterinsights_sitenote_note":"","_monsterinsights_sitenote_category":0,"footnotes":""},"tags":[21],"class_list":["post-979","page","type-page","status-publish","has-post-thumbnail","hentry","tag-strojevi-2"],"aioseo_notices":[],"_links":{"self":[{"href":"https:\/\/www.tehnopan.com\/w\/wp-json\/wp\/v2\/pages\/979"}],"collection":[{"href":"https:\/\/www.tehnopan.com\/w\/wp-json\/wp\/v2\/pages"}],"about":[{"href":"https:\/\/www.tehnopan.com\/w\/wp-json\/wp\/v2\/types\/page"}],"author":[{"embeddable":true,"href":"https:\/\/www.tehnopan.com\/w\/wp-json\/wp\/v2\/users\/7"}],"replies":[{"embeddable":true,"href":"https:\/\/www.tehnopan.com\/w\/wp-json\/wp\/v2\/comments?post=979"}],"version-history":[{"count":0,"href":"https:\/\/www.tehnopan.com\/w\/wp-json\/wp\/v2\/pages\/979\/revisions"}],"up":[{"embeddable":true,"href":"https:\/\/www.tehnopan.com\/w\/wp-json\/wp\/v2\/pages\/148"}],"wp:featuredmedia":[{"embeddable":true,"href":"https:\/\/www.tehnopan.com\/w\/wp-json\/wp\/v2\/media\/980"}],"wp:attachment":[{"href":"https:\/\/www.tehnopan.com\/w\/wp-json\/wp\/v2\/media?parent=979"}],"wp:term":[{"taxonomy":"post_tag","embeddable":true,"href":"https:\/\/www.tehnopan.com\/w\/wp-json\/wp\/v2\/tags?post=979"}],"curies":[{"name":"wp","href":"https:\/\/api.w.org\/{rel}","templated":true}]}}